{"id":10728,"date":"2024-03-04T11:46:48","date_gmt":"2024-03-04T10:46:48","guid":{"rendered":"https:\/\/nauticacolonia2.aplicacionesinteligentes.es\/hivernatge\/"},"modified":"2024-03-20T08:39:45","modified_gmt":"2024-03-20T07:39:45","slug":"hivernatge","status":"publish","type":"page","link":"https:\/\/nauticacolonia.com\/ca\/hivernatge\/","title":{"rendered":"Hivernatge"},"content":{"rendered":"\t\t<div data-elementor-type=\"wp-page\" data-elementor-id=\"10728\" class=\"elementor elementor-10728 elementor-4320\" data-elementor-post-type=\"page\">\n\t\t\t\t<div class=\"elementor-element elementor-element-6d0746c e-flex e-con-boxed e-con e-parent\" data-id=\"6d0746c\" data-element_type=\"container\">\n\t\t\t\t\t<div class=\"e-con-inner\">\n\t\t\t\t<div class=\"elementor-element elementor-element-d8bad41 elementor-widget elementor-widget-heading\" data-id=\"d8bad41\" data-element_type=\"widget\" data-widget_type=\"heading.default\">\n\t\t\t\t<div class=\"elementor-widget-container\">\n\t\t\t<h2 class=\"elementor-heading-title elementor-size-default\">Quan acaba la temporada de navegar... ens fem c\u00e0rrec de la teva embarcaci\u00f3!<\/h2>\t\t<\/div>\n\t\t\t\t<\/div>\n\t\t\t\t<div class=\"elementor-element elementor-element-f8c77de elementor-widget elementor-widget-text-editor\" data-id=\"f8c77de\" data-element_type=\"widget\" data-widget_type=\"text-editor.default\">\n\t\t\t\t<div class=\"elementor-widget-container\">\n\t\t\t\t\t\t\t<p>Si est\u00e0s buscant un espai per a l&#8217;hivernatge del teu vaixell, a N\u00e0utica Col\u00f2nia posem a la teva disposici\u00f3 el nostre servei de cust\u00f2dia i hivernatge d&#8217;embarcacions. Disposem d&#8217;instal\u00b7lacions molt a prop de Col\u00f2nia de Sant Jordi on posar a salvament de temporals i del deteriorament hivernal el teu vaixell.<\/p>\n<p>Tu decideixes quan comen\u00e7a i acaba la teva temporada de navegaci\u00f3, nosaltres ens adaptem a les teves necessitats i ens encarreguem del transport fins a la zona d&#8217;hivernatge.<\/p>\n<p>A m\u00e9s, pots aprofitar l&#8217;estada a les nostres instal\u00b7lacions perqu\u00e8 el nostre equip realitzi els treballs de manteniment o reparacions necess\u00e0ries perqu\u00e8 la teva embarcaci\u00f3 estigui a punt per a la propera temporada.<\/p>\n\t\t\t\t\t\t<\/div>\n\t\t\t\t<\/div>\n\t\t\t\t<div class=\"elementor-element elementor-element-d592781 elementor-widget elementor-widget-wpforms\" data-id=\"d592781\" data-element_type=\"widget\" data-widget_type=\"wpforms.default\">\n\t\t\t\t<div class=\"elementor-widget-container\">\n\t\t\t<style id=\"wpforms-css-vars-elementor-widget-d592781\">\n\t\t\t\t.elementor-widget-wpforms.elementor-element-d592781 {\n\t\t\t\t--wpforms-button-background-color: #203378;\n--wpforms-field-size-input-height: 43px;\n--wpforms-field-size-input-spacing: 15px;\n--wpforms-field-size-font-size: 16px;\n--wpforms-field-size-line-height: 19px;\n--wpforms-field-size-padding-h: 14px;\n--wpforms-field-size-checkbox-size: 16px;\n--wpforms-field-size-sublabel-spacing: 5px;\n--wpforms-field-size-icon-size: 1;\n--wpforms-label-size-font-size: 16px;\n--wpforms-label-size-line-height: 19px;\n--wpforms-label-size-sublabel-font-size: 14px;\n--wpforms-label-size-sublabel-line-height: 17px;\n--wpforms-button-size-font-size: 17px;\n--wpforms-button-size-height: 41px;\n--wpforms-button-size-padding-h: 15px;\n--wpforms-button-size-margin-top: 10px;\n\n\t\t\t}\n\t\t\t<\/style><div class=\"wpforms-container wpforms-container-full wpforms-render-modern\" id=\"wpforms-3433\"><form id=\"wpforms-form-3433\" class=\"wpforms-validate wpforms-form wpforms-ajax-form\" data-formid=\"3433\" method=\"post\" enctype=\"multipart\/form-data\" action=\"\/ca\/wp-json\/wp\/v2\/pages\/10728\" data-token=\"1858e794f109ca4aa8d600fe592b629a\" data-token-time=\"1775298764\"><div class=\"wpforms-head-container\"><div class=\"wpforms-title\">Sol\u00b7licita informaci\u00f3 sense comprom\u00eds<\/div><\/div><noscript class=\"wpforms-error-noscript\">Activeu el JavaScript al navegador per a poder completar el formulari.<\/noscript><div class=\"wpforms-hidden\" id=\"wpforms-error-noscript\">Activeu el JavaScript al navegador per a poder completar el formulari.<\/div><div class=\"wpforms-field-container\"><div id=\"wpforms-3433-field_0-container\" class=\"wpforms-field wpforms-field-name wpforms-one-half wpforms-first\" data-field-id=\"0\"><label class=\"wpforms-field-label\" for=\"wpforms-3433-field_0\">Nom <span class=\"wpforms-required-label\" aria-hidden=\"true\">*<\/span><\/label><input type=\"text\" id=\"wpforms-3433-field_0\" class=\"wpforms-field-large wpforms-field-required\" name=\"wpforms[fields][0]\" aria-errormessage=\"wpforms-3433-field_0-error\" required><\/div><div id=\"wpforms-3433-field_6-container\" class=\"wpforms-field wpforms-field-text wpforms-one-half\" data-field-id=\"6\"><label class=\"wpforms-field-label\" for=\"wpforms-3433-field_6\">Cognoms <span class=\"wpforms-required-label\" aria-hidden=\"true\">*<\/span><\/label><input type=\"text\" id=\"wpforms-3433-field_6\" class=\"wpforms-field-large wpforms-field-required\" name=\"wpforms[fields][6]\" aria-errormessage=\"wpforms-3433-field_6-error\" required><\/div><div id=\"wpforms-3433-field_4-container\" class=\"wpforms-field wpforms-field-text wpforms-one-half wpforms-first\" data-field-id=\"4\"><label class=\"wpforms-field-label\" for=\"wpforms-3433-field_4\">Tel\u00e8fon <span class=\"wpforms-required-label\" aria-hidden=\"true\">*<\/span><\/label><input type=\"text\" id=\"wpforms-3433-field_4\" class=\"wpforms-field-large wpforms-field-required wpforms-masked-input\" data-rule-inputmask-incomplete=\"1\" data-inputmask-mask=\"[+99 ]999999999\" name=\"wpforms[fields][4]\" aria-errormessage=\"wpforms-3433-field_4-error\" required><\/div><div id=\"wpforms-3433-field_1-container\" class=\"wpforms-field wpforms-field-email wpforms-one-half\" data-field-id=\"1\"><label class=\"wpforms-field-label\" for=\"wpforms-3433-field_1\">Correu electr\u00f2nic <span class=\"wpforms-required-label\" aria-hidden=\"true\">*<\/span><\/label><input type=\"email\" id=\"wpforms-3433-field_1\" class=\"wpforms-field-large wpforms-field-required\" name=\"wpforms[fields][1]\" spellcheck=\"false\" aria-errormessage=\"wpforms-3433-field_1-error\" required><\/div><div id=\"wpforms-3433-field_2-container\" class=\"wpforms-field wpforms-field-textarea syr-contactform__comment\" data-field-id=\"2\"><label class=\"wpforms-field-label\" for=\"wpforms-3433-field_2\">Missatge <span class=\"wpforms-required-label\" aria-hidden=\"true\">*<\/span><\/label><textarea id=\"wpforms-3433-field_2\" class=\"wpforms-field-medium wpforms-field-required\" name=\"wpforms[fields][2]\" aria-errormessage=\"wpforms-3433-field_2-error\" required><\/textarea><\/div><div id=\"wpforms-3433-field_5-container\" class=\"wpforms-field wpforms-field-checkbox\" data-field-id=\"5\"><fieldset><legend class=\"wpforms-field-label\">  <span class=\"wpforms-required-label\" aria-hidden=\"true\">*<\/span><\/legend><ul id=\"wpforms-3433-field_5\" class=\"wpforms-field-required\" data-choice-limit=\"1\"><li class=\"choice-1 depth-1\"><input type=\"checkbox\" id=\"wpforms-3433-field_5_1\" data-rule-check-limit=\"true\" name=\"wpforms[fields][5][]\" value=\"He llegit i accepto el &lt;a href=&quot;\/&quot;&gt;Av\u00eds Legal i la Pol\u00edtica de Privacitat&lt;\/a&gt;\n\n\" aria-errormessage=\"wpforms-3433-field_5_1-error\" required ><label class=\"wpforms-field-label-inline\" for=\"wpforms-3433-field_5_1\">He llegit i accepto el <a href=\"\/\">Av\u00eds Legal i la Pol\u00edtica de Privacitat<\/a><\/label><\/li><\/ul><\/fieldset><\/div><\/div><!-- .wpforms-field-container --><div class=\"wpforms-recaptcha-container wpforms-is-recaptcha wpforms-is-recaptcha-type-v3\" ><input type=\"hidden\" name=\"wpforms[recaptcha]\" value=\"\"><\/div><div class=\"wpforms-submit-container\" ><input type=\"hidden\" name=\"wpforms[id]\" value=\"3433\"><input type=\"hidden\" name=\"page_title\" value=\"\"><input type=\"hidden\" name=\"page_url\" value=\"https:\/\/nauticacolonia.com\/ca\/wp-json\/wp\/v2\/pages\/10728\"><input type=\"hidden\" name=\"url_referer\" value=\"\"><button type=\"submit\" name=\"wpforms[submit]\" id=\"wpforms-submit-3433\" class=\"wpforms-submit\" data-alt-text=\"Enviando...\" data-submit-text=\"Enviar\" aria-live=\"assertive\" value=\"wpforms-submit\">Enviar<\/button><img decoding=\"async\" src=\"https:\/\/nauticacolonia.com\/wp-content\/plugins\/wpforms-lite\/assets\/images\/submit-spin.svg\" class=\"wpforms-submit-spinner\" style=\"display: none;\" width=\"26\" height=\"26\" alt=\"S&#039;est\u00e0 carregant\"><\/div><\/form><\/div>  <!-- .wpforms-container -->\t\t<\/div>\n\t\t\t\t<\/div>\n\t\t\t\t\t<\/div>\n\t\t\t\t<\/div>\n\t\t\t\t<\/div>\n\t\t","protected":false},"excerpt":{"rendered":"<p>Quan acaba la temporada de navegar&#8230; ens fem c\u00e0rrec de la teva embarcaci\u00f3! Si est\u00e0s buscant un espai per a l&#8217;hivernatge del teu vaixell, a N\u00e0utica Col\u00f2nia posem a la teva disposici\u00f3 el nostre servei de cust\u00f2dia i hivernatge d&#8217;embarcacions. Disposem d&#8217;instal\u00b7lacions molt a prop de Col\u00f2nia de Sant Jordi on posar a salvament de &#8230;<\/p>\n","protected":false},"author":1,"featured_media":0,"parent":0,"menu_order":0,"comment_status":"closed","ping_status":"closed","template":"","meta":{"inline_featured_image":false,"footnotes":""},"class_list":["post-10728","page","type-page","status-publish","hentry"],"yoast_head":"<!-- This site is optimized with the Yoast SEO plugin v24.7 - https:\/\/yoast.com\/wordpress\/plugins\/seo\/ -->\n<title>Hivernatge - N\u00e1utica Colonia<\/title>\n<meta name=\"robots\" content=\"index, follow, max-snippet:-1, max-image-preview:large, max-video-preview:-1\" \/>\n<link rel=\"canonical\" href=\"https:\/\/nauticacolonia.com\/ca\/hivernatge\/\" \/>\n<meta property=\"og:locale\" content=\"ca_ES\" \/>\n<meta property=\"og:type\" content=\"article\" \/>\n<meta property=\"og:title\" content=\"Hivernatge - N\u00e1utica Colonia\" \/>\n<meta property=\"og:description\" content=\"Quan acaba la temporada de navegar&#8230; ens fem c\u00e0rrec de la teva embarcaci\u00f3! Si est\u00e0s buscant un espai per a l&#8217;hivernatge del teu vaixell, a N\u00e0utica Col\u00f2nia posem a la teva disposici\u00f3 el nostre servei de cust\u00f2dia i hivernatge d&#8217;embarcacions. Disposem d&#8217;instal\u00b7lacions molt a prop de Col\u00f2nia de Sant Jordi on posar a salvament de ...\" \/>\n<meta property=\"og:url\" content=\"https:\/\/nauticacolonia.com\/ca\/hivernatge\/\" \/>\n<meta property=\"og:site_name\" content=\"N\u00e1utica Colonia\" \/>\n<meta property=\"article:modified_time\" content=\"2024-03-20T07:39:45+00:00\" \/>\n<meta property=\"og:image\" content=\"https:\/\/nauticacolonia2.aplicacionesinteligentes.es\/wp-content\/plugins\/wpforms-lite\/assets\/images\/submit-spin.svg\" \/>\n<meta name=\"twitter:card\" content=\"summary_large_image\" \/>\n<meta name=\"twitter:label1\" content=\"Temps estimat de lectura\" \/>\n\t<meta name=\"twitter:data1\" content=\"1 minut\" \/>\n<script type=\"application\/ld+json\" class=\"yoast-schema-graph\">{\"@context\":\"https:\/\/schema.org\",\"@graph\":[{\"@type\":\"WebPage\",\"@id\":\"https:\/\/nauticacolonia.com\/ca\/hivernatge\/\",\"url\":\"https:\/\/nauticacolonia.com\/ca\/hivernatge\/\",\"name\":\"Hivernatge - N\u00e1utica Colonia\",\"isPartOf\":{\"@id\":\"https:\/\/nauticacolonia.com\/ca\/#website\"},\"primaryImageOfPage\":{\"@id\":\"https:\/\/nauticacolonia.com\/ca\/hivernatge\/#primaryimage\"},\"image\":{\"@id\":\"https:\/\/nauticacolonia.com\/ca\/hivernatge\/#primaryimage\"},\"thumbnailUrl\":\"https:\/\/nauticacolonia2.aplicacionesinteligentes.es\/wp-content\/plugins\/wpforms-lite\/assets\/images\/submit-spin.svg\",\"datePublished\":\"2024-03-04T10:46:48+00:00\",\"dateModified\":\"2024-03-20T07:39:45+00:00\",\"breadcrumb\":{\"@id\":\"https:\/\/nauticacolonia.com\/ca\/hivernatge\/#breadcrumb\"},\"inLanguage\":\"ca\",\"potentialAction\":[{\"@type\":\"ReadAction\",\"target\":[\"https:\/\/nauticacolonia.com\/ca\/hivernatge\/\"]}]},{\"@type\":\"ImageObject\",\"inLanguage\":\"ca\",\"@id\":\"https:\/\/nauticacolonia.com\/ca\/hivernatge\/#primaryimage\",\"url\":\"https:\/\/nauticacolonia2.aplicacionesinteligentes.es\/wp-content\/plugins\/wpforms-lite\/assets\/images\/submit-spin.svg\",\"contentUrl\":\"https:\/\/nauticacolonia2.aplicacionesinteligentes.es\/wp-content\/plugins\/wpforms-lite\/assets\/images\/submit-spin.svg\"},{\"@type\":\"BreadcrumbList\",\"@id\":\"https:\/\/nauticacolonia.com\/ca\/hivernatge\/#breadcrumb\",\"itemListElement\":[{\"@type\":\"ListItem\",\"position\":1,\"name\":\"Portada\",\"item\":\"https:\/\/nauticacolonia.com\/ca\/\"},{\"@type\":\"ListItem\",\"position\":2,\"name\":\"Hivernatge\"}]},{\"@type\":\"WebSite\",\"@id\":\"https:\/\/nauticacolonia.com\/ca\/#website\",\"url\":\"https:\/\/nauticacolonia.com\/ca\/\",\"name\":\"N\u00e1utica Colonia\",\"description\":\"\",\"potentialAction\":[{\"@type\":\"SearchAction\",\"target\":{\"@type\":\"EntryPoint\",\"urlTemplate\":\"https:\/\/nauticacolonia.com\/ca\/?s={search_term_string}\"},\"query-input\":{\"@type\":\"PropertyValueSpecification\",\"valueRequired\":true,\"valueName\":\"search_term_string\"}}],\"inLanguage\":\"ca\"}]}<\/script>\n<!-- \/ Yoast SEO plugin. -->","yoast_head_json":{"title":"Hivernatge - N\u00e1utica Colonia","robots":{"index":"index","follow":"follow","max-snippet":"max-snippet:-1","max-image-preview":"max-image-preview:large","max-video-preview":"max-video-preview:-1"},"canonical":"https:\/\/nauticacolonia.com\/ca\/hivernatge\/","og_locale":"ca_ES","og_type":"article","og_title":"Hivernatge - N\u00e1utica Colonia","og_description":"Quan acaba la temporada de navegar&#8230; ens fem c\u00e0rrec de la teva embarcaci\u00f3! Si est\u00e0s buscant un espai per a l&#8217;hivernatge del teu vaixell, a N\u00e0utica Col\u00f2nia posem a la teva disposici\u00f3 el nostre servei de cust\u00f2dia i hivernatge d&#8217;embarcacions. Disposem d&#8217;instal\u00b7lacions molt a prop de Col\u00f2nia de Sant Jordi on posar a salvament de ...","og_url":"https:\/\/nauticacolonia.com\/ca\/hivernatge\/","og_site_name":"N\u00e1utica Colonia","article_modified_time":"2024-03-20T07:39:45+00:00","og_image":[{"url":"https:\/\/nauticacolonia2.aplicacionesinteligentes.es\/wp-content\/plugins\/wpforms-lite\/assets\/images\/submit-spin.svg","type":"","width":"","height":""}],"twitter_card":"summary_large_image","twitter_misc":{"Temps estimat de lectura":"1 minut"},"schema":{"@context":"https:\/\/schema.org","@graph":[{"@type":"WebPage","@id":"https:\/\/nauticacolonia.com\/ca\/hivernatge\/","url":"https:\/\/nauticacolonia.com\/ca\/hivernatge\/","name":"Hivernatge - N\u00e1utica Colonia","isPartOf":{"@id":"https:\/\/nauticacolonia.com\/ca\/#website"},"primaryImageOfPage":{"@id":"https:\/\/nauticacolonia.com\/ca\/hivernatge\/#primaryimage"},"image":{"@id":"https:\/\/nauticacolonia.com\/ca\/hivernatge\/#primaryimage"},"thumbnailUrl":"https:\/\/nauticacolonia2.aplicacionesinteligentes.es\/wp-content\/plugins\/wpforms-lite\/assets\/images\/submit-spin.svg","datePublished":"2024-03-04T10:46:48+00:00","dateModified":"2024-03-20T07:39:45+00:00","breadcrumb":{"@id":"https:\/\/nauticacolonia.com\/ca\/hivernatge\/#breadcrumb"},"inLanguage":"ca","potentialAction":[{"@type":"ReadAction","target":["https:\/\/nauticacolonia.com\/ca\/hivernatge\/"]}]},{"@type":"ImageObject","inLanguage":"ca","@id":"https:\/\/nauticacolonia.com\/ca\/hivernatge\/#primaryimage","url":"https:\/\/nauticacolonia2.aplicacionesinteligentes.es\/wp-content\/plugins\/wpforms-lite\/assets\/images\/submit-spin.svg","contentUrl":"https:\/\/nauticacolonia2.aplicacionesinteligentes.es\/wp-content\/plugins\/wpforms-lite\/assets\/images\/submit-spin.svg"},{"@type":"BreadcrumbList","@id":"https:\/\/nauticacolonia.com\/ca\/hivernatge\/#breadcrumb","itemListElement":[{"@type":"ListItem","position":1,"name":"Portada","item":"https:\/\/nauticacolonia.com\/ca\/"},{"@type":"ListItem","position":2,"name":"Hivernatge"}]},{"@type":"WebSite","@id":"https:\/\/nauticacolonia.com\/ca\/#website","url":"https:\/\/nauticacolonia.com\/ca\/","name":"N\u00e1utica Colonia","description":"","potentialAction":[{"@type":"SearchAction","target":{"@type":"EntryPoint","urlTemplate":"https:\/\/nauticacolonia.com\/ca\/?s={search_term_string}"},"query-input":{"@type":"PropertyValueSpecification","valueRequired":true,"valueName":"search_term_string"}}],"inLanguage":"ca"}]}},"_links":{"self":[{"href":"https:\/\/nauticacolonia.com\/ca\/wp-json\/wp\/v2\/pages\/10728","targetHints":{"allow":["GET"]}}],"collection":[{"href":"https:\/\/nauticacolonia.com\/ca\/wp-json\/wp\/v2\/pages"}],"about":[{"href":"https:\/\/nauticacolonia.com\/ca\/wp-json\/wp\/v2\/types\/page"}],"author":[{"embeddable":true,"href":"https:\/\/nauticacolonia.com\/ca\/wp-json\/wp\/v2\/users\/1"}],"replies":[{"embeddable":true,"href":"https:\/\/nauticacolonia.com\/ca\/wp-json\/wp\/v2\/comments?post=10728"}],"version-history":[{"count":1,"href":"https:\/\/nauticacolonia.com\/ca\/wp-json\/wp\/v2\/pages\/10728\/revisions"}],"predecessor-version":[{"id":10729,"href":"https:\/\/nauticacolonia.com\/ca\/wp-json\/wp\/v2\/pages\/10728\/revisions\/10729"}],"wp:attachment":[{"href":"https:\/\/nauticacolonia.com\/ca\/wp-json\/wp\/v2\/media?parent=10728"}],"curies":[{"name":"wp","href":"https:\/\/api.w.org\/{rel}","templated":true}]}}