{"id":10783,"date":"2024-02-29T13:48:45","date_gmt":"2024-02-29T12:48:45","guid":{"rendered":"https:\/\/nauticacolonia2.aplicacionesinteligentes.es\/termes-i-condicions\/"},"modified":"2024-02-29T13:48:45","modified_gmt":"2024-02-29T12:48:45","slug":"termes-i-condicions","status":"publish","type":"page","link":"https:\/\/nauticacolonia.com\/ca\/termes-i-condicions\/","title":{"rendered":"Termes i condicions"},"content":{"rendered":"<div class=\"page-content-skeleton mobile-margin\">\n<section>\n<div class=\"page-content-skeleton top-content padding-top-nav margin-bottom-reduced\">\n<h1 class=\"pages-title\">CONDICIONS GENERALS DE CONTRACTACI\u00d3<\/h1>\n<\/div>\n<div class=\"page-content-skeleton mobile-margin\"><\/div>\n<\/section>\n<section><\/section>\n<section class=\"section-content margin-top-reduced\">Aquest document contractual regir\u00e0 la contractaci\u00f3 de serveis a trav\u00e9s del lloc web nauticacolonia.com, propietat d&#8217;AUTO BOAT ROCA SL, d&#8217;ara endavant PRESTADOR. L&#8217;acceptaci\u00f3 d&#8217;aquest document comporta que l&#8217;USUARI:<\/p>\n<ul>\n<li>Ha llegit, ent\u00e9n i compren el que aqu\u00ed s&#8217;exposa.<\/li>\n<li>\u00c9s una persona amb capacitat suficient per contractar.<\/li>\n<li>Assumeix totes les obligacions aqu\u00ed disposades.<\/li>\n<\/ul>\n<p>Aquestes condicions tindran un per\u00edode de validesa indefinit i seran aplicables a totes les contractacions realitzades a trav\u00e9s del lloc web del PRESTADOR.<\/p>\n<p>El PRESTADOR informa que el comer\u00e7 \u00e9s responsable i coneix la legislaci\u00f3 vigent dels pa\u00efsos als quals ofereix els serveis, i es reserva el dret de modificar unilateralment les condicions, sense que aix\u00f2 pugui afectar els b\u00e9ns o promocions que foren adquirits pr\u00e8viament a la modificaci\u00f3.<\/p>\n<\/section>\n<\/div>\n<div class=\"page-content-skeleton mobile-margin\">\n<section class=\"section-content margin-top-reduced\">\n<h2>Identitat de les parts contractants<\/h2>\n<p>D&#8217;una banda, el prove\u00efdor dels b\u00e9ns o serveis contractats per l&#8217;USUARI \u00e9s AUTO BOAT ROCA SL, amb domicili social Explanada del Port, s\/n \u2013 07638 Col\u00f2nia de Sant Jordi (Illes Balears), NIF B07631948 i amb tel\u00e8fon d&#8217;atenci\u00f3 al client \/ USUARI 971655222.<\/p>\n<p>I de l&#8217;altra, l&#8217;USUARI, registrat al lloc web, i \u00e9s responsable de la veracitat de les dades personals facilitades al PRESTADOR.<\/p>\n<\/section>\n<\/div>\n<div class=\"page-content-skeleton mobile-margin\">\n<section class=\"section-content margin-top-reduced\">\n<h2>Objecte del contracte<\/h2>\n<p>Aquest contracte t\u00e9 per objecte regular la relaci\u00f3 contractual de lloguer d&#8217;embarcacions entre el PRESTADOR i l&#8217;USUARI en el moment que aquest accepta durant el proc\u00e9s de contractaci\u00f3 en l\u00ednia la casella corresponent.<\/p>\n<p>La relaci\u00f3 contractual de lloguer comporta l&#8217;entrega, a canvi d&#8217;un preu determinat i p\u00fablicament exposat a trav\u00e9s del lloc web, d&#8217;un servei concret.<\/p>\n<\/section>\n<\/div>\n<div class=\"page-content-skeleton mobile-margin\">\n<section class=\"section-content margin-top-reduced\">\n<h2>Procediment de contractaci\u00f3<\/h2>\n<p>L&#8217;USUARI, per poder accedir als serveis que ofereix el PRESTADOR, haur\u00e0 de proporcionar de manera lliure i volunt\u00e0ria les dades personals que se li requeriran, les quals es tractaran de conformitat amb el que disposa el Reglament (UE) 2016\/679, del 27 d&#8217;abril (GDPR), i la Llei Org\u00e0nica 3\/2018, del 5 de desembre (LOPDGDD), detallat en l&#8217;Av\u00eds legal i la Pol\u00edtica de privacitat d&#8217;aquest lloc web.<\/p>\n<p>Un cop l&#8217;USUARI ha introdu\u00eft les dades personals, s&#8217;informa que conforme al que exigeix l&#8217;article 27 de la Llei 34\/2002, de Serveis de la Societat de la Informaci\u00f3 i del Comer\u00e7 Electr\u00f2nic (LSSICE), el procediment de contractaci\u00f3 seguir\u00e0 els seg\u00fcents passos:<\/p>\n<ol>\n<li>Cl\u00e0usules generals de contractaci\u00f3.<\/li>\n<li>Reclamacions.<\/li>\n<li>For\u00e7a major.<\/li>\n<li>Compet\u00e8ncia<\/li>\n<li>Generalitats de l&#8217;oferta.<\/li>\n<li>Preu i termini de validesa de l&#8217;oferta.<\/li>\n<li>Forma de pagament, despeses i descomptes.<\/li>\n<li>Llei aplicable i jurisdicci\u00f3.<\/li>\n<li>CL\u00c0USULES GENERALS DE CONTRACTACI\u00d3<\/li>\n<\/ol>\n<\/section>\n<\/div>\n<div class=\"page-content-skeleton mobile-margin\">\n<section class=\"section-content margin-top-reduced\">\n<h2>1. CL\u00c1USULAS GENERALES DE CONTRATACI\u00d3N<\/h2>\n<p>Salvant estipulaci\u00f3 particular per escrit, la realitzaci\u00f3 d&#8217;una reserva al PRESTADOR suposar\u00e0 l&#8217;acceptaci\u00f3 per part de l&#8217;USUARI d&#8217;aquestes condicions legals. Cap estipulaci\u00f3 feta per l&#8217;USUARI podr\u00e0 diferir de les del PRESTADOR si no ha estat expressament acceptada per endavant i per escrit pel PRESTADOR.<\/p>\n<\/section>\n<\/div>\n<div class=\"page-content-skeleton mobile-margin\">\n<section class=\"section-content margin-top-reduced\">\n<h2>2. RECLAMACIONS<\/h2>\n<p>Qualsevol reclamaci\u00f3 que l&#8217;USUARI consideri oportuna ser\u00e0 atesa a la menor brevetat possible, podent-se realitzar a les seg\u00fcents adreces de contacte:<\/p>\n<p>Postal: AUTO BOAT ROCA SL, Explanada del Puerto, s\/n &#8211; 07638 Colonia de Sant Jordi (Illes Balears)<\/p>\n<p>Tel\u00e8fon: 971655222<\/p>\n<p>Correu: oficina@nauticacolonia.com<\/p>\n<\/section>\n<section class=\"section-content margin-top-reduced\">\n<h2>Resoluci\u00f3 de litigis en l\u00ednia (Online Dispute Resolution)<\/h2>\n<p>Conforme a l&#8217;Art. 14.1 del Reglament (UE) 524\/2013, la Comissi\u00f3 Europea facilita una plataforma d&#8217;acc\u00e9s gratu\u00eft per a la resoluci\u00f3 de conflictes en l\u00ednia entre l&#8217;USUARI i el PRESTADOR, sense necessitat de rec\u00f3rrer als tribunals de just\u00edcia, mitjan\u00e7ant la intervenci\u00f3 d&#8217;un tercer, anomenat Organisme de resoluci\u00f3 de litigis, que actua d&#8217;intermediari entre ambd\u00f3s. Aquest organisme \u00e9s neutral i dialogar\u00e0 amb ambdues parts per aconseguir un acord, podent finalment suggerir i\/o imposar una soluci\u00f3 al conflicte.<\/p>\n<p>Enlla\u00e7 a la plataforma ODR: http:\/\/ec.europa.eu\/consumers\/odr\/<\/p>\n<\/section>\n<\/div>\n<div class=\"page-content-skeleton mobile-margin\">\n<section class=\"section-content margin-top-reduced\">\n<h2>3. FOR\u00c7A MAJOR<\/h2>\n<p>Les parts no incorreran en responsabilitat davant qualsevol falta deguda a causa major. El compliment de l&#8217;obligaci\u00f3 es retardar\u00e0 fins al cessament del cas de for\u00e7a major.<\/p>\n<\/section>\n<\/div>\n<div class=\"page-content-skeleton mobile-margin\">\n<section class=\"section-content margin-top-reduced\">\n<h2>4. COMP\u00c8TENCIA<\/h2>\n<p>L&#8217;USUARI no podr\u00e0 cedir, transferir o transmetre els drets, responsabilitats i obligacions contractats en el lloguer.<\/p>\n<p>Si alguna estipulaci\u00f3 d&#8217;aquestes condicions fos considerada nul\u00b7la o d&#8217;impossible compliment, la validesa, legalitat i compliment de la resta no es veuran afectats de cap manera, ni patiran modificaci\u00f3 de cap manera.<\/p>\n<p>L&#8217;USUARI declara haver llegit, con\u00e8ixer i acceptar les presents Condicions Generals en tota la seva extensi\u00f3.<\/p>\n<\/section>\n<\/div>\n<div class=\"page-content-skeleton mobile-margin\">\n<section class=\"section-content margin-top-reduced\">\n<h2>5. GENERALITATS DE L&#8217;OFERTA<\/h2>\n<p>El lloguer d&#8217;embarcacions efectuat pel PRESTADOR s&#8217;entendran subjectes a aquestes Condicions Generals.<\/p>\n<p>Cap modificaci\u00f3, alteraci\u00f3 o pacte contrari a la Proposta Comercial d&#8217;AUTO BOAT ROCA SL o al que aqu\u00ed s&#8217;estipula, tindr\u00e0 efecte, llevat de pacte expr\u00e9s per escrit signat pel PRESTADOR, en aquest cas, aquests pactes particulars prevaldran.<\/p>\n<p>Davant els continus aven\u00e7os t\u00e8cnics i millores dels serveis, el PRESTADOR es reserva la facultat de modificar les seves especificacions respecte de la informaci\u00f3 facilitada en la seva publicitat, fins que no afecti el valor dels serveis oferts. Aquestes modificacions tindran igualment validesa en cas que, per qualsevol causa, es vei\u00e9s afectada la possibilitat de subministrament dels serveis oferts.<\/p>\n<\/section>\n<\/div>\n<div class=\"page-content-skeleton mobile-margin\">\n<section class=\"section-content margin-top-reduced\">\n<h2>6. PREU I TERMINI DE VALIDESA DE L&#8217;OFERTA<\/h2>\n<p>Els preus que s&#8217;indiquen respecte de cada lloguer inclouen l&#8217;Impost sobre el Valor Afegit (IVA) o altres impostos que poguessin ser aplicables. Aquests preus, tret que s&#8217;indiqui expressament el contrari, no inclouen les despeses d&#8217;enviament, manipulaci\u00f3, embolcall, asseguran\u00e7a d&#8217;enviaments o qualsevol altre servei addicional i annex al servei adquirit.<\/p>\n<p>Els preus aplicables a cada lloguer s\u00f3n els publicats al lloc web i s&#8217;expressaran en la moneda EURO. L&#8217;USUARI assumeix que la valoraci\u00f3 econ\u00f2mica d&#8217;alguns dels serveis podr\u00e0 variar en temps real.<\/p>\n<p>Un cop realitzada la reserva, els preus es mantindran tant si hi ha disponibilitat de serveis, com si no.<\/p>\n<p>Tot pagament realitzat al PRESTADOR comporta l&#8217;emissi\u00f3 d&#8217;una factura a nom de l&#8217;USUARI o de la ra\u00f3 social que aquest hagi informat en el moment de realitzar la reserva. Aquesta factura ser\u00e0 enviada juntament amb el servei adquirit a l&#8217;adre\u00e7a de correu electr\u00f2nic proporcionada per l&#8217;USUARI.<\/p>\n<p>Per a qualsevol informaci\u00f3 sobre la reserva, l&#8217;USUARI podr\u00e0 contactar a trav\u00e9s del tel\u00e8fon d&#8217;atenci\u00f3 al client del PRESTADOR 971655222 o via correu electr\u00f2nic a l&#8217;adre\u00e7a rgpd@nauticacolonia.com.<\/p>\n<\/section>\n<\/div>\n<div class=\"page-content-skeleton mobile-margin\">\n<section class=\"section-content margin-top-reduced\">\n<h2>7. FORMES DE PAGAMENT, C\u00c0RRECS I DESCOMPTES<\/h2>\n<p>El PRESTADOR possibilita les seg\u00fcents formes per efectuar el pagament d&#8217;una comanda:<\/p>\n<ul>\n<li>VISA, MASTERCARD, PAYPAL<\/li>\n<\/ul>\n<p>Pagament del 50% de l&#8217;embarcaci\u00f3 en concepte de reserva. La resta presencial (oficina) quan recullen embarcaci\u00f3.<\/p>\n<p>Els extres s&#8217;abonaran \u00edntegrament (100% de l&#8217;import) en el moment de la realitzaci\u00f3 de la reserva, juntament amb el 50% de l&#8217;embarcaci\u00f3.<\/p>\n<p>Fian\u00e7a:<\/p>\n<ul>\n<li>Es depositar\u00e0 presencialment mitjan\u00e7ant targeta VISA O MASTERCARD.\n<ul>\n<li>Embarcacions amb titulaci\u00f3: 1000\u20ac<\/li>\n<li>Embarcacions sense titulaci\u00f3: 500\u20ac<\/li>\n<\/ul>\n<\/li>\n<\/ul>\n<\/section>\n<\/div>\n<div class=\"page-content-skeleton mobile-margin\">\n<section class=\"section-content margin-top-reduced\">\n<h2>8. CANCEL\u00b7LACIONS I DEVOLUCIONS<\/h2>\n<ul>\n<li>Abans d&#8217;un mes: Devoluci\u00f3 del 100% de la reserva<\/li>\n<li>Abans de 15 dies: Devoluci\u00f3 del 50% de la reserva<\/li>\n<li>Menys de 15 dies: No hi ha devoluci\u00f3<\/li>\n<li>Cancel\u00b7laci\u00f3 per mala meteorologia: Recerca d&#8217;una altra data alternativa o devoluci\u00f3 del 100% de la reserva.<\/li>\n<li>Cancel\u00b7laci\u00f3 per avaria de l&#8217;embarcaci\u00f3: Recerca d&#8217;una altra data alternativa, embarcaci\u00f3 alternativa per al mateix horari o devoluci\u00f3 del 100% de la reserva<\/li>\n<\/ul>\n<\/section>\n<\/div>\n<div class=\"page-content-skeleton mobile-margin\">\n<section class=\"section-content margin-top-reduced\">\n<h2>4. LLEI APLICABLE I JURISDICCI\u00d3<\/h2>\n<p>Aquestes condicions es regiran o interpretaran conforme a la legislaci\u00f3 espanyola en all\u00f2 que no estigui expressament establert. El PRESTADOR i l&#8217;USUARI acorden sotmetre qualsevol controv\u00e8rsia que pogu\u00e9s sorgir de la prestaci\u00f3 dels serveis objecte d&#8217;aquestes Condicions als jutjats i tribunals del domicili de l&#8217;USUARI.<\/p>\n<p>En cas que l&#8217;USUARI tingui el seu domicili fora d&#8217;Espanya, el PRESTADOR i l&#8217;USUARI renuncien expressament a qualsevol altre f\u00f2rum, sotmetent-se als Jutjats i Tribunals m\u00e9s propers a la poblaci\u00f3 de Col\u00f2nia de Sant Jordi (Espanya).<\/p>\n<\/section>\n<\/div>\n","protected":false},"excerpt":{"rendered":"<p>CONDICIONS GENERALS DE CONTRACTACI\u00d3 Aquest document contractual regir\u00e0 la contractaci\u00f3 de serveis a trav\u00e9s del lloc web nauticacolonia.com, propietat d&#8217;AUTO BOAT ROCA SL, d&#8217;ara endavant PRESTADOR. L&#8217;acceptaci\u00f3 d&#8217;aquest document comporta que l&#8217;USUARI: Ha llegit, ent\u00e9n i compren el que aqu\u00ed s&#8217;exposa. \u00c9s una persona amb capacitat suficient per contractar. Assumeix totes les obligacions aqu\u00ed disposades. &#8230;<\/p>\n","protected":false},"author":1,"featured_media":0,"parent":0,"menu_order":0,"comment_status":"closed","ping_status":"closed","template":"terms_conditions.php","meta":{"inline_featured_image":false,"footnotes":""},"class_list":["post-10783","page","type-page","status-publish","hentry"],"yoast_head":"<!-- This site is optimized with the Yoast SEO plugin v24.7 - https:\/\/yoast.com\/wordpress\/plugins\/seo\/ -->\n<title>Termes i condicions - N\u00e1utica Colonia<\/title>\n<meta name=\"robots\" content=\"index, follow, max-snippet:-1, max-image-preview:large, max-video-preview:-1\" \/>\n<link rel=\"canonical\" href=\"https:\/\/nauticacolonia.com\/ca\/termes-i-condicions\/\" \/>\n<meta property=\"og:locale\" content=\"ca_ES\" \/>\n<meta property=\"og:type\" content=\"article\" \/>\n<meta property=\"og:title\" content=\"Termes i condicions - N\u00e1utica Colonia\" \/>\n<meta property=\"og:description\" content=\"CONDICIONS GENERALS DE CONTRACTACI\u00d3 Aquest document contractual regir\u00e0 la contractaci\u00f3 de serveis a trav\u00e9s del lloc web nauticacolonia.com, propietat d&#8217;AUTO BOAT ROCA SL, d&#8217;ara endavant PRESTADOR. L&#8217;acceptaci\u00f3 d&#8217;aquest document comporta que l&#8217;USUARI: Ha llegit, ent\u00e9n i compren el que aqu\u00ed s&#8217;exposa. \u00c9s una persona amb capacitat suficient per contractar. Assumeix totes les obligacions aqu\u00ed disposades. ...\" \/>\n<meta property=\"og:url\" content=\"https:\/\/nauticacolonia.com\/ca\/termes-i-condicions\/\" \/>\n<meta property=\"og:site_name\" content=\"N\u00e1utica Colonia\" \/>\n<meta name=\"twitter:card\" content=\"summary_large_image\" \/>\n<meta name=\"twitter:label1\" content=\"Temps estimat de lectura\" \/>\n\t<meta name=\"twitter:data1\" content=\"6 minuts\" \/>\n<script type=\"application\/ld+json\" class=\"yoast-schema-graph\">{\"@context\":\"https:\/\/schema.org\",\"@graph\":[{\"@type\":\"WebPage\",\"@id\":\"https:\/\/nauticacolonia.com\/ca\/termes-i-condicions\/\",\"url\":\"https:\/\/nauticacolonia.com\/ca\/termes-i-condicions\/\",\"name\":\"Termes i condicions - N\u00e1utica Colonia\",\"isPartOf\":{\"@id\":\"https:\/\/nauticacolonia.com\/ca\/#website\"},\"datePublished\":\"2024-02-29T12:48:45+00:00\",\"breadcrumb\":{\"@id\":\"https:\/\/nauticacolonia.com\/ca\/termes-i-condicions\/#breadcrumb\"},\"inLanguage\":\"ca\",\"potentialAction\":[{\"@type\":\"ReadAction\",\"target\":[\"https:\/\/nauticacolonia.com\/ca\/termes-i-condicions\/\"]}]},{\"@type\":\"BreadcrumbList\",\"@id\":\"https:\/\/nauticacolonia.com\/ca\/termes-i-condicions\/#breadcrumb\",\"itemListElement\":[{\"@type\":\"ListItem\",\"position\":1,\"name\":\"Portada\",\"item\":\"https:\/\/nauticacolonia.com\/ca\/\"},{\"@type\":\"ListItem\",\"position\":2,\"name\":\"Termes i condicions\"}]},{\"@type\":\"WebSite\",\"@id\":\"https:\/\/nauticacolonia.com\/ca\/#website\",\"url\":\"https:\/\/nauticacolonia.com\/ca\/\",\"name\":\"N\u00e1utica Colonia\",\"description\":\"\",\"potentialAction\":[{\"@type\":\"SearchAction\",\"target\":{\"@type\":\"EntryPoint\",\"urlTemplate\":\"https:\/\/nauticacolonia.com\/ca\/?s={search_term_string}\"},\"query-input\":{\"@type\":\"PropertyValueSpecification\",\"valueRequired\":true,\"valueName\":\"search_term_string\"}}],\"inLanguage\":\"ca\"}]}<\/script>\n<!-- \/ Yoast SEO plugin. -->","yoast_head_json":{"title":"Termes i condicions - N\u00e1utica Colonia","robots":{"index":"index","follow":"follow","max-snippet":"max-snippet:-1","max-image-preview":"max-image-preview:large","max-video-preview":"max-video-preview:-1"},"canonical":"https:\/\/nauticacolonia.com\/ca\/termes-i-condicions\/","og_locale":"ca_ES","og_type":"article","og_title":"Termes i condicions - N\u00e1utica Colonia","og_description":"CONDICIONS GENERALS DE CONTRACTACI\u00d3 Aquest document contractual regir\u00e0 la contractaci\u00f3 de serveis a trav\u00e9s del lloc web nauticacolonia.com, propietat d&#8217;AUTO BOAT ROCA SL, d&#8217;ara endavant PRESTADOR. L&#8217;acceptaci\u00f3 d&#8217;aquest document comporta que l&#8217;USUARI: Ha llegit, ent\u00e9n i compren el que aqu\u00ed s&#8217;exposa. \u00c9s una persona amb capacitat suficient per contractar. Assumeix totes les obligacions aqu\u00ed disposades. ...","og_url":"https:\/\/nauticacolonia.com\/ca\/termes-i-condicions\/","og_site_name":"N\u00e1utica Colonia","twitter_card":"summary_large_image","twitter_misc":{"Temps estimat de lectura":"6 minuts"},"schema":{"@context":"https:\/\/schema.org","@graph":[{"@type":"WebPage","@id":"https:\/\/nauticacolonia.com\/ca\/termes-i-condicions\/","url":"https:\/\/nauticacolonia.com\/ca\/termes-i-condicions\/","name":"Termes i condicions - N\u00e1utica Colonia","isPartOf":{"@id":"https:\/\/nauticacolonia.com\/ca\/#website"},"datePublished":"2024-02-29T12:48:45+00:00","breadcrumb":{"@id":"https:\/\/nauticacolonia.com\/ca\/termes-i-condicions\/#breadcrumb"},"inLanguage":"ca","potentialAction":[{"@type":"ReadAction","target":["https:\/\/nauticacolonia.com\/ca\/termes-i-condicions\/"]}]},{"@type":"BreadcrumbList","@id":"https:\/\/nauticacolonia.com\/ca\/termes-i-condicions\/#breadcrumb","itemListElement":[{"@type":"ListItem","position":1,"name":"Portada","item":"https:\/\/nauticacolonia.com\/ca\/"},{"@type":"ListItem","position":2,"name":"Termes i condicions"}]},{"@type":"WebSite","@id":"https:\/\/nauticacolonia.com\/ca\/#website","url":"https:\/\/nauticacolonia.com\/ca\/","name":"N\u00e1utica Colonia","description":"","potentialAction":[{"@type":"SearchAction","target":{"@type":"EntryPoint","urlTemplate":"https:\/\/nauticacolonia.com\/ca\/?s={search_term_string}"},"query-input":{"@type":"PropertyValueSpecification","valueRequired":true,"valueName":"search_term_string"}}],"inLanguage":"ca"}]}},"_links":{"self":[{"href":"https:\/\/nauticacolonia.com\/ca\/wp-json\/wp\/v2\/pages\/10783","targetHints":{"allow":["GET"]}}],"collection":[{"href":"https:\/\/nauticacolonia.com\/ca\/wp-json\/wp\/v2\/pages"}],"about":[{"href":"https:\/\/nauticacolonia.com\/ca\/wp-json\/wp\/v2\/types\/page"}],"author":[{"embeddable":true,"href":"https:\/\/nauticacolonia.com\/ca\/wp-json\/wp\/v2\/users\/1"}],"replies":[{"embeddable":true,"href":"https:\/\/nauticacolonia.com\/ca\/wp-json\/wp\/v2\/comments?post=10783"}],"version-history":[{"count":0,"href":"https:\/\/nauticacolonia.com\/ca\/wp-json\/wp\/v2\/pages\/10783\/revisions"}],"wp:attachment":[{"href":"https:\/\/nauticacolonia.com\/ca\/wp-json\/wp\/v2\/media?parent=10783"}],"curies":[{"name":"wp","href":"https:\/\/api.w.org\/{rel}","templated":true}]}}