{"id":10787,"date":"2024-02-29T13:53:07","date_gmt":"2024-02-29T12:53:07","guid":{"rendered":"https:\/\/nauticacolonia2.aplicacionesinteligentes.es\/politica-de-cookies\/"},"modified":"2024-02-29T13:53:07","modified_gmt":"2024-02-29T12:53:07","slug":"politica-de-cookies","status":"publish","type":"page","link":"https:\/\/nauticacolonia.com\/ca\/politica-de-cookies\/","title":{"rendered":"Pol\u00edtica de Cookies"},"content":{"rendered":"<div class=\"page-content-skeleton mobile-margin\">\n<section class=\"section-content margin-top-reduced\">\n<h2>POL\u00cdTICA DE COOKIES<\/h2>\n<h2>Informaci\u00f3 sobre cookies<\/h2>\n<p>A causa de l&#8217;entrada en vigor de la modificaci\u00f3 referent de la \u00abLlei de Serveis de la Societat de la Informaci\u00f3\u00bb (LSSICE) establerta pel Reial Decret 13\/2012, \u00e9s d&#8217;obligaci\u00f3 obtenir el consentiment expr\u00e9s de l&#8217;usuari de totes les p\u00e0gines web que fan servir cookies prescindibles, abans que aquest navegui per elles.<\/p>\n<\/section>\n<\/div>\n<div class=\"page-content-skeleton mobile-margin\">\n<section class=\"section-content margin-top-reduced\">\n<h3>Qu\u00e8 s\u00f3n les cookies?<\/h3>\n<p>Les cookies i altres tecnologies similars com local shared objects, flash cookies o p\u00edxels, s\u00f3n eines emprades pels servidors Web per emmagatzemar i recuperar informaci\u00f3 sobre els seus visitants, aix\u00ed com per oferir un funcionament correcte del lloc.<\/p>\n<p>Mitjan\u00e7ant l&#8217;\u00fas d&#8217;aquests dispositius es permet al servidor Web recordar algunes dades concernents a l&#8217;usuari, com les seves prefer\u00e8ncies per la visualitzaci\u00f3 de les p\u00e0gines d&#8217;aquest servidor, nom i contrasenya, productes que m\u00e9s l&#8217;interessen, etc.<\/p>\n<\/section>\n<\/div>\n<div class=\"page-content-skeleton mobile-margin\">\n<section class=\"section-content margin-top-reduced\">\n<h3>Cookies afectades per la normativa i cookies exemptes<\/h3>\n<p>Segons la directiva de la UE, les cookies que requereixen el consentiment informat per part de l&#8217;usuari s\u00f3n les cookies d&#8217;an\u00e0lisi i les de publicitat i afiliaci\u00f3, quedant exemptes les de car\u00e0cter t\u00e8cnic i les necess\u00e0ries per al funcionament del lloc web o la prestaci\u00f3 de serveis expressament sol\u00b7licitats per l&#8217;usuari.<\/p>\n<\/section>\n<\/div>\n<div class=\"page-content-skeleton mobile-margin\">\n<section class=\"section-content margin-top-reduced\">\n<h3>Tipus de cookies utilitzades en aquest lloc web<\/h3>\n<p>SEGONS LA FINALITAT<\/p>\n<ul>\n<li>Cookies t\u00e8cniques i funcionals: s\u00f3n aquelles que permeten a l&#8217;usuari la navegaci\u00f3 a trav\u00e9s d&#8217;una p\u00e0gina web, plataforma o aplicaci\u00f3 i la utilitzaci\u00f3 de les diferents opcions o serveis que en ella existeixin.<\/li>\n<li>Cookies anal\u00edtiques: s\u00f3n aquelles que permeten al responsable de les mateixes el seguiment i an\u00e0lisi del comportament dels usuaris dels llocs web als quals estan vinculades. La informaci\u00f3 recollida mitjan\u00e7ant aquest tipus de cookies s&#8217;utilitza en la mesura de l&#8217;activitat dels llocs web, aplicaci\u00f3 o plataforma i per a l&#8217;elaboraci\u00f3 de perfils de navegaci\u00f3 dels usuaris d&#8217;aquests llocs, aplicacions i plataformes, amb la finalitat d&#8217;introduir millores en funci\u00f3 de l&#8217;an\u00e0lisi de les dades d&#8217;\u00fas que fan els usuaris del servei.<\/li>\n<li>Cookies publicit\u00e0ries: s\u00f3n aquelles que permeten la gesti\u00f3, de la forma m\u00e9s efica\u00e7 possible, dels espais publicitaris que, en el seu cas, l&#8217;editor hagi incl\u00f2s en una p\u00e0gina web, aplicaci\u00f3 o plataforma des de la qual presta el servei sol\u00b7licitat basada en criteris com el contingut editat o la freq\u00fc\u00e8ncia en la que es mostren els anuncis<\/li>\n<li>Cookies de publicitat comportamental: recullen informaci\u00f3 sobre les prefer\u00e8ncies i eleccions personals de l&#8217;usuari (retargeting) per permetre la gesti\u00f3, de la forma m\u00e9s efica\u00e7 possible, dels espais publicitaris que, en el seu cas, l&#8217;editor hagi incl\u00f2s en una p\u00e0gina web, aplicaci\u00f3 o plataforma des de la qual presta el servei sol\u00b7licitat.<\/li>\n<li>Cookies socials: s\u00f3n establertes per les plataformes de xarxes socials en els serveis per permetre-li compartir contingut amb els seus amics i xarxes. Les plataformes de mitjans socials tenen la capacitat de rastrejar la seva activitat en l\u00ednia fora dels Serveis. Aix\u00f2 pot afectar al contingut i els missatges que veu en altres serveis que visita.<\/li>\n<li>Cookies d&#8217;afiliats: permeten fer un seguiment de les visites procedents d&#8217;altres webs, amb les quals el lloc web estableix un contracte d&#8217;afiliaci\u00f3 (empreses d&#8217;afiliaci\u00f3).<\/li>\n<li>Cookies de seguretat: emmagatzemen informaci\u00f3 xifrada per evitar que les dades guardades en elles siguin vulnerables a atacs maliciosos de tercers.<\/li>\n<\/ul>\n<p>SEGONS LA PROPIETAT<\/p>\n<ul>\n<li>Cookies pr\u00f2pies: s\u00f3n aquelles que s&#8217;envien a l&#8217;equip terminal de l&#8217;usuari des d&#8217;un equip o domini gestionat pel propi editor i des del qual es presta el servei sol\u00b7licitat per l&#8217;usuari.<\/li>\n<li>Cookies de tercers: s\u00f3n aquelles que s&#8217;envien a l&#8217;equip terminal de l&#8217;usuari des d&#8217;un equip o domini que no \u00e9s gestionat per l&#8217;editor, sin\u00f3 per una altra entitat que tracta les dades obtingudes a trav\u00e9s de les cookies<\/li>\n<\/ul>\n<p>SEGONS EL TERMINI DE CONSERVACI\u00d3<\/p>\n<ul>\n<li>Cookies de sessi\u00f3: s\u00f3n un tipus de cookies dissenyades per recaptar i emmagatzemar dades mentre l&#8217;usuari accedeix a una p\u00e0gina web.<\/li>\n<li>Cookies persistents: s\u00f3n un tipus de cookies en qu\u00e8 les dades segueixen emmagatzemades en el terminal i poden ser accedides i tractades durant un per\u00edode definit pel responsable de la cookie, i que pot anar d&#8217;uns minuts a diversos anys.<\/li>\n<\/ul>\n<\/section>\n<\/div>\n<div class=\"page-content-skeleton mobile-margin\">\n<section class=\"section-content margin-top-reduced\">\n<h3>Tractament de dades personals<\/h3>\n<p>AUTO BOAT ROCA SL \u00e9s el Responsable del tractament de les dades personals de l&#8217;Interessat i li informa que aquestes dades seran tractades de conformitat amb el que disposa el Reglament (UE) 2016\/679, del 27 d&#8217;abril de 2016 (GDPR), per la qual cosa se li facilita la seg\u00fcent informaci\u00f3 del tractament:<\/p>\n<p><b>Finalitats del tractament<\/b>: segons s&#8217;especifica a l&#8217;apartat de cookies que s&#8217;utilitzen en aquest lloc web.<\/p>\n<p><b>Legitimaci\u00f3 del tractament<\/b>: per consentiment de l&#8217;interessat (art. 6.1 GDPR)<\/p>\n<p><b>Criteris de conservaci\u00f3 de les dades<\/b>: segons s&#8217;especifica a l&#8217;apartat de cookies utilitzades a la web.<\/p>\n<p><b>Comunicaci\u00f3 de les dades<\/b>: no es comunicaran les dades a tercers, excepte en cookies propietat de tercers o per obligaci\u00f3 legal.<\/p>\n<p><b>Drets que assisteixen a l&#8217;Interessat:<\/b><\/p>\n<ul>\n<li>Dret a retirar el consentiment en qualsevol moment<\/li>\n<li>Dret d&#8217;acc\u00e9s, rectificaci\u00f3, portabilitat i supressi\u00f3 de les seves dades, i de limitaci\u00f3 o oposici\u00f3 al seu tractament.<\/li>\n<li>Dret a presentar una reclamaci\u00f3 davant l&#8217;Autoritat de control (www.aepd.es) si considera que el tractament no s&#8217;ajusta a la normativa vigent.<\/li>\n<\/ul>\n<p><b>Dades de contacte per exercir els seus drets:<\/b><\/p>\n<p>AUTO BOAT ROCA SL. Explanada del Puerto, s\/n &#8211; 07638 Colonia de Sant Jordi (Illes Balears). Email: rgpd@nauticacolonia.com<\/p>\n<\/section>\n<\/div>\n<div class=\"page-content-skeleton mobile-margin\">\n<section class=\"section-content margin-top-reduced\">\n<h3>Cookies controlades per l&#8217;editor<\/h3>\n<p>T\u00e8cniques i funcionals<\/p>\n<div class=\"cookie-description\">\n<p><b>Propietad:<\/b>google.com<\/p>\n<p><b>Cookie:<\/b>CONSENT<\/p>\n<p><b>Finalitat<\/b>: Rastrejador de consentiment de cookies de Google<\/p>\n<p><b>Termini: en 18 anys<\/b><\/p>\n<\/div>\n<div class=\"cookie-description\">\n<p><b>Propietat<\/b>: google.com<\/p>\n<p><b>Cookie:<\/b>SEARCH_SAMESITE<\/p>\n<p><b>Finalitat<\/b>: SameSite evita que el navegador envi\u00ef aquesta cookie juntament amb les sol\u00b7licituds entre llocs. L&#8217;objectiu principal \u00e9s mitigar el risc de fuita d&#8217;informaci\u00f3 d&#8217;origen creuat. Tamb\u00e9 proporciona certa protecci\u00f3 contra atacs de falsificaci\u00f3 de sol\u00b7licituds entre llocs.<\/p>\n<p><b>Termini<\/b>: en 4 mesos<\/p>\n<\/div>\n<div class=\"cookie-description\">\n<p><b>Propietat<\/b>: google.com<\/p>\n<p><b>Cookie:<\/b>APISID<\/p>\n<p><b>Finalitat<\/b>: Descarregar certes eines de Google i guardar certes prefer\u00e8ncies, per exemple, el nombre de resultats de la recerca per fulla o l&#8217;activaci\u00f3 del filtre SafeSearch. Ajusta els anuncis que apareixen en la recerca de Google.<\/p>\n<p><b>Termini<\/b>: en 7 mesos<\/p>\n<\/div>\n<div class=\"cookie-description\">\n<p><b>Propietat<\/b>: google.com<\/p>\n<p><b>Cookie:<\/b>HSID<\/p>\n<p><b>Finalitat<\/b>: Descarregar certes eines de Google i guardar certes prefer\u00e8ncies, per exemple, el nombre de resultats de la recerca per fulla o l&#8217;activaci\u00f3 del filtre SafeSearch. Ajusta els anuncis que apareixen en la recerca de Google.<\/p>\n<p><b>Termini<\/b>: en 7 mesos<\/p>\n<\/div>\n<div class=\"cookie-description\">\n<p><b>Propietat<\/b>: google.com<\/p>\n<p><b>Cookie:<\/b>SID<\/p>\n<p><b>Finalitat<\/b>: Descarregar certes eines de Google i guardar certes prefer\u00e8ncies, per exemple, el nombre de resultats de la recerca per fulla o l&#8217;activaci\u00f3 del filtre SafeSearch. Ajusta els anuncis que apareixen en la recerca de Google.<\/p>\n<p><b>Termini<\/b>: en 2 anys<\/p>\n<\/div>\n<div class=\"cookie-description\">\n<p><b>Propietat<\/b>: google.com<\/p>\n<p><b>Cookie:<\/b>SIDCC<\/p>\n<p><b>Finalitat<\/b>: Descarregar certes eines de Google i guardar certes prefer\u00e8ncies, per exemple, el nombre de resultats de la recerca per fulla o l&#8217;activaci\u00f3 del filtre SafeSearch. Ajusta els anuncis que apareixen en la recerca de Google.<\/p>\n<p><b>Termini<\/b>: en 1 any<\/p>\n<\/div>\n<\/section>\n<\/div>\n<div class=\"page-content-skeleton mobile-margin\">\n<section class=\"section-content margin-top-reduced\">\n<h3>Cookies de tercers no controlades per l&#8217;editor<\/h3>\n<p>Els serveis de tercers s\u00f3n aliens al control de l&#8217;editor. Els prove\u00efdors poden modificar en tot moment les seves condicions de servei, finalitat i utilitzaci\u00f3 de les cookies, etc.<\/p>\n<p>Prove\u00efdors externs d&#8217;aquest lloc web:<\/p>\n<div class=\"cookie-description\">\n<p><b>Editor:<\/b>Google<\/p>\n<p><b>Pol\u00edtica de privacitat:<\/b>https:\/\/privacy.google.com\/take-control.html<\/p>\n<\/div>\n<\/section>\n<\/div>\n<div class=\"page-content-skeleton mobile-margin\">\n<section class=\"section-content margin-top-reduced\">\n<h3>Com gestionar les cookies des del navegador<\/h3>\n<p><b>Com gestionar les cookies des del navegador<\/b><\/p>\n<p>Les cookies que ja estan en un dispositiu es poden eliminar esborrant l&#8217;historial del navegador, amb la qual cosa es suprimeixen les cookies de tots els llocs web visitats. Tanmateix, tamb\u00e9 es pot perdre part de la informaci\u00f3 emmagatzemada (per exemple, les dades d&#8217;inici de sessi\u00f3 o les prefer\u00e8ncies de lloc web).<\/p>\n<p><b>Gestionar les cookies espec\u00edfiques del lloc<\/b><\/p>\n<p>Per tenir un control m\u00e9s prec\u00eds de les cookies espec\u00edfiques de cada lloc, els usuaris poden ajustar la seva configuraci\u00f3 de privacitat i cookies al navegador.<\/p>\n<p><b>Bloquejar les cookies<\/b><\/p>\n<p>Encara que la majoria dels navegadors moderns es poden configurar per evitar que s&#8217;instal\u00b7lin cookies als dispositius, aix\u00f2 pot obligar a l&#8217;ajust manual de determinades prefer\u00e8ncies cada cop que es visiti un lloc o p\u00e0gina. A m\u00e9s, alguns serveis i caracter\u00edstiques poden no funcionar correctament (per exemple, els inicis de sessi\u00f3 amb perfil).<\/p>\n<p><b>COM ELIMINAR LES COOKIES DELS NAVEGADORS M\u00c9S COMUNS<\/b><\/p>\n<p><b>Chrome<\/b><\/p>\n<p>http:\/\/support.google.com\/chrome\/answer\/95647?hl=es<\/p>\n<p><b>Internet Explorer. Versi\u00f3 11<\/b><\/p>\n<p>https:\/\/support.microsoft.com\/es-es\/help\/278835\/how-to-delete-cookie-files-in-internet-explorer<\/p>\n<p><b>Firefox. Versi\u00f3 65.0.1<\/b><\/p>\n<p>https:\/\/www.mozilla.org\/es-ES\/privacy\/websites\/#cookies<\/p>\n<p><b>Safari Versi\u00f3 5.1<\/b><\/p>\n<p>https:\/\/support.apple.com\/es-es\/guide\/safari\/sfri11471\/mac<\/p>\n<p><b>Opera<\/b><\/p>\n<p>https:\/\/help.opera.com\/en\/latest\/security-and-privacy\/#clearBrowsingData<\/p>\n<\/section>\n<\/div>\n","protected":false},"excerpt":{"rendered":"<p>POL\u00cdTICA DE COOKIES Informaci\u00f3 sobre cookies A causa de l&#8217;entrada en vigor de la modificaci\u00f3 referent de la \u00abLlei de Serveis de la Societat de la Informaci\u00f3\u00bb (LSSICE) establerta pel Reial Decret 13\/2012, \u00e9s d&#8217;obligaci\u00f3 obtenir el consentiment expr\u00e9s de l&#8217;usuari de totes les p\u00e0gines web que fan servir cookies prescindibles, abans que aquest navegui &#8230;<\/p>\n","protected":false},"author":1,"featured_media":0,"parent":0,"menu_order":0,"comment_status":"closed","ping_status":"closed","template":"","meta":{"inline_featured_image":false,"footnotes":""},"class_list":["post-10787","page","type-page","status-publish","hentry"],"yoast_head":"<!-- This site is optimized with the Yoast SEO plugin v24.7 - https:\/\/yoast.com\/wordpress\/plugins\/seo\/ -->\n<title>Pol\u00edtica de Cookies - N\u00e1utica Colonia<\/title>\n<meta name=\"robots\" content=\"index, follow, max-snippet:-1, max-image-preview:large, max-video-preview:-1\" \/>\n<link rel=\"canonical\" href=\"https:\/\/nauticacolonia.com\/ca\/politica-de-cookies\/\" \/>\n<meta property=\"og:locale\" content=\"ca_ES\" \/>\n<meta property=\"og:type\" content=\"article\" \/>\n<meta property=\"og:title\" content=\"Pol\u00edtica de Cookies - N\u00e1utica Colonia\" \/>\n<meta property=\"og:description\" content=\"POL\u00cdTICA DE COOKIES Informaci\u00f3 sobre cookies A causa de l&#8217;entrada en vigor de la modificaci\u00f3 referent de la \u00abLlei de Serveis de la Societat de la Informaci\u00f3\u00bb (LSSICE) establerta pel Reial Decret 13\/2012, \u00e9s d&#8217;obligaci\u00f3 obtenir el consentiment expr\u00e9s de l&#8217;usuari de totes les p\u00e0gines web que fan servir cookies prescindibles, abans que aquest navegui ...\" \/>\n<meta property=\"og:url\" content=\"https:\/\/nauticacolonia.com\/ca\/politica-de-cookies\/\" \/>\n<meta property=\"og:site_name\" content=\"N\u00e1utica Colonia\" \/>\n<meta name=\"twitter:card\" content=\"summary_large_image\" \/>\n<meta name=\"twitter:label1\" content=\"Temps estimat de lectura\" \/>\n\t<meta name=\"twitter:data1\" content=\"7 minuts\" \/>\n<script type=\"application\/ld+json\" class=\"yoast-schema-graph\">{\"@context\":\"https:\/\/schema.org\",\"@graph\":[{\"@type\":\"WebPage\",\"@id\":\"https:\/\/nauticacolonia.com\/ca\/politica-de-cookies\/\",\"url\":\"https:\/\/nauticacolonia.com\/ca\/politica-de-cookies\/\",\"name\":\"Pol\u00edtica de Cookies - N\u00e1utica Colonia\",\"isPartOf\":{\"@id\":\"https:\/\/nauticacolonia.com\/ca\/#website\"},\"datePublished\":\"2024-02-29T12:53:07+00:00\",\"breadcrumb\":{\"@id\":\"https:\/\/nauticacolonia.com\/ca\/politica-de-cookies\/#breadcrumb\"},\"inLanguage\":\"ca\",\"potentialAction\":[{\"@type\":\"ReadAction\",\"target\":[\"https:\/\/nauticacolonia.com\/ca\/politica-de-cookies\/\"]}]},{\"@type\":\"BreadcrumbList\",\"@id\":\"https:\/\/nauticacolonia.com\/ca\/politica-de-cookies\/#breadcrumb\",\"itemListElement\":[{\"@type\":\"ListItem\",\"position\":1,\"name\":\"Portada\",\"item\":\"https:\/\/nauticacolonia.com\/ca\/\"},{\"@type\":\"ListItem\",\"position\":2,\"name\":\"Pol\u00edtica de Cookies\"}]},{\"@type\":\"WebSite\",\"@id\":\"https:\/\/nauticacolonia.com\/ca\/#website\",\"url\":\"https:\/\/nauticacolonia.com\/ca\/\",\"name\":\"N\u00e1utica Colonia\",\"description\":\"\",\"potentialAction\":[{\"@type\":\"SearchAction\",\"target\":{\"@type\":\"EntryPoint\",\"urlTemplate\":\"https:\/\/nauticacolonia.com\/ca\/?s={search_term_string}\"},\"query-input\":{\"@type\":\"PropertyValueSpecification\",\"valueRequired\":true,\"valueName\":\"search_term_string\"}}],\"inLanguage\":\"ca\"}]}<\/script>\n<!-- \/ Yoast SEO plugin. -->","yoast_head_json":{"title":"Pol\u00edtica de Cookies - N\u00e1utica Colonia","robots":{"index":"index","follow":"follow","max-snippet":"max-snippet:-1","max-image-preview":"max-image-preview:large","max-video-preview":"max-video-preview:-1"},"canonical":"https:\/\/nauticacolonia.com\/ca\/politica-de-cookies\/","og_locale":"ca_ES","og_type":"article","og_title":"Pol\u00edtica de Cookies - N\u00e1utica Colonia","og_description":"POL\u00cdTICA DE COOKIES Informaci\u00f3 sobre cookies A causa de l&#8217;entrada en vigor de la modificaci\u00f3 referent de la \u00abLlei de Serveis de la Societat de la Informaci\u00f3\u00bb (LSSICE) establerta pel Reial Decret 13\/2012, \u00e9s d&#8217;obligaci\u00f3 obtenir el consentiment expr\u00e9s de l&#8217;usuari de totes les p\u00e0gines web que fan servir cookies prescindibles, abans que aquest navegui ...","og_url":"https:\/\/nauticacolonia.com\/ca\/politica-de-cookies\/","og_site_name":"N\u00e1utica Colonia","twitter_card":"summary_large_image","twitter_misc":{"Temps estimat de lectura":"7 minuts"},"schema":{"@context":"https:\/\/schema.org","@graph":[{"@type":"WebPage","@id":"https:\/\/nauticacolonia.com\/ca\/politica-de-cookies\/","url":"https:\/\/nauticacolonia.com\/ca\/politica-de-cookies\/","name":"Pol\u00edtica de Cookies - N\u00e1utica Colonia","isPartOf":{"@id":"https:\/\/nauticacolonia.com\/ca\/#website"},"datePublished":"2024-02-29T12:53:07+00:00","breadcrumb":{"@id":"https:\/\/nauticacolonia.com\/ca\/politica-de-cookies\/#breadcrumb"},"inLanguage":"ca","potentialAction":[{"@type":"ReadAction","target":["https:\/\/nauticacolonia.com\/ca\/politica-de-cookies\/"]}]},{"@type":"BreadcrumbList","@id":"https:\/\/nauticacolonia.com\/ca\/politica-de-cookies\/#breadcrumb","itemListElement":[{"@type":"ListItem","position":1,"name":"Portada","item":"https:\/\/nauticacolonia.com\/ca\/"},{"@type":"ListItem","position":2,"name":"Pol\u00edtica de Cookies"}]},{"@type":"WebSite","@id":"https:\/\/nauticacolonia.com\/ca\/#website","url":"https:\/\/nauticacolonia.com\/ca\/","name":"N\u00e1utica Colonia","description":"","potentialAction":[{"@type":"SearchAction","target":{"@type":"EntryPoint","urlTemplate":"https:\/\/nauticacolonia.com\/ca\/?s={search_term_string}"},"query-input":{"@type":"PropertyValueSpecification","valueRequired":true,"valueName":"search_term_string"}}],"inLanguage":"ca"}]}},"_links":{"self":[{"href":"https:\/\/nauticacolonia.com\/ca\/wp-json\/wp\/v2\/pages\/10787","targetHints":{"allow":["GET"]}}],"collection":[{"href":"https:\/\/nauticacolonia.com\/ca\/wp-json\/wp\/v2\/pages"}],"about":[{"href":"https:\/\/nauticacolonia.com\/ca\/wp-json\/wp\/v2\/types\/page"}],"author":[{"embeddable":true,"href":"https:\/\/nauticacolonia.com\/ca\/wp-json\/wp\/v2\/users\/1"}],"replies":[{"embeddable":true,"href":"https:\/\/nauticacolonia.com\/ca\/wp-json\/wp\/v2\/comments?post=10787"}],"version-history":[{"count":0,"href":"https:\/\/nauticacolonia.com\/ca\/wp-json\/wp\/v2\/pages\/10787\/revisions"}],"wp:attachment":[{"href":"https:\/\/nauticacolonia.com\/ca\/wp-json\/wp\/v2\/media?parent=10787"}],"curies":[{"name":"wp","href":"https:\/\/api.w.org\/{rel}","templated":true}]}}