{"id":10803,"date":"2024-02-29T13:50:05","date_gmt":"2024-02-29T12:50:05","guid":{"rendered":"https:\/\/nauticacolonia2.aplicacionesinteligentes.es\/avis-legal-y-politica-de-privacitat\/"},"modified":"2024-03-19T17:27:40","modified_gmt":"2024-03-19T16:27:40","slug":"avis-legal-y-politica-de-privacitat","status":"publish","type":"page","link":"https:\/\/nauticacolonia.com\/ca\/avis-legal-y-politica-de-privacitat\/","title":{"rendered":"Av\u00eds Legal y Politica de Privacitat"},"content":{"rendered":"<h2 class=\"wp-block-heading\">AV\u00cdS LEGAL. LLEI DELS SERVEIS DE LA SOCIETAT DE LA INFORMACI\u00d3 (LSSI)<\/h2><p><\/p><p>AUTO BOAT ROCA SL, responsable del lloc web, d&#8217;ara endavant RESPONSABLE, posa a disposici\u00f3 dels usuaris el present document, amb el qual pret\u00e9n donar compliment a les obligacions disposades en la Llei 34\/2002, d&#8217;11 de juliol, de Serveis de la Societat de la Informaci\u00f3 i de Comer\u00e7 Electr\u00f2nic (LSSICE), BOE N\u00fam. 166, aix\u00ed com informar a tots els usuaris del lloc web respecte a quines s\u00f3n les condicions d&#8217;\u00fas.<\/p><p>Tota persona que accedeixi a aquest lloc web assumeix el paper d&#8217;usuari, comprometent-se a l&#8217;observan\u00e7a i compliment rigor\u00f3s de les disposicions aqu\u00ed disposades, aix\u00ed com a qualsevol altra disposici\u00f3 legal que fos d&#8217;aplicaci\u00f3.<\/p><p>AUTO BOAT ROCA SL es reserva el dret de modificar qualsevol tipus d&#8217;informaci\u00f3 que pogu\u00e9s apar\u00e8ixer en el lloc web, sense que existeixi obligaci\u00f3 de preavisar o posar en coneixement dels usuaris aquestes obligacions, entenent-se com a suficient la publicaci\u00f3 en el lloc web d&#8217;AUTO BOAT ROCA SL.<\/p><p><strong>1. DADES IDENTIFICATIVES<\/strong><\/p><p>Nom de domini: nauticacolonia.com<\/p><p>Nom comercial: NAUTICA COLONIA<\/p><p>Denominaci\u00f3 social: AUTO BOAT ROCA SL<\/p><p>NIF: B07631948<\/p><p>Domicili social: Explanada del Puerto s\/n , 07638 Colonia de Sant Jordi (ILLES BALEARS)<\/p><p>Tel\u00e8fon: 971655222<\/p><p>e-mail: oficina@nauticacolonia.com<\/p><p>Inscrita en el Registre Mercantil de Illes Balears T 1846, F 100, H PM 15618<\/p><p><strong>2. DRETS DE PROPIETAT INTEL\u00b7LECTUAL I INDUSTRIAL<\/strong><\/p><p>El lloc web, incloent a t\u00edtol enunciatiu per\u00f2 no limitatiu la seva programaci\u00f3, edici\u00f3, compilaci\u00f3 i altres elements necessaris per al seu funcionament, els dissenys, logotips, text i\/o gr\u00e0fics, s\u00f3n propietat del RESPONSABLE o, si \u00e9s el cas, disposa de llic\u00e8ncia o autoritzaci\u00f3 expressa per part dels autors. Tots els continguts del lloc web es troben degudament protegits per la normativa de propietat intel\u00b7lectual i industrial, aix\u00ed com inscrits en els registres p\u00fablics corresponents.<\/p><p>Independentment de la finalitat per a la qual foren destinats, la reproducci\u00f3 total o parcial, \u00fas, explotaci\u00f3, distribuci\u00f3 i comercialitzaci\u00f3, requereix en tot cas de l&#8217;autoritzaci\u00f3 escrita pr\u00e8via per part del RESPONSABLE. Qualsevol \u00fas no autoritzat pr\u00e8viament es considera un incompliment greu dels drets de propietat intel\u00b7lectual o industrial de l&#8217;autor.<\/p><p>Els dissenys, logotips, text i\/o gr\u00e0fics aliens al RESPONSABLE i que poguessin apar\u00e8ixer en el lloc web, pertanyen als seus respectius propietaris, sent ells mateixos responsables de qualsevol possible controv\u00e8rsia que pogu\u00e9s suscitar-se respecte a aquests. El RESPONSABLE autoritza expressament a que tercers puguin redirigir directament als continguts concrets del lloc web, i en tot cas redirigir al lloc web principal de nauticacolonia.com.<\/p><p>El RESPONSABLE reconeix a favor dels seus titulars els corresponents drets de propietat intel\u00b7lectual i industrial, no implicant la seva sola menci\u00f3 o aparici\u00f3 en el lloc web l&#8217;exist\u00e8ncia de drets o responsabilitat alguna sobre aquests, com tampoc suport, patrocini o recomanaci\u00f3 per part del mateix.<\/p><p>Per realitzar qualsevol tipus d&#8217;observaci\u00f3 respecte a possibles incompliments dels drets de propietat intel\u00b7lectual o industrial, aix\u00ed com sobre qualsevol dels continguts del lloc web, pot fer-ho a trav\u00e9s del correu electr\u00f2nic rgpd@nauticacolonia.com.<\/p><p><strong>3. EXEMPCI\u00d3 DE RESPONSABILITATS<\/strong><\/p><p>El RESPONSABLE s&#8217;eximeix de qualsevol tipus de responsabilitat derivada de la informaci\u00f3 publicada en el seu lloc web sempre que aquesta informaci\u00f3 hagi estat manipulada o introdu\u00efda per un tercer ali\u00e8 al mateix.<\/p><p>\u00das de Cookies<\/p><p>Aquest lloc web pot utilitzar cookies t\u00e8cniques (petits arxius d&#8217;informaci\u00f3 que el servidor envia a l&#8217;ordinador de qui accedeix a la p\u00e0gina) per dur a terme determinades funcions que s\u00f3n considerades imprescindibles per al correcte funcionament i visualitzaci\u00f3 del lloc. Les cookies utilitzades tenen, en tot cas, car\u00e0cter temporal, amb l&#8217;\u00fanica finalitat de fer m\u00e9s efica\u00e7 la navegaci\u00f3, i desapareixen en acabar la sessi\u00f3 de l&#8217;usuari. En cap cas, aquestes cookies proporcionen per si mateixes dades de car\u00e0cter personal i no s&#8217;utilitzaran per a la recollida dels mateixos.<\/p><p>Mitjan\u00e7ant l&#8217;\u00fas de cookies tamb\u00e9 \u00e9s possible que el servidor on es troba la web reconegui el navegador utilitzat per l&#8217;usuari amb la finalitat de que la navegaci\u00f3 sigui m\u00e9s senzilla, permetent, per exemple, l&#8217;acc\u00e9s dels usuaris que s&#8217;hagin registrat pr\u00e8viament a les \u00e0rees, serveis, promocions o concursos reservats exclusivament a ells sense haver de registrar-se en cada visita.<\/p><p>Tamb\u00e9 es poden utilitzar per mesurar l&#8217;audi\u00e8ncia, par\u00e0metres de tr\u00e0nsit, controlar el progr\u00e9s i nombre d&#8217;entrades, etc., sent en aquests casos cookies prescindibles t\u00e8cnicament, per\u00f2 beneficioses per a l&#8217;usuari. Aquest lloc web no instal\u00b7lar\u00e0 cookies prescindibles sense el consentiment previ de l&#8217;usuari.<\/p><p>L&#8217;usuari t\u00e9 la possibilitat de configurar el seu navegador per ser alertat de la recepci\u00f3 de cookies i per impedir la seva instal\u00b7laci\u00f3 en el seu equip. Si us plau, consulti les instruccions del seu navegador per ampliar aquesta informaci\u00f3.<\/p><p>Pol\u00edtica d&#8217;enlla\u00e7os<\/p><p>Des del lloc web, \u00e9s possible que es redirigeixi a continguts de tercers llocs web. At\u00e8s que el RESPONSABLE no pot controlar sempre els continguts introdu\u00efts pels tercers en els seus respectius llocs web, no assumeix cap tipus de responsabilitat respecte a aquests continguts. En tot cas, procedir\u00e0 a la retirada immediata de qualsevol contingut que pogu\u00e9s contravenir la legislaci\u00f3 nacional o internacional, la moral o l&#8217;ordre p\u00fablic, procedint a la retirada immediata de la redirecci\u00f3 a aquest lloc web, posant en coneixement de les autoritats competents el contingut en q\u00fcesti\u00f3.<\/p><p>El RESPONSABLE no es fa responsable de la informaci\u00f3 i continguts emmagatzemats, a t\u00edtol enunciatiu per\u00f2 no limitatiu, en f\u00f2rums, xats, generadors de blogs, comentaris, xarxes socials o qualsevol altre mitj\u00e0 que permeti a tercers publicar continguts de forma independent en la p\u00e0gina web del RESPONSABLE. No obstant aix\u00f2, i en compliment del que disposen els articles 11 i 16 de la LSSICE, es posa a disposici\u00f3 de tots els usuaris, autoritats i forces de seguretat, col\u00b7laborant de forma activa en la retirada o, en el seu cas, bloqueig de tots aquells continguts que puguin afectar o contravenir la legislaci\u00f3 nacional o internacional, els drets de tercers o la moral i l&#8217;ordre p\u00fablic. En cas que l&#8217;usuari consideri que existeix en el lloc web algun contingut que pogu\u00e9s ser susceptible d&#8217;aquesta classificaci\u00f3, es prega ho notifiqui de forma immediata a l&#8217;administrador del lloc web.<\/p><p>Aquest lloc web ha estat revisat i provat perqu\u00e8 funcioni correctament. En principi, pot garantir-se el correcte funcionament els 365 dies de l&#8217;any, 24 hores al dia. No obstant aix\u00f2, el RESPONSABLE no descarta la possibilitat que existeixin certs errors de programaci\u00f3, o que esdevinguin causes de for\u00e7a major, cat\u00e0strofes naturals, vagues o circumst\u00e0ncies semblants que facin impossible l&#8217;acc\u00e9s a la p\u00e0gina web.<\/p><p>Adreces IP<\/p><p>Els servidors del lloc web podran detectar de manera autom\u00e0tica l&#8217;adre\u00e7a IP i el nom de domini utilitzats per l&#8217;usuari. Una adre\u00e7a IP \u00e9s un n\u00famero assignat autom\u00e0ticament a un ordinador quan aquest es connecta a Internet. Tota aquesta informaci\u00f3 es registra en un fitxer d&#8217;activitat del servidor que permet el posterior processament de les dades amb la finalitat d&#8217;obtenir mesures \u00fanicament estad\u00edstiques que permetin con\u00e8ixer el nombre d&#8217;impressions de p\u00e0gines, el nombre de visites realitzades als servidors web, l&#8217;ordre de visites, el punt d&#8217;acc\u00e9s, etc.<\/p><p><strong>4. LLEI APLICABLE I JURISDICCI\u00d3<\/strong><\/p><p>Per a la resoluci\u00f3 de totes les controv\u00e8rsies o q\u00fcestions relacionades amb el present lloc web o de les activitats en ell desenvolupades, ser\u00e0 d&#8217;aplicaci\u00f3 la legislaci\u00f3 espanyola, a la qual es sotmeten expressament les parts, sent competents per a la resoluci\u00f3 de tots els conflictes derivats o relacionats amb el seu \u00fas els Jutjats i Tribunals m\u00e9s propers a Col\u00f2nia de Sant Jordi.<\/p><h2 class=\"wp-block-heading\">Pol\u00edtica de Privadesa<\/h2><p><strong>INFORMACI\u00d3 A L&#8217;USUARI<\/strong><\/p><p>Qui \u00e9s el responsable del tractament de les teves dades personals?<\/p><p>AUTO BOAT ROCA SL \u00e9s el RESPONSABLE del tractament de les dades personals de l&#8217;USUARI i l&#8217;informa que aquestes dades seran tractades de conformitat amb el que disposa el Reglament (UE) 2016\/679, de 27 d&#8217;abril (GDPR), i la Llei Org\u00e0nica 3\/2018, de 5 de desembre (LOPDGDD).<\/p><p>Per a qu\u00e8 tractem les teves dades personals?<\/p><p>Per mantenir una relaci\u00f3 comercial amb l&#8217;usuari. Les operacions previstes per realitzar el tractament s\u00f3n:<\/p><ul class=\"wp-block-list\"><li>Remissi\u00f3 de comunicacions comercials publicit\u00e0ries per correu electr\u00f2nic, fax, SMS, MMS, xarxes socials o qualsevol altre mitj\u00e0 electr\u00f2nic o f\u00edsic, present o futur, que possibiliti realitzar comunicacions comercials. Aquestes comunicacions seran realitzades pel RESPONSABLE i estaran relacionades amb els seus productes i serveis, o dels seus col\u00b7laboradors o prove\u00efdors, amb els quals aquest hagi arribat a algun acord de promoci\u00f3. En aquest cas, els tercers mai tindran acc\u00e9s a les dades personals.<\/li>\n\n<li>Realitzar estudis de mercat i an\u00e0lisis estad\u00edstics.<\/li>\n\n<li>Tramitar enc\u00e0rrecs, sol\u00b7licituds, donar resposta a les consultes o qualsevol tipus de petici\u00f3 que sigui realitzada per l&#8217;USUARI a trav\u00e9s de qualsevol de les formes de contacte que es posen a la seva disposici\u00f3 en la p\u00e0gina web del RESPONSABLE.<\/li>\n\n<li>Enviar el butllet\u00ed informatiu en l\u00ednia, sobre novetats, ofertes i promocions en la nostra activitat.<\/li><\/ul><p>Per quin motiu podem tractar les teves dades personals?<\/p><p>Perqu\u00e8 el tractament est\u00e0 legitimat per l&#8217;article 6 del GDPR de la seg\u00fcent forma:<\/p><ul class=\"wp-block-list\"><li>Amb el consentiment de l&#8217;USUARI: remissi\u00f3 de comunicacions comercials i del butllet\u00ed informatiu.<\/li>\n\n<li>Per inter\u00e8s leg\u00edtim del RESPONSABLE: realitzar estudis de mercat, an\u00e0lisis estad\u00edstics, etc. i tramitar enc\u00e0rrecs, sol\u00b7licituds, etc. a petici\u00f3 de l&#8217;USUARI.<\/li><\/ul><p>Durant quant de temps guardarem les teves dades personals?<\/p><p>Es conservaran durant no m\u00e9s temps del necessari per mantenir el fi del tractament o existeixin prescripcions legals que dictaminin la seva cust\u00f2dia i quan ja no sigui necessari per a aix\u00f2, se suprimiran amb mesures de seguretat adequades per garantir l&#8217;anonimitzaci\u00f3 de les dades o la destrucci\u00f3 total de les mateixes.<\/p><p>A qui facilitarem les teves dades personals?<\/p><p>No est\u00e0 prevista cap comunicaci\u00f3 de dades personals a tercers salvo, si fos necessari per al desenvolupament i execuci\u00f3 de les finalitats del tractament, als nostres prove\u00efdors de serveis relacionats amb comunicacions, amb els quals el RESPONSABLE t\u00e9 subscrits els contractes de confidencialitat i d&#8217;encarregat de tractament exigits per la normativa vigent de privadesa.<\/p><p>Quins s\u00f3n els teus drets?<\/p><p>Els drets que assisteixen a l&#8217;USUARI s\u00f3n:<\/p><ul class=\"wp-block-list\"><li>Dret a retirar el consentiment en qualsevol moment.<\/li>\n\n<li>Dret d&#8217;acc\u00e9s, rectificaci\u00f3, portabilitat i supressi\u00f3 de les seves dades, i de limitaci\u00f3 o oposici\u00f3 al seu tractament.<\/li>\n\n<li>Dret a presentar una reclamaci\u00f3 davant l&#8217;autoritat de control (www.aepd.es) si considera que el tractament no s&#8217;ajusta a la normativa vigent.<\/li><\/ul><p>Dades de contacte per exercir els seus drets:<\/p><p>AUTO BOAT ROCA SL. Explanada del Puerto, s\/n &#8211; 07638 Colonia de Sant Jordi (Illes Balears). Email: rgpd@nauticacolonia.com<\/p><p><strong>CAR\u00c0CTER OBLIGATORI O FACULTATIU DE LA INFORMACI\u00d3 FACILITADA PER L&#8217;USUARI<\/strong><\/p><p>Els USUARIS, mitjan\u00e7ant la marcaci\u00f3 de les caselles corresponents i l&#8217;entrada de dades en els camps, marcats amb un asterisc (*) en el formulari de contacte o presentats en formularis de desc\u00e0rrega, accepten expressament i de forma lliure i inequ\u00edvoca, que les seves dades s\u00f3n necess\u00e0ries per atendre la seva petici\u00f3, per part del prestador, sent volunt\u00e0ria la inclusi\u00f3 de dades en els camps restants. L&#8217;USUARI garanteix que les dades personals facilitades al RESPONSABLE s\u00f3n ver\u00eddiques i es fa responsable de comunicar qualsevol modificaci\u00f3 dels mateixos.<\/p><p>El RESPONSABLE informa que totes les dades sol\u00b7licitades a trav\u00e9s del lloc web s\u00f3n obligat\u00f2ries, ja que s\u00f3n necess\u00e0ries per a la prestaci\u00f3 d&#8217;un servei \u00f2ptim a l&#8217;USUARI. En cas que no es facilitin totes les dades, no es garanteix que la informaci\u00f3 i serveis facilitats siguin completament ajustats a les seves necessitats.<\/p><p><strong>3. MESURES DE SEGURETAT<\/strong><\/p><p>Que de conformitat amb el que disposen les normatives vigents en protecci\u00f3 de dades personals, el RESPONSABLE est\u00e0 complint amb totes les disposicions de les normatives GDPR i LOPDGDD per al tractament de les dades personals de la seva responsabilitat, i manifestament amb els principis descrits en l&#8217;article 5 del GDPR, pels quals s\u00f3n tractats de manera l\u00edcita, lleial i transparent en relaci\u00f3 amb l&#8217;interessat i adequats, pertinents i limitats al que \u00e9s necessari en relaci\u00f3 amb els fins per als quals s\u00f3n tractats.<\/p><p>El RESPONSABLE garanteix que ha implementat pol\u00edtiques t\u00e8cniques i organitzatives apropiades per aplicar les mesures de seguretat que estableixen el GDPR i la LOPDGDD amb la finalitat de protegir els drets i llibertats dels USUARIS i els ha comunicat la informaci\u00f3 adequada perqu\u00e8 puguin exercir-los.<\/p><p>Para m\u00e1s informaci\u00f3n sobre las garant\u00edas de privacidad, puedes dirigirte al RESPONSABLE a trav\u00e9s de AUTO BOAT ROCA SL. Explanada del Puerto, s\/n &#8211; 07638 Colonia de Sant Jordi (Illes Balears). Email: rgpd@nauticacolonia.com<\/p>","protected":false},"excerpt":{"rendered":"<p>AV\u00cdS LEGAL. LLEI DELS SERVEIS DE LA SOCIETAT DE LA INFORMACI\u00d3 (LSSI) AUTO BOAT ROCA SL, responsable del lloc web, d&#8217;ara endavant RESPONSABLE, posa a disposici\u00f3 dels usuaris el present document, amb el qual pret\u00e9n donar compliment a les obligacions disposades en la Llei 34\/2002, d&#8217;11 de juliol, de Serveis de la Societat de la &#8230;<\/p>\n","protected":false},"author":1,"featured_media":0,"parent":0,"menu_order":0,"comment_status":"closed","ping_status":"closed","template":"","meta":{"inline_featured_image":false,"footnotes":""},"class_list":["post-10803","page","type-page","status-publish","hentry"],"yoast_head":"<!-- This site is optimized with the Yoast SEO plugin v24.7 - https:\/\/yoast.com\/wordpress\/plugins\/seo\/ -->\n<title>Av\u00eds Legal y Politica de Privacitat - N\u00e1utica Colonia<\/title>\n<meta name=\"robots\" content=\"index, follow, max-snippet:-1, max-image-preview:large, max-video-preview:-1\" \/>\n<link rel=\"canonical\" href=\"https:\/\/nauticacolonia.com\/ca\/avis-legal-y-politica-de-privacitat\/\" \/>\n<meta property=\"og:locale\" content=\"ca_ES\" \/>\n<meta property=\"og:type\" content=\"article\" \/>\n<meta property=\"og:title\" content=\"Av\u00eds Legal y Politica de Privacitat - N\u00e1utica Colonia\" \/>\n<meta property=\"og:description\" content=\"AV\u00cdS LEGAL. LLEI DELS SERVEIS DE LA SOCIETAT DE LA INFORMACI\u00d3 (LSSI) AUTO BOAT ROCA SL, responsable del lloc web, d&#8217;ara endavant RESPONSABLE, posa a disposici\u00f3 dels usuaris el present document, amb el qual pret\u00e9n donar compliment a les obligacions disposades en la Llei 34\/2002, d&#8217;11 de juliol, de Serveis de la Societat de la ...\" \/>\n<meta property=\"og:url\" content=\"https:\/\/nauticacolonia.com\/ca\/avis-legal-y-politica-de-privacitat\/\" \/>\n<meta property=\"og:site_name\" content=\"N\u00e1utica Colonia\" \/>\n<meta property=\"article:modified_time\" content=\"2024-03-19T16:27:40+00:00\" \/>\n<meta name=\"twitter:card\" content=\"summary_large_image\" \/>\n<meta name=\"twitter:label1\" content=\"Temps estimat de lectura\" \/>\n\t<meta name=\"twitter:data1\" content=\"11 minuts\" \/>\n<script type=\"application\/ld+json\" class=\"yoast-schema-graph\">{\"@context\":\"https:\/\/schema.org\",\"@graph\":[{\"@type\":\"WebPage\",\"@id\":\"https:\/\/nauticacolonia.com\/ca\/avis-legal-y-politica-de-privacitat\/\",\"url\":\"https:\/\/nauticacolonia.com\/ca\/avis-legal-y-politica-de-privacitat\/\",\"name\":\"Av\u00eds Legal y Politica de Privacitat - N\u00e1utica Colonia\",\"isPartOf\":{\"@id\":\"https:\/\/nauticacolonia.com\/ca\/#website\"},\"datePublished\":\"2024-02-29T12:50:05+00:00\",\"dateModified\":\"2024-03-19T16:27:40+00:00\",\"breadcrumb\":{\"@id\":\"https:\/\/nauticacolonia.com\/ca\/avis-legal-y-politica-de-privacitat\/#breadcrumb\"},\"inLanguage\":\"ca\",\"potentialAction\":[{\"@type\":\"ReadAction\",\"target\":[\"https:\/\/nauticacolonia.com\/ca\/avis-legal-y-politica-de-privacitat\/\"]}]},{\"@type\":\"BreadcrumbList\",\"@id\":\"https:\/\/nauticacolonia.com\/ca\/avis-legal-y-politica-de-privacitat\/#breadcrumb\",\"itemListElement\":[{\"@type\":\"ListItem\",\"position\":1,\"name\":\"Portada\",\"item\":\"https:\/\/nauticacolonia.com\/ca\/\"},{\"@type\":\"ListItem\",\"position\":2,\"name\":\"Av\u00eds Legal y Politica de Privacitat\"}]},{\"@type\":\"WebSite\",\"@id\":\"https:\/\/nauticacolonia.com\/ca\/#website\",\"url\":\"https:\/\/nauticacolonia.com\/ca\/\",\"name\":\"N\u00e1utica Colonia\",\"description\":\"\",\"potentialAction\":[{\"@type\":\"SearchAction\",\"target\":{\"@type\":\"EntryPoint\",\"urlTemplate\":\"https:\/\/nauticacolonia.com\/ca\/?s={search_term_string}\"},\"query-input\":{\"@type\":\"PropertyValueSpecification\",\"valueRequired\":true,\"valueName\":\"search_term_string\"}}],\"inLanguage\":\"ca\"}]}<\/script>\n<!-- \/ Yoast SEO plugin. -->","yoast_head_json":{"title":"Av\u00eds Legal y Politica de Privacitat - N\u00e1utica Colonia","robots":{"index":"index","follow":"follow","max-snippet":"max-snippet:-1","max-image-preview":"max-image-preview:large","max-video-preview":"max-video-preview:-1"},"canonical":"https:\/\/nauticacolonia.com\/ca\/avis-legal-y-politica-de-privacitat\/","og_locale":"ca_ES","og_type":"article","og_title":"Av\u00eds Legal y Politica de Privacitat - N\u00e1utica Colonia","og_description":"AV\u00cdS LEGAL. LLEI DELS SERVEIS DE LA SOCIETAT DE LA INFORMACI\u00d3 (LSSI) AUTO BOAT ROCA SL, responsable del lloc web, d&#8217;ara endavant RESPONSABLE, posa a disposici\u00f3 dels usuaris el present document, amb el qual pret\u00e9n donar compliment a les obligacions disposades en la Llei 34\/2002, d&#8217;11 de juliol, de Serveis de la Societat de la ...","og_url":"https:\/\/nauticacolonia.com\/ca\/avis-legal-y-politica-de-privacitat\/","og_site_name":"N\u00e1utica Colonia","article_modified_time":"2024-03-19T16:27:40+00:00","twitter_card":"summary_large_image","twitter_misc":{"Temps estimat de lectura":"11 minuts"},"schema":{"@context":"https:\/\/schema.org","@graph":[{"@type":"WebPage","@id":"https:\/\/nauticacolonia.com\/ca\/avis-legal-y-politica-de-privacitat\/","url":"https:\/\/nauticacolonia.com\/ca\/avis-legal-y-politica-de-privacitat\/","name":"Av\u00eds Legal y Politica de Privacitat - N\u00e1utica Colonia","isPartOf":{"@id":"https:\/\/nauticacolonia.com\/ca\/#website"},"datePublished":"2024-02-29T12:50:05+00:00","dateModified":"2024-03-19T16:27:40+00:00","breadcrumb":{"@id":"https:\/\/nauticacolonia.com\/ca\/avis-legal-y-politica-de-privacitat\/#breadcrumb"},"inLanguage":"ca","potentialAction":[{"@type":"ReadAction","target":["https:\/\/nauticacolonia.com\/ca\/avis-legal-y-politica-de-privacitat\/"]}]},{"@type":"BreadcrumbList","@id":"https:\/\/nauticacolonia.com\/ca\/avis-legal-y-politica-de-privacitat\/#breadcrumb","itemListElement":[{"@type":"ListItem","position":1,"name":"Portada","item":"https:\/\/nauticacolonia.com\/ca\/"},{"@type":"ListItem","position":2,"name":"Av\u00eds Legal y Politica de Privacitat"}]},{"@type":"WebSite","@id":"https:\/\/nauticacolonia.com\/ca\/#website","url":"https:\/\/nauticacolonia.com\/ca\/","name":"N\u00e1utica Colonia","description":"","potentialAction":[{"@type":"SearchAction","target":{"@type":"EntryPoint","urlTemplate":"https:\/\/nauticacolonia.com\/ca\/?s={search_term_string}"},"query-input":{"@type":"PropertyValueSpecification","valueRequired":true,"valueName":"search_term_string"}}],"inLanguage":"ca"}]}},"_links":{"self":[{"href":"https:\/\/nauticacolonia.com\/ca\/wp-json\/wp\/v2\/pages\/10803","targetHints":{"allow":["GET"]}}],"collection":[{"href":"https:\/\/nauticacolonia.com\/ca\/wp-json\/wp\/v2\/pages"}],"about":[{"href":"https:\/\/nauticacolonia.com\/ca\/wp-json\/wp\/v2\/types\/page"}],"author":[{"embeddable":true,"href":"https:\/\/nauticacolonia.com\/ca\/wp-json\/wp\/v2\/users\/1"}],"replies":[{"embeddable":true,"href":"https:\/\/nauticacolonia.com\/ca\/wp-json\/wp\/v2\/comments?post=10803"}],"version-history":[{"count":1,"href":"https:\/\/nauticacolonia.com\/ca\/wp-json\/wp\/v2\/pages\/10803\/revisions"}],"predecessor-version":[{"id":10804,"href":"https:\/\/nauticacolonia.com\/ca\/wp-json\/wp\/v2\/pages\/10803\/revisions\/10804"}],"wp:attachment":[{"href":"https:\/\/nauticacolonia.com\/ca\/wp-json\/wp\/v2\/media?parent=10803"}],"curies":[{"name":"wp","href":"https:\/\/api.w.org\/{rel}","templated":true}]}}