{"id":10139,"date":"2024-03-04T11:33:35","date_gmt":"2024-03-04T10:33:35","guid":{"rendered":"https:\/\/nauticacolonia2.aplicacionesinteligentes.es\/anlegeplatz\/"},"modified":"2024-03-20T08:54:04","modified_gmt":"2024-03-20T07:54:04","slug":"anlegeplatz","status":"publish","type":"page","link":"https:\/\/nauticacolonia.com\/de\/anlegeplatz\/","title":{"rendered":"Anlegeplatz"},"content":{"rendered":"\t\t<div data-elementor-type=\"wp-page\" data-elementor-id=\"10139\" class=\"elementor elementor-10139 elementor-4303\" data-elementor-post-type=\"page\">\n\t\t\t\t<div class=\"elementor-element elementor-element-04d8192 e-flex e-con-boxed e-con e-parent\" data-id=\"04d8192\" data-element_type=\"container\">\n\t\t\t\t\t<div class=\"e-con-inner\">\n\t\t\t\t<div class=\"elementor-element elementor-element-7c8303d elementor-widget elementor-widget-heading\" data-id=\"7c8303d\" data-element_type=\"widget\" data-widget_type=\"heading.default\">\n\t\t\t\t<div class=\"elementor-widget-container\">\n\t\t\t<h2 class=\"elementor-heading-title elementor-size-default\">In unserem Anlegeplatz sorgen wir uns um Ihr Boot<\/h2>\t\t<\/div>\n\t\t\t\t<\/div>\n\t\t\t\t<div class=\"elementor-element elementor-element-051ec71 elementor-widget elementor-widget-text-editor\" data-id=\"051ec71\" data-element_type=\"widget\" data-widget_type=\"text-editor.default\">\n\t\t\t\t<div class=\"elementor-widget-container\">\n\t\t\t\t\t\t\t<p>In N\u00e1utica Colonia verf\u00fcgen wir \u00fcber einen technischen Bereich\/Stapelplatz mit allem Notwendigen f\u00fcr die Wartung Ihres Bootes: ein Stapelplatz von 300 m2 und ein Travellift mit einer Kapazit\u00e4t f\u00fcr 10 Tonnen.<\/p>\n<p>F\u00fcr die \u00dcberholung Ihres Bootes und seiner Wartung bieten wir zudem folgende Dienstleistungen an:<\/p>\n<div class=\"varadero-columns\">\n<ul>\n<li>Slipanlage<\/li>\n<li>Antifouling<\/li>\n<li>Anstricharbeiten<\/li>\n<li>Lackierungen<\/li>\n<li>Glasfaser-Reparaturen<\/li>\n<li>Holzreparaturen<\/li>\n<li>Mechanik<\/li>\n<li>Bootsbeschl\u00e4ge<\/li>\n<\/ul>\n<\/div>\n\t\t\t\t\t\t<\/div>\n\t\t\t\t<\/div>\n\t\t\t\t\t<\/div>\n\t\t\t\t<\/div>\n\t\t<div class=\"elementor-element elementor-element-e4fd11c e-flex e-con-boxed e-con e-parent\" data-id=\"e4fd11c\" data-element_type=\"container\">\n\t\t\t\t\t<div class=\"e-con-inner\">\n\t\t\t\t<div class=\"elementor-element elementor-element-42b84fc elementor-widget elementor-widget-wpforms\" data-id=\"42b84fc\" data-element_type=\"widget\" data-widget_type=\"wpforms.default\">\n\t\t\t\t<div class=\"elementor-widget-container\">\n\t\t\t<style id=\"wpforms-css-vars-elementor-widget-42b84fc\">\n\t\t\t\t.elementor-widget-wpforms.elementor-element-42b84fc {\n\t\t\t\t--wpforms-button-background-color: #203378;\n--wpforms-field-size-input-height: 43px;\n--wpforms-field-size-input-spacing: 15px;\n--wpforms-field-size-font-size: 16px;\n--wpforms-field-size-line-height: 19px;\n--wpforms-field-size-padding-h: 14px;\n--wpforms-field-size-checkbox-size: 16px;\n--wpforms-field-size-sublabel-spacing: 5px;\n--wpforms-field-size-icon-size: 1;\n--wpforms-label-size-font-size: 16px;\n--wpforms-label-size-line-height: 19px;\n--wpforms-label-size-sublabel-font-size: 14px;\n--wpforms-label-size-sublabel-line-height: 17px;\n--wpforms-button-size-font-size: 17px;\n--wpforms-button-size-height: 41px;\n--wpforms-button-size-padding-h: 15px;\n--wpforms-button-size-margin-top: 10px;\n\n\t\t\t}\n\t\t\t<\/style><div class=\"wpforms-container wpforms-container-full wpforms-render-modern\" id=\"wpforms-3433\"><form id=\"wpforms-form-3433\" class=\"wpforms-validate wpforms-form wpforms-ajax-form\" data-formid=\"3433\" method=\"post\" enctype=\"multipart\/form-data\" action=\"\/de\/wp-json\/wp\/v2\/pages\/10139\" data-token=\"1858e794f109ca4aa8d600fe592b629a\" data-token-time=\"1775298764\"><div class=\"wpforms-head-container\"><div class=\"wpforms-title\">Informationen unverbindlich anfordern<\/div><\/div><noscript class=\"wpforms-error-noscript\">Bitte aktiviere JavaScript in deinem Browser, um dieses Formular fertigzustellen.<\/noscript><div class=\"wpforms-hidden\" id=\"wpforms-error-noscript\">Bitte aktiviere JavaScript in deinem Browser, um dieses Formular fertigzustellen.<\/div><div class=\"wpforms-field-container\"><div id=\"wpforms-3433-field_0-container\" class=\"wpforms-field wpforms-field-name wpforms-one-half wpforms-first\" data-field-id=\"0\"><label class=\"wpforms-field-label\" for=\"wpforms-3433-field_0\">Vorname <span class=\"wpforms-required-label\" aria-hidden=\"true\">*<\/span><\/label><input type=\"text\" id=\"wpforms-3433-field_0\" class=\"wpforms-field-large wpforms-field-required\" name=\"wpforms[fields][0]\" aria-errormessage=\"wpforms-3433-field_0-error\" required><\/div><div id=\"wpforms-3433-field_6-container\" class=\"wpforms-field wpforms-field-text wpforms-one-half\" data-field-id=\"6\"><label class=\"wpforms-field-label\" for=\"wpforms-3433-field_6\">Nachname <span class=\"wpforms-required-label\" aria-hidden=\"true\">*<\/span><\/label><input type=\"text\" id=\"wpforms-3433-field_6\" class=\"wpforms-field-large wpforms-field-required\" name=\"wpforms[fields][6]\" aria-errormessage=\"wpforms-3433-field_6-error\" required><\/div><div id=\"wpforms-3433-field_4-container\" class=\"wpforms-field wpforms-field-text wpforms-one-half wpforms-first\" data-field-id=\"4\"><label class=\"wpforms-field-label\" for=\"wpforms-3433-field_4\">Telefon <span class=\"wpforms-required-label\" aria-hidden=\"true\">*<\/span><\/label><input type=\"text\" id=\"wpforms-3433-field_4\" class=\"wpforms-field-large wpforms-field-required wpforms-masked-input\" data-rule-inputmask-incomplete=\"1\" data-inputmask-mask=\"[+99 ]999999999\" name=\"wpforms[fields][4]\" aria-errormessage=\"wpforms-3433-field_4-error\" required><\/div><div id=\"wpforms-3433-field_1-container\" class=\"wpforms-field wpforms-field-email wpforms-one-half\" data-field-id=\"1\"><label class=\"wpforms-field-label\" for=\"wpforms-3433-field_1\">E-Mail <span class=\"wpforms-required-label\" aria-hidden=\"true\">*<\/span><\/label><input type=\"email\" id=\"wpforms-3433-field_1\" class=\"wpforms-field-large wpforms-field-required\" name=\"wpforms[fields][1]\" spellcheck=\"false\" aria-errormessage=\"wpforms-3433-field_1-error\" required><\/div><div id=\"wpforms-3433-field_2-container\" class=\"wpforms-field wpforms-field-textarea syr-contactform__comment\" data-field-id=\"2\"><label class=\"wpforms-field-label\" for=\"wpforms-3433-field_2\">Nachricht <span class=\"wpforms-required-label\" aria-hidden=\"true\">*<\/span><\/label><textarea id=\"wpforms-3433-field_2\" class=\"wpforms-field-medium wpforms-field-required\" name=\"wpforms[fields][2]\" aria-errormessage=\"wpforms-3433-field_2-error\" required><\/textarea><\/div><div id=\"wpforms-3433-field_5-container\" class=\"wpforms-field wpforms-field-checkbox\" data-field-id=\"5\"><fieldset><legend class=\"wpforms-field-label\">  <span class=\"wpforms-required-label\" aria-hidden=\"true\">*<\/span><\/legend><ul id=\"wpforms-3433-field_5\" class=\"wpforms-field-required\" data-choice-limit=\"1\"><li class=\"choice-1 depth-1\"><input type=\"checkbox\" id=\"wpforms-3433-field_5_1\" data-rule-check-limit=\"true\" name=\"wpforms[fields][5][]\" value=\"Ich habe die &lt;a href=&quot;\/&quot;&gt;Rechtlichen Hinweise und die Datenschutzrichtlinie&lt;\/a&gt; gelesen und akzeptiere sie\n\n\" aria-errormessage=\"wpforms-3433-field_5_1-error\" required ><label class=\"wpforms-field-label-inline\" for=\"wpforms-3433-field_5_1\">Ich habe die <a href=\"\/\">Rechtlichen Hinweise und die Datenschutzrichtlinie<\/a> gelesen und akzeptiere sie<\/label><\/li><\/ul><\/fieldset><\/div><\/div><!-- .wpforms-field-container --><div class=\"wpforms-recaptcha-container wpforms-is-recaptcha wpforms-is-recaptcha-type-v3\" ><input type=\"hidden\" name=\"wpforms[recaptcha]\" value=\"\"><\/div><div class=\"wpforms-submit-container\" ><input type=\"hidden\" name=\"wpforms[id]\" value=\"3433\"><input type=\"hidden\" name=\"page_title\" value=\"\"><input type=\"hidden\" name=\"page_url\" value=\"https:\/\/nauticacolonia.com\/de\/wp-json\/wp\/v2\/pages\/10139\"><input type=\"hidden\" name=\"url_referer\" value=\"\"><button type=\"submit\" name=\"wpforms[submit]\" id=\"wpforms-submit-3433\" class=\"wpforms-submit\" data-alt-text=\"Enviando...\" data-submit-text=\"Senden\" aria-live=\"assertive\" value=\"wpforms-submit\">Senden<\/button><img decoding=\"async\" src=\"https:\/\/nauticacolonia.com\/wp-content\/plugins\/wpforms-lite\/assets\/images\/submit-spin.svg\" class=\"wpforms-submit-spinner\" style=\"display: none;\" width=\"26\" height=\"26\" alt=\"Wird geladen\"><\/div><\/form><\/div>  <!-- .wpforms-container -->\t\t<\/div>\n\t\t\t\t<\/div>\n\t\t\t\t\t<\/div>\n\t\t\t\t<\/div>\n\t\t\t\t<\/div>\n\t\t","protected":false},"excerpt":{"rendered":"<p>In unserem Anlegeplatz sorgen wir uns um Ihr Boot In N\u00e1utica Colonia verf\u00fcgen wir \u00fcber einen technischen Bereich\/Stapelplatz mit allem Notwendigen f\u00fcr die Wartung Ihres Bootes: ein Stapelplatz von 300 m2 und ein Travellift mit einer Kapazit\u00e4t f\u00fcr 10 Tonnen. F\u00fcr die \u00dcberholung Ihres Bootes und seiner Wartung bieten wir zudem folgende Dienstleistungen an: Slipanlage &#8230;<\/p>\n","protected":false},"author":1,"featured_media":0,"parent":0,"menu_order":0,"comment_status":"closed","ping_status":"closed","template":"","meta":{"inline_featured_image":false,"footnotes":""},"class_list":["post-10139","page","type-page","status-publish","hentry"],"yoast_head":"<!-- This site is optimized with the Yoast SEO plugin v24.7 - https:\/\/yoast.com\/wordpress\/plugins\/seo\/ -->\n<title>Anlegeplatz - N\u00e1utica Colonia<\/title>\n<meta name=\"robots\" content=\"index, follow, max-snippet:-1, max-image-preview:large, max-video-preview:-1\" \/>\n<link rel=\"canonical\" href=\"https:\/\/nauticacolonia.com\/de\/anlegeplatz\/\" \/>\n<meta property=\"og:locale\" content=\"de_DE\" \/>\n<meta property=\"og:type\" content=\"article\" \/>\n<meta property=\"og:title\" content=\"Anlegeplatz - N\u00e1utica Colonia\" \/>\n<meta property=\"og:description\" content=\"In unserem Anlegeplatz sorgen wir uns um Ihr Boot In N\u00e1utica Colonia verf\u00fcgen wir \u00fcber einen technischen Bereich\/Stapelplatz mit allem Notwendigen f\u00fcr die Wartung Ihres Bootes: ein Stapelplatz von 300 m2 und ein Travellift mit einer Kapazit\u00e4t f\u00fcr 10 Tonnen. F\u00fcr die \u00dcberholung Ihres Bootes und seiner Wartung bieten wir zudem folgende Dienstleistungen an: Slipanlage ...\" \/>\n<meta property=\"og:url\" content=\"https:\/\/nauticacolonia.com\/de\/anlegeplatz\/\" \/>\n<meta property=\"og:site_name\" content=\"N\u00e1utica Colonia\" \/>\n<meta property=\"article:modified_time\" content=\"2024-03-20T07:54:04+00:00\" \/>\n<meta property=\"og:image\" content=\"https:\/\/nauticacolonia2.aplicacionesinteligentes.es\/wp-content\/plugins\/wpforms-lite\/assets\/images\/submit-spin.svg\" \/>\n<meta name=\"twitter:card\" content=\"summary_large_image\" \/>\n<meta name=\"twitter:label1\" content=\"Gesch\u00e4tzte Lesezeit\" \/>\n\t<meta name=\"twitter:data1\" content=\"1\u00a0Minute\" \/>\n<script type=\"application\/ld+json\" class=\"yoast-schema-graph\">{\"@context\":\"https:\/\/schema.org\",\"@graph\":[{\"@type\":\"WebPage\",\"@id\":\"https:\/\/nauticacolonia.com\/de\/anlegeplatz\/\",\"url\":\"https:\/\/nauticacolonia.com\/de\/anlegeplatz\/\",\"name\":\"Anlegeplatz - N\u00e1utica Colonia\",\"isPartOf\":{\"@id\":\"https:\/\/nauticacolonia.com\/de\/#website\"},\"primaryImageOfPage\":{\"@id\":\"https:\/\/nauticacolonia.com\/de\/anlegeplatz\/#primaryimage\"},\"image\":{\"@id\":\"https:\/\/nauticacolonia.com\/de\/anlegeplatz\/#primaryimage\"},\"thumbnailUrl\":\"https:\/\/nauticacolonia2.aplicacionesinteligentes.es\/wp-content\/plugins\/wpforms-lite\/assets\/images\/submit-spin.svg\",\"datePublished\":\"2024-03-04T10:33:35+00:00\",\"dateModified\":\"2024-03-20T07:54:04+00:00\",\"breadcrumb\":{\"@id\":\"https:\/\/nauticacolonia.com\/de\/anlegeplatz\/#breadcrumb\"},\"inLanguage\":\"de\",\"potentialAction\":[{\"@type\":\"ReadAction\",\"target\":[\"https:\/\/nauticacolonia.com\/de\/anlegeplatz\/\"]}]},{\"@type\":\"ImageObject\",\"inLanguage\":\"de\",\"@id\":\"https:\/\/nauticacolonia.com\/de\/anlegeplatz\/#primaryimage\",\"url\":\"https:\/\/nauticacolonia2.aplicacionesinteligentes.es\/wp-content\/plugins\/wpforms-lite\/assets\/images\/submit-spin.svg\",\"contentUrl\":\"https:\/\/nauticacolonia2.aplicacionesinteligentes.es\/wp-content\/plugins\/wpforms-lite\/assets\/images\/submit-spin.svg\"},{\"@type\":\"BreadcrumbList\",\"@id\":\"https:\/\/nauticacolonia.com\/de\/anlegeplatz\/#breadcrumb\",\"itemListElement\":[{\"@type\":\"ListItem\",\"position\":1,\"name\":\"Portada\",\"item\":\"https:\/\/nauticacolonia.com\/de\/\"},{\"@type\":\"ListItem\",\"position\":2,\"name\":\"Anlegeplatz\"}]},{\"@type\":\"WebSite\",\"@id\":\"https:\/\/nauticacolonia.com\/de\/#website\",\"url\":\"https:\/\/nauticacolonia.com\/de\/\",\"name\":\"N\u00e1utica Colonia\",\"description\":\"\",\"potentialAction\":[{\"@type\":\"SearchAction\",\"target\":{\"@type\":\"EntryPoint\",\"urlTemplate\":\"https:\/\/nauticacolonia.com\/de\/?s={search_term_string}\"},\"query-input\":{\"@type\":\"PropertyValueSpecification\",\"valueRequired\":true,\"valueName\":\"search_term_string\"}}],\"inLanguage\":\"de\"}]}<\/script>\n<!-- \/ Yoast SEO plugin. -->","yoast_head_json":{"title":"Anlegeplatz - N\u00e1utica Colonia","robots":{"index":"index","follow":"follow","max-snippet":"max-snippet:-1","max-image-preview":"max-image-preview:large","max-video-preview":"max-video-preview:-1"},"canonical":"https:\/\/nauticacolonia.com\/de\/anlegeplatz\/","og_locale":"de_DE","og_type":"article","og_title":"Anlegeplatz - N\u00e1utica Colonia","og_description":"In unserem Anlegeplatz sorgen wir uns um Ihr Boot In N\u00e1utica Colonia verf\u00fcgen wir \u00fcber einen technischen Bereich\/Stapelplatz mit allem Notwendigen f\u00fcr die Wartung Ihres Bootes: ein Stapelplatz von 300 m2 und ein Travellift mit einer Kapazit\u00e4t f\u00fcr 10 Tonnen. F\u00fcr die \u00dcberholung Ihres Bootes und seiner Wartung bieten wir zudem folgende Dienstleistungen an: Slipanlage ...","og_url":"https:\/\/nauticacolonia.com\/de\/anlegeplatz\/","og_site_name":"N\u00e1utica Colonia","article_modified_time":"2024-03-20T07:54:04+00:00","og_image":[{"url":"https:\/\/nauticacolonia2.aplicacionesinteligentes.es\/wp-content\/plugins\/wpforms-lite\/assets\/images\/submit-spin.svg","type":"","width":"","height":""}],"twitter_card":"summary_large_image","twitter_misc":{"Gesch\u00e4tzte Lesezeit":"1\u00a0Minute"},"schema":{"@context":"https:\/\/schema.org","@graph":[{"@type":"WebPage","@id":"https:\/\/nauticacolonia.com\/de\/anlegeplatz\/","url":"https:\/\/nauticacolonia.com\/de\/anlegeplatz\/","name":"Anlegeplatz - N\u00e1utica Colonia","isPartOf":{"@id":"https:\/\/nauticacolonia.com\/de\/#website"},"primaryImageOfPage":{"@id":"https:\/\/nauticacolonia.com\/de\/anlegeplatz\/#primaryimage"},"image":{"@id":"https:\/\/nauticacolonia.com\/de\/anlegeplatz\/#primaryimage"},"thumbnailUrl":"https:\/\/nauticacolonia2.aplicacionesinteligentes.es\/wp-content\/plugins\/wpforms-lite\/assets\/images\/submit-spin.svg","datePublished":"2024-03-04T10:33:35+00:00","dateModified":"2024-03-20T07:54:04+00:00","breadcrumb":{"@id":"https:\/\/nauticacolonia.com\/de\/anlegeplatz\/#breadcrumb"},"inLanguage":"de","potentialAction":[{"@type":"ReadAction","target":["https:\/\/nauticacolonia.com\/de\/anlegeplatz\/"]}]},{"@type":"ImageObject","inLanguage":"de","@id":"https:\/\/nauticacolonia.com\/de\/anlegeplatz\/#primaryimage","url":"https:\/\/nauticacolonia2.aplicacionesinteligentes.es\/wp-content\/plugins\/wpforms-lite\/assets\/images\/submit-spin.svg","contentUrl":"https:\/\/nauticacolonia2.aplicacionesinteligentes.es\/wp-content\/plugins\/wpforms-lite\/assets\/images\/submit-spin.svg"},{"@type":"BreadcrumbList","@id":"https:\/\/nauticacolonia.com\/de\/anlegeplatz\/#breadcrumb","itemListElement":[{"@type":"ListItem","position":1,"name":"Portada","item":"https:\/\/nauticacolonia.com\/de\/"},{"@type":"ListItem","position":2,"name":"Anlegeplatz"}]},{"@type":"WebSite","@id":"https:\/\/nauticacolonia.com\/de\/#website","url":"https:\/\/nauticacolonia.com\/de\/","name":"N\u00e1utica Colonia","description":"","potentialAction":[{"@type":"SearchAction","target":{"@type":"EntryPoint","urlTemplate":"https:\/\/nauticacolonia.com\/de\/?s={search_term_string}"},"query-input":{"@type":"PropertyValueSpecification","valueRequired":true,"valueName":"search_term_string"}}],"inLanguage":"de"}]}},"_links":{"self":[{"href":"https:\/\/nauticacolonia.com\/de\/wp-json\/wp\/v2\/pages\/10139","targetHints":{"allow":["GET"]}}],"collection":[{"href":"https:\/\/nauticacolonia.com\/de\/wp-json\/wp\/v2\/pages"}],"about":[{"href":"https:\/\/nauticacolonia.com\/de\/wp-json\/wp\/v2\/types\/page"}],"author":[{"embeddable":true,"href":"https:\/\/nauticacolonia.com\/de\/wp-json\/wp\/v2\/users\/1"}],"replies":[{"embeddable":true,"href":"https:\/\/nauticacolonia.com\/de\/wp-json\/wp\/v2\/comments?post=10139"}],"version-history":[{"count":2,"href":"https:\/\/nauticacolonia.com\/de\/wp-json\/wp\/v2\/pages\/10139\/revisions"}],"predecessor-version":[{"id":10716,"href":"https:\/\/nauticacolonia.com\/de\/wp-json\/wp\/v2\/pages\/10139\/revisions\/10716"}],"wp:attachment":[{"href":"https:\/\/nauticacolonia.com\/de\/wp-json\/wp\/v2\/media?parent=10139"}],"curies":[{"name":"wp","href":"https:\/\/api.w.org\/{rel}","templated":true}]}}