{"id":10171,"date":"2024-02-29T13:48:45","date_gmt":"2024-02-29T12:48:45","guid":{"rendered":"https:\/\/nauticacolonia2.aplicacionesinteligentes.es\/allgemeine-geschaeftsbedingungen\/"},"modified":"2024-02-29T13:48:45","modified_gmt":"2024-02-29T12:48:45","slug":"allgemeine-geschaeftsbedingungen","status":"publish","type":"page","link":"https:\/\/nauticacolonia.com\/de\/allgemeine-geschaeftsbedingungen\/","title":{"rendered":"Allgemeine Gesch\u00e4ftsbedingungen"},"content":{"rendered":"<div class=\"page-content-skeleton mobile-margin\">\n<section>\n<div class=\"page-content-skeleton top-content padding-top-nav margin-bottom-reduced\">\n<h1 class=\"pages-title\">ALLGEMEINE GESCH\u00c4FTSBEDINGUNGEN<\/h1>\n<\/div>\n<div class=\"page-content-skeleton mobile-margin\"><\/div>\n<\/section>\n<section><\/section>\n<section class=\"section-content margin-top-reduced\">Dieses Vertragsdokument regelt die Dienstleistungsvertr\u00e4ge \u00fcber die Webseite nauticacolonia.com, Eigentum von AUTO BOAT ROCA SL, im Folgenden ANBIETER genannt. Die Akzeptanz dieses Dokuments impliziert, dass der NUTZER:<\/p>\n<ul>\n<li>Das hier Ausgef\u00fchrte gelesen, verstanden und erfasst hat.<\/li>\n<li>Eine Person mit ausreichender Kapazit\u00e4t zum Abschluss von Vertr\u00e4gen ist.<\/li>\n<li>Alle hier festgelegten Verpflichtungen \u00fcbernimmt.<\/li>\n<\/ul>\n<p>Diese Bedingungen gelten auf unbestimmte Zeit und sind auf alle Vertr\u00e4ge anwendbar, die \u00fcber die Webseite des ANBIETERS abgeschlossen werden.<\/p>\n<p>Der ANBIETER informiert, dass er das Handelsgesch\u00e4ft verantwortungsvoll betreibt und die geltenden Gesetze der L\u00e4nder kennt, in denen er seine Dienstleistungen anbietet, und beh\u00e4lt sich das Recht vor, die Bedingungen einseitig zu \u00e4ndern, ohne dass dies die zuvor vor der \u00c4nderung erworbenen G\u00fcter oder Werbeaktionen beeintr\u00e4chtigt.<\/p>\n<\/section>\n<\/div>\n<div class=\"page-content-skeleton mobile-margin\">\n<section class=\"section-content margin-top-reduced\">\n<h2>Identit\u00e4t der Vertragsparteien<\/h2>\n<p>Einerseits der Anbieter der vom NUTZER beauftragten G\u00fcter oder Dienstleistungen, AUTO BOAT ROCA SL, mit Gesch\u00e4ftssitz in Explanada del Puerto, s\/n &#8211; 07638 Colonia de Sant Jordi (Illes Balears), NIF B07631948 und mit Kundendienst-\/NUTZER-Telefon 971655222.<\/p>\n<p>Und andererseits der NUTZER, registriert auf der Webseite, der f\u00fcr die Richtigkeit der von ihm an den ANBIETER \u00fcbermittelten pers\u00f6nlichen Daten verantwortlich ist.<\/p>\n<\/section>\n<\/div>\n<div class=\"page-content-skeleton mobile-margin\">\n<section class=\"section-content margin-top-reduced\">\n<h2>Vertragsgegenstand<\/h2>\n<p>Dieser Vertrag regelt das Mietverh\u00e4ltnis zwischen dem ANBIETER und dem NUTZER zum Zeitpunkt der Akzeptanz w\u00e4hrend des Online-Vertragsprozesses in dem entsprechenden K\u00e4stchen.<\/p>\n<p>Das Mietverh\u00e4ltnis umfasst die Lieferung eines bestimmten Dienstes im Austausch gegen einen bestimmten Preis, der \u00f6ffentlich \u00fcber die Webseite angegeben wird.<\/p>\n<\/section>\n<\/div>\n<div class=\"page-content-skeleton mobile-margin\">\n<section class=\"section-content margin-top-reduced\">\n<h2>Vertragsverfahren<\/h2>\n<p>Der NUTZER muss, um auf die Dienstleistungen des ANBIETERS zugreifen zu k\u00f6nnen, die pers\u00f6nlichen Daten, die von ihm verlangt werden, freiwillig und wahrheitsgem\u00e4\u00df angeben, die gem\u00e4\u00df der Verordnung (EU) 2016\/679 vom 27. April (GDPR) und dem Organischen Gesetz 3\/2018 vom 5. Dezember (LOPDGDD) behandelt werden, wie im rechtlichen Hinweis und in der Datenschutzrichtlinie dieser Webseite detailliert.<\/p>\n<p>Nachdem der NUTZER die pers\u00f6nlichen Daten eingegeben hat, wird darauf hingewiesen, dass gem\u00e4\u00df Artikel 27 des Gesetzes 34\/2002 \u00fcber Dienstleistungen der Informationsgesellschaft und des elektronischen Gesch\u00e4ftsverkehrs (LSSICE) das Vertragsverfahren die folgenden Schritte umfasst:<\/p>\n<ol>\n<li>Allgemeine Vertragsklauseln.<\/li>\n<li>Beschwerden. .<\/li>\n<li>H\u00f6here Gewalt.<\/li>\n<li>Zust\u00e4ndigkeit.<\/li>\n<li>Allgemeinheiten des Angebots.<\/li>\n<li>Preis und G\u00fcltigkeitsdauer des Angebots.<\/li>\n<li>Zahlungsweise, Kosten und Rabatte.<\/li>\n<li>Stornierungen und R\u00fcckgaben.<\/li>\n<li>Anwendbares Recht und Gerichtsbarkeit.<\/li>\n<\/ol>\n<\/section>\n<\/div>\n<div class=\"page-content-skeleton mobile-margin\">\n<section class=\"section-content margin-top-reduced\">\n<h2>1. ALLGEMEINE VERTRAGSKLAUSELN<\/h2>\n<p>Sofern nicht schriftlich eine besondere Vereinbarung getroffen wurde, impliziert die Vornahme einer Reservierung beim ANBIETER die Akzeptanz dieser rechtlichen Bedingungen durch den NUTZER. Keine Bestimmung, die vom NUTZER gemacht wurde, kann von den Bestimmungen des ANBIETERS abweichen, wenn sie nicht im Voraus ausdr\u00fccklich und schriftlich vom ANBIETER akzeptiert wurde.<\/p>\n<\/section>\n<\/div>\n<div class=\"page-content-skeleton mobile-margin\">\n<section class=\"section-content margin-top-reduced\">\n<h2>2. BESCHWERDEN<\/h2>\n<p>Jede Beschwerde, die der NUTZER f\u00fcr angebracht h\u00e4lt, wird so schnell wie m\u00f6glich bearbeitet und kann an folgende Kontaktdaten gerichtet werden:<\/p>\n<p>Post: AUTO BOAT ROCA SL, Explanada del Puerto, s\/n &#8211; 07638 Colonia de Sant Jordi (Illes Balears)<\/p>\n<p>Tel\u00e9fono: 971655222<\/p>\n<p>E-Mail: oficina@nauticacolonia.com<\/p>\n<\/section>\n<section class=\"section-content margin-top-reduced\">\n<h2>Online-Streitbeilegung (Online Dispute Resolution)<\/h2>\n<p>Gem\u00e4\u00df Art. 14.1 der Verordnung (EU) 524\/2013 stellt die Europ\u00e4ische Kommission eine kostenlose Plattform f\u00fcr die Online-Beilegung von Konflikten zwischen dem NUTZER und dem ANBIETER zur Verf\u00fcgung, ohne dass Gerichte in Anspruch genommen werden m\u00fcssen, durch die Intervention eines Dritten, genannt Streitbeilegungsorgan, das als Vermittler zwischen beiden fungiert. Dieses Organ ist neutral und wird mit beiden Parteien dialogieren, um eine Einigung zu erzielen, und kann schlie\u00dflich eine L\u00f6sung f\u00fcr den Konflikt vorschlagen und\/oder auferlegen.<\/p>\n<p>Link zur ODR-Plattform: http:\/\/ec.europa.eu\/consumers\/odr\/<\/p>\n<\/section>\n<\/div>\n<div class=\"page-content-skeleton mobile-margin\">\n<section class=\"section-content margin-top-reduced\">\n<h2>3. H\u00d6HERE GEWALT<\/h2>\n<p>Die Parteien haften nicht f\u00fcr jegliches Vers\u00e4umnis aufgrund h\u00f6herer Gewalt. Die Erf\u00fcllung der Verpflichtung wird bis zum Ende der h\u00f6heren Gewalt aufgeschoben.<\/p>\n<\/section>\n<\/div>\n<div class=\"page-content-skeleton mobile-margin\">\n<section class=\"section-content margin-top-reduced\">\n<h2>4. ZUST\u00c4NDIGKEIT<\/h2>\n<p>Der NUTZER darf die Rechte, Verantwortlichkeiten und Verpflichtungen, die im Rahmen der Anmietung vereinbart wurden, nicht abtreten, \u00fcbertragen oder \u00fcbermitteln.<\/p>\n<p>Sollte eine Bestimmung dieser Bedingungen als nichtig oder undurchf\u00fchrbar angesehen werden, wird die G\u00fcltigkeit, Rechtm\u00e4\u00dfigkeit und Erf\u00fcllbarkeit der \u00fcbrigen Bestimmungen in keiner Weise beeintr\u00e4chtigt oder ver\u00e4ndert.<\/p>\n<p>Der NUTZER erkl\u00e4rt, dass er die Allgemeinen Gesch\u00e4ftsbedingungen in vollem Umfang gelesen, gekannt und akzeptiert hat.<\/p>\n<\/section>\n<\/div>\n<div class=\"page-content-skeleton mobile-margin\">\n<section class=\"section-content margin-top-reduced\">\n<h2>5. ALLGEMEINHEITEN DES ANGEBOTS<\/h2>\n<p>Die vom ANBIETER durchgef\u00fchrten Bootsvermietungen unterliegen diesen Allgemeinen Gesch\u00e4ftsbedingungen.<\/p>\n<p>Keine \u00c4nderung, Ab\u00e4nderung oder Vereinbarung, die der Gesch\u00e4ftsvorschlag von AUTO BOAT ROCA SL oder den hier festgelegten Bestimmungen widerspricht, wird wirksam sein, es sei denn, es liegt eine ausdr\u00fcckliche schriftliche Zustimmung des ANBIETERS vor, in diesem Fall werden diese besonderen Vereinbarungen Vorrang haben.<\/p>\n<p>Aufgrund des kontinuierlichen technischen Fortschritts und der Verbesserungen der Dienstleistungen beh\u00e4lt sich der ANBIETER das Recht vor, seine Spezifikationen in Bezug auf die in seiner Werbung bereitgestellten Informationen zu \u00e4ndern, solange dies den Wert der angebotenen Dienstleistungen nicht beeintr\u00e4chtigt. Diese \u00c4nderungen gelten auch dann, wenn aus irgendeinem Grund die M\u00f6glichkeit der Bereitstellung der angebotenen Dienstleistungen beeintr\u00e4chtigt wird.<\/p>\n<\/section>\n<\/div>\n<div class=\"page-content-skeleton mobile-margin\">\n<section class=\"section-content margin-top-reduced\">\n<h2>6. PREIS UND G\u00dcLTIGKEITSDAUER DES ANGEBOTS<\/h2>\n<p>Die angegebenen Preise f\u00fcr jede Anmietung beinhalten die Mehrwertsteuer (MwSt.) oder andere anwendbare Steuern. Diese Preise beinhalten, sofern nicht ausdr\u00fccklich anders angegeben, nicht die Kosten f\u00fcr Versand, Handhabung, Verpackung, Versandversicherung oder sonstige mit dem erworbenen Dienst verbundene zus\u00e4tzliche Dienstleistungen und Anh\u00e4nge.<\/p>\n<p>Die anwendbaren Preise f\u00fcr jede Anmietung sind die auf der Webseite ver\u00f6ffentlichten Preise und werden in der W\u00e4hrung EURO ausgedr\u00fcckt. Der NUTZER geht davon aus, dass die wirtschaftliche Bewertung einiger Dienstleistungen in Echtzeit variieren kann.<\/p>\n<p>Nach Abschluss der Reservierung bleiben die Preise sowohl bei Verf\u00fcgbarkeit der Dienstleistungen als auch bei Nichtverf\u00fcgbarkeit bestehen.<\/p>\n<p>Jede Zahlung an den ANBIETER impliziert die Ausstellung einer Rechnung im Namen des NUTZERS oder der Firmenbezeichnung, die dieser zum Zeitpunkt der Reservierung angegeben hat. Diese Rechnung wird zusammen mit dem erworbenen Dienst an die vom NUTZER angegebene E-Mail-Adresse gesendet.<\/p>\n<p>F\u00fcr jegliche Informationen \u00fcber die Reservierung kann der NUTZER den Kundendienst des ANBIETERS unter der Telefonnummer 971655222 oder per E-Mail an die Adresse rgpd@nauticacolonia.com kontaktieren.<\/p>\n<\/section>\n<\/div>\n<div class=\"page-content-skeleton mobile-margin\">\n<section class=\"section-content margin-top-reduced\">\n<h2>7. ZAHLUNGSWEISE, GEB\u00dcHREN UND RABATTE<\/h2>\n<p>Der ANBIETER erm\u00f6glicht folgende Zahlungsmethoden f\u00fcr eine Bestellung:<\/p>\n<ul>\n<li>VISA, MASTERCARD, PAYPAL<\/li>\n<\/ul>\n<p>Zahlung von 50% des Bootes als Reservierung. Der Rest wird pers\u00f6nlich (im B\u00fcro) bei der Abholung des Bootes bezahlt.<\/p>\n<p>Extras werden vollst\u00e4ndig (100% des Betrags) zum Zeitpunkt der Reservierung zusammen mit den 50% des Bootes bezahlt.<\/p>\n<p>KAUTION:<\/p>\n<ul>\n<li>Sie wird pers\u00f6nlich per VISA oder MASTERCARD hinterlegt.\n<ul>\n<li>Boote mit Lizenz: 1000\u20ac<\/li>\n<li>Boote ohne Lizenz: 500\u20ac<\/li>\n<\/ul>\n<\/li>\n<\/ul>\n<\/section>\n<\/div>\n<div class=\"page-content-skeleton mobile-margin\">\n<section class=\"section-content margin-top-reduced\">\n<h2>8. STORNIERUNGEN UND R\u00dcCKGABEN<\/h2>\n<ul>\n<li>Bis zu einem Monat: R\u00fcckerstattung von 100% der Reservierung<\/li>\n<li>Bis zu 15 Tagen: R\u00fcckerstattung von 50% der Reservierung<\/li>\n<li>Weniger als 15 Tage: Keine R\u00fcckerstattung<\/li>\n<li>Stornierung wegen schlechten Wetters: Suche nach einem alternativen Datum oder R\u00fcckerstattung von 100% der Reservierung.<\/li>\n<li>Stornierung wegen eines Defekts des Bootes: Suche nach einem alternativen Datum, alternativem Boot f\u00fcr denselben Zeitplan oder R\u00fcckerstattung von 100% der Reservierung.<\/li>\n<\/ul>\n<\/section>\n<\/div>\n<div class=\"page-content-skeleton mobile-margin\">\n<section class=\"section-content margin-top-reduced\">\n<h2>4. ANWENDBARES RECHT UND GERICHTSBARKEIT<\/h2>\n<p>Diese Bedingungen unterliegen oder werden gem\u00e4\u00df dem spanischen Recht interpretiert, soweit dies nicht ausdr\u00fccklich festgelegt ist. Der ANBIETER und der NUTZER vereinbaren, jede Kontroverse, die sich aus der Erbringung der in diesen Bedingungen beschriebenen Dienstleistungen ergeben k\u00f6nnte, den Gerichten und Tribunen des Wohnsitzes des NUTZERS zu unterwerfen.<\/p>\n<p>Falls der NUTZER seinen Wohnsitz au\u00dferhalb Spaniens hat, verzichten der ANBIETER und der NUTZER ausdr\u00fccklich auf jeden anderen Gerichtsstand und unterwerfen sich den Gerichten und Tribunen in der N\u00e4he von Colonia de Sant Jordi (Spanien).<\/p>\n<\/section>\n<\/div>\n","protected":false},"excerpt":{"rendered":"<p>ALLGEMEINE GESCH\u00c4FTSBEDINGUNGEN Dieses Vertragsdokument regelt die Dienstleistungsvertr\u00e4ge \u00fcber die Webseite nauticacolonia.com, Eigentum von AUTO BOAT ROCA SL, im Folgenden ANBIETER genannt. Die Akzeptanz dieses Dokuments impliziert, dass der NUTZER: Das hier Ausgef\u00fchrte gelesen, verstanden und erfasst hat. Eine Person mit ausreichender Kapazit\u00e4t zum Abschluss von Vertr\u00e4gen ist. Alle hier festgelegten Verpflichtungen \u00fcbernimmt. Diese Bedingungen gelten &#8230;<\/p>\n","protected":false},"author":1,"featured_media":0,"parent":0,"menu_order":0,"comment_status":"closed","ping_status":"closed","template":"terms_conditions.php","meta":{"inline_featured_image":false,"footnotes":""},"class_list":["post-10171","page","type-page","status-publish","hentry"],"yoast_head":"<!-- This site is optimized with the Yoast SEO plugin v24.7 - https:\/\/yoast.com\/wordpress\/plugins\/seo\/ -->\n<title>Allgemeine Gesch\u00e4ftsbedingungen - N\u00e1utica Colonia<\/title>\n<meta name=\"robots\" content=\"index, follow, max-snippet:-1, max-image-preview:large, max-video-preview:-1\" \/>\n<link rel=\"canonical\" href=\"https:\/\/nauticacolonia.com\/de\/allgemeine-geschaeftsbedingungen\/\" \/>\n<meta property=\"og:locale\" content=\"de_DE\" \/>\n<meta property=\"og:type\" content=\"article\" \/>\n<meta property=\"og:title\" content=\"Allgemeine Gesch\u00e4ftsbedingungen - N\u00e1utica Colonia\" \/>\n<meta property=\"og:description\" content=\"ALLGEMEINE GESCH\u00c4FTSBEDINGUNGEN Dieses Vertragsdokument regelt die Dienstleistungsvertr\u00e4ge \u00fcber die Webseite nauticacolonia.com, Eigentum von AUTO BOAT ROCA SL, im Folgenden ANBIETER genannt. Die Akzeptanz dieses Dokuments impliziert, dass der NUTZER: Das hier Ausgef\u00fchrte gelesen, verstanden und erfasst hat. Eine Person mit ausreichender Kapazit\u00e4t zum Abschluss von Vertr\u00e4gen ist. Alle hier festgelegten Verpflichtungen \u00fcbernimmt. Diese Bedingungen gelten ...\" \/>\n<meta property=\"og:url\" content=\"https:\/\/nauticacolonia.com\/de\/allgemeine-geschaeftsbedingungen\/\" \/>\n<meta property=\"og:site_name\" content=\"N\u00e1utica Colonia\" \/>\n<meta name=\"twitter:card\" content=\"summary_large_image\" \/>\n<meta name=\"twitter:label1\" content=\"Gesch\u00e4tzte Lesezeit\" \/>\n\t<meta name=\"twitter:data1\" content=\"6\u00a0Minuten\" \/>\n<script type=\"application\/ld+json\" class=\"yoast-schema-graph\">{\"@context\":\"https:\/\/schema.org\",\"@graph\":[{\"@type\":\"WebPage\",\"@id\":\"https:\/\/nauticacolonia.com\/de\/allgemeine-geschaeftsbedingungen\/\",\"url\":\"https:\/\/nauticacolonia.com\/de\/allgemeine-geschaeftsbedingungen\/\",\"name\":\"Allgemeine Gesch\u00e4ftsbedingungen - N\u00e1utica Colonia\",\"isPartOf\":{\"@id\":\"https:\/\/nauticacolonia.com\/de\/#website\"},\"datePublished\":\"2024-02-29T12:48:45+00:00\",\"breadcrumb\":{\"@id\":\"https:\/\/nauticacolonia.com\/de\/allgemeine-geschaeftsbedingungen\/#breadcrumb\"},\"inLanguage\":\"de\",\"potentialAction\":[{\"@type\":\"ReadAction\",\"target\":[\"https:\/\/nauticacolonia.com\/de\/allgemeine-geschaeftsbedingungen\/\"]}]},{\"@type\":\"BreadcrumbList\",\"@id\":\"https:\/\/nauticacolonia.com\/de\/allgemeine-geschaeftsbedingungen\/#breadcrumb\",\"itemListElement\":[{\"@type\":\"ListItem\",\"position\":1,\"name\":\"Portada\",\"item\":\"https:\/\/nauticacolonia.com\/de\/\"},{\"@type\":\"ListItem\",\"position\":2,\"name\":\"Allgemeine Gesch\u00e4ftsbedingungen\"}]},{\"@type\":\"WebSite\",\"@id\":\"https:\/\/nauticacolonia.com\/de\/#website\",\"url\":\"https:\/\/nauticacolonia.com\/de\/\",\"name\":\"N\u00e1utica Colonia\",\"description\":\"\",\"potentialAction\":[{\"@type\":\"SearchAction\",\"target\":{\"@type\":\"EntryPoint\",\"urlTemplate\":\"https:\/\/nauticacolonia.com\/de\/?s={search_term_string}\"},\"query-input\":{\"@type\":\"PropertyValueSpecification\",\"valueRequired\":true,\"valueName\":\"search_term_string\"}}],\"inLanguage\":\"de\"}]}<\/script>\n<!-- \/ Yoast SEO plugin. -->","yoast_head_json":{"title":"Allgemeine Gesch\u00e4ftsbedingungen - N\u00e1utica Colonia","robots":{"index":"index","follow":"follow","max-snippet":"max-snippet:-1","max-image-preview":"max-image-preview:large","max-video-preview":"max-video-preview:-1"},"canonical":"https:\/\/nauticacolonia.com\/de\/allgemeine-geschaeftsbedingungen\/","og_locale":"de_DE","og_type":"article","og_title":"Allgemeine Gesch\u00e4ftsbedingungen - N\u00e1utica Colonia","og_description":"ALLGEMEINE GESCH\u00c4FTSBEDINGUNGEN Dieses Vertragsdokument regelt die Dienstleistungsvertr\u00e4ge \u00fcber die Webseite nauticacolonia.com, Eigentum von AUTO BOAT ROCA SL, im Folgenden ANBIETER genannt. Die Akzeptanz dieses Dokuments impliziert, dass der NUTZER: Das hier Ausgef\u00fchrte gelesen, verstanden und erfasst hat. Eine Person mit ausreichender Kapazit\u00e4t zum Abschluss von Vertr\u00e4gen ist. Alle hier festgelegten Verpflichtungen \u00fcbernimmt. Diese Bedingungen gelten ...","og_url":"https:\/\/nauticacolonia.com\/de\/allgemeine-geschaeftsbedingungen\/","og_site_name":"N\u00e1utica Colonia","twitter_card":"summary_large_image","twitter_misc":{"Gesch\u00e4tzte Lesezeit":"6\u00a0Minuten"},"schema":{"@context":"https:\/\/schema.org","@graph":[{"@type":"WebPage","@id":"https:\/\/nauticacolonia.com\/de\/allgemeine-geschaeftsbedingungen\/","url":"https:\/\/nauticacolonia.com\/de\/allgemeine-geschaeftsbedingungen\/","name":"Allgemeine Gesch\u00e4ftsbedingungen - N\u00e1utica Colonia","isPartOf":{"@id":"https:\/\/nauticacolonia.com\/de\/#website"},"datePublished":"2024-02-29T12:48:45+00:00","breadcrumb":{"@id":"https:\/\/nauticacolonia.com\/de\/allgemeine-geschaeftsbedingungen\/#breadcrumb"},"inLanguage":"de","potentialAction":[{"@type":"ReadAction","target":["https:\/\/nauticacolonia.com\/de\/allgemeine-geschaeftsbedingungen\/"]}]},{"@type":"BreadcrumbList","@id":"https:\/\/nauticacolonia.com\/de\/allgemeine-geschaeftsbedingungen\/#breadcrumb","itemListElement":[{"@type":"ListItem","position":1,"name":"Portada","item":"https:\/\/nauticacolonia.com\/de\/"},{"@type":"ListItem","position":2,"name":"Allgemeine Gesch\u00e4ftsbedingungen"}]},{"@type":"WebSite","@id":"https:\/\/nauticacolonia.com\/de\/#website","url":"https:\/\/nauticacolonia.com\/de\/","name":"N\u00e1utica Colonia","description":"","potentialAction":[{"@type":"SearchAction","target":{"@type":"EntryPoint","urlTemplate":"https:\/\/nauticacolonia.com\/de\/?s={search_term_string}"},"query-input":{"@type":"PropertyValueSpecification","valueRequired":true,"valueName":"search_term_string"}}],"inLanguage":"de"}]}},"_links":{"self":[{"href":"https:\/\/nauticacolonia.com\/de\/wp-json\/wp\/v2\/pages\/10171","targetHints":{"allow":["GET"]}}],"collection":[{"href":"https:\/\/nauticacolonia.com\/de\/wp-json\/wp\/v2\/pages"}],"about":[{"href":"https:\/\/nauticacolonia.com\/de\/wp-json\/wp\/v2\/types\/page"}],"author":[{"embeddable":true,"href":"https:\/\/nauticacolonia.com\/de\/wp-json\/wp\/v2\/users\/1"}],"replies":[{"embeddable":true,"href":"https:\/\/nauticacolonia.com\/de\/wp-json\/wp\/v2\/comments?post=10171"}],"version-history":[{"count":0,"href":"https:\/\/nauticacolonia.com\/de\/wp-json\/wp\/v2\/pages\/10171\/revisions"}],"wp:attachment":[{"href":"https:\/\/nauticacolonia.com\/de\/wp-json\/wp\/v2\/media?parent=10171"}],"curies":[{"name":"wp","href":"https:\/\/api.w.org\/{rel}","templated":true}]}}