{"id":10172,"date":"2024-02-29T13:50:05","date_gmt":"2024-02-29T12:50:05","guid":{"rendered":"https:\/\/nauticacolonia2.aplicacionesinteligentes.es\/rechtlicher-hinweis-und-datenschutzrichtlinie\/"},"modified":"2024-03-18T14:11:29","modified_gmt":"2024-03-18T13:11:29","slug":"rechtlicher-hinweis-und-datenschutzrichtlinie","status":"publish","type":"page","link":"https:\/\/nauticacolonia.com\/de\/rechtlicher-hinweis-und-datenschutzrichtlinie\/","title":{"rendered":"Rechtlicher Hinweis und Datenschutzrichtlinie"},"content":{"rendered":"<h2 class=\"wp-block-heading\">RECHTLICHER HINWEIS. GESETZ \u00dcBER DIENSTE DER INFORMATIONS-GESELLSCHAFT (LSSI)<\/h2><p><\/p><p>AUTO BOAT ROCA SL, verantwortlich f\u00fcr die Webseite, im Folgenden VERANTWORTLICHER genannt, stellt den Benutzern dieses Dokument zur Verf\u00fcgung, mit dem er die Verpflichtungen aus dem Gesetz 34\/2002 vom 11. Juli \u00fcber Dienste der Informationsgesellschaft und elektronischen Handel (LSSICE), BOE Nr. 166, erf\u00fcllen und alle Benutzer der Webseite \u00fcber die Nutzungsbedingungen informieren m\u00f6chte.<\/p><p>Jeder, der auf diese Webseite zugreift, \u00fcbernimmt die Rolle des Benutzers und verpflichtet sich zur genauen Einhaltung und Befolgung der hier festgelegten Bestimmungen sowie jeder anderen gesetzlich anwendbaren Bestimmung.<\/p><p>AUTO BOAT ROCA SL beh\u00e4lt sich das Recht vor, jegliche Art von Informationen, die auf der Webseite erscheinen k\u00f6nnten, ohne die Verpflichtung zu \u00e4ndern, ohne die Benutzer \u00fcber solche Verpflichtungen zu informieren, wobei die Ver\u00f6ffentlichung auf der Webseite von AUTO BOAT ROCA SL als ausreichend angesehen wird.<\/p><p><strong>1. IDENTIFIKATIONS-DATEN<\/strong><\/p><p>Domain-Name: nauticacolonia.com<\/p><p>Handelsname: NAUTICA COLONIA<\/p><p>Gesellschaftsname: AUTO BOAT ROCA SL<\/p><p>NIF: B07631948<\/p><p>Gesellschaftssitz: Explanada del Puerto s\/n, 07638 Colonia de Sant Jordi (ILLES BALEARS)<\/p><p>Telefon: 971655222<\/p><p>e-mail: oficina@nauticacolonia.com<\/p><p>Eingetragen im Handelsregister von Illes Balears T 1846, F 100, H PM 15618<\/p><p><strong>2. RECHTE AN GEISTIGEM EIGENTUM UND GEWERBLICHEM EIGENTUM<\/strong><\/p><p>Die Webseite, einschlie\u00dflich aber nicht beschr\u00e4nkt auf ihre Programmierung, Bearbeitung, Zusammenstellung und andere Elemente, die f\u00fcr ihren Betrieb erforderlich sind, die Designs, Logos, Texte und\/oder Grafiken, sind Eigentum des VERANTWORTLICHEN oder verf\u00fcgen gegebenenfalls \u00fcber eine Lizenz oder ausdr\u00fcckliche Genehmigung der Autoren. Alle Inhalte der Webseite sind angemessen durch die Gesetzgebung zum geistigen und industriellen Eigentum gesch\u00fctzt, sowie in den entsprechenden \u00f6ffentlichen Registern eingetragen.<\/p><p>Unabh\u00e4ngig vom Zweck, f\u00fcr den sie bestimmt waren, erfordert die vollst\u00e4ndige oder teilweise Reproduktion, Verwendung, Ausbeutung, Verbreitung und Vermarktung in jedem Fall eine vorherige schriftliche Genehmigung durch den VERANTWORTLICHEN. Jede bisher nicht autorisierte Verwendung gilt als schwerwiegender Versto\u00df gegen die Urheber- oder Industrieeigentumsrechte des Autors.<\/p><p>Die Designs, Logos, Texte und\/oder Grafiken, die dem VERANTWORTLICHEN nicht geh\u00f6ren und die auf der Webseite erscheinen k\u00f6nnen, geh\u00f6ren ihren jeweiligen Eigent\u00fcmern, die selbst f\u00fcr jegliche m\u00f6gliche Streitigkeiten verantwortlich sind, die diesbez\u00fcglich entstehen k\u00f6nnten. Der VERANTWORTLICHE genehmigt ausdr\u00fccklich Dritten, direkt auf die spezifischen Inhalte der Webseite zuzugreifen und in jedem Fall auf die Hauptwebseite von nauticacolonia.com umzuleiten. Der VERANTWORTLICHE erm\u00e4chtigt Dritte ausdr\u00fccklich, direkt auf die spezifischen Inhalte der Website und in jedem Fall auf die Hauptwebsite von nauticacolonia.com umzuleiten.<\/p><p>Der VERANTWORTLICHE erkennt die entsprechenden Rechte an geistigem und gewerblichem Eigentum zugunsten ihrer Eigent\u00fcmer an, und ihre blo\u00dfe Erw\u00e4hnung oder ihr Erscheinen auf der Website impliziert weder das Bestehen von Rechten oder Verantwortlichkeiten \u00fcber sie noch eine Billigung, F\u00f6rderung oder Empfehlung durch dieselbe.<\/p><p>Um jede Art von Beobachtung bez\u00fcglich m\u00f6glicher Verst\u00f6\u00dfe gegen die Rechte an geistigem oder industriellem Eigentum sowie \u00fcber eines der Inhalte der Webseite vorzunehmen, k\u00f6nnen Sie dies \u00fcber die E-Mail rgpd@nauticacolonia.com tun.<\/p><p><strong>3. HAFTUNGSAUSSCHLUSS<\/strong><\/p><p>Der VERANTWORTLICHE lehnt jede Art von Haftung ab, die sich aus den auf seiner Webseite ver\u00f6ffentlichten Informationen ergibt, sofern diese Informationen manipuliert oder eingef\u00fchrt wurden durch einen Dritten, der nicht dazugeh\u00f6rt.<\/p><p>Verwendung von Cookies<\/p><p>Diese Webseite kann technische Cookies (kleine Informationsdateien, die der Server an den Computer des Zugriffs sendet) verwenden, um bestimmte Funktionen durchzuf\u00fchren, die als unerl\u00e4sslich f\u00fcr das richtige Funktionieren und die Anzeige der Seite angesehen werden. Die verwendeten Cookies haben in jedem Fall einen tempor\u00e4ren Charakter, mit dem alleinigen Zweck, die Navigation effizienter zu gestalten, und verschwinden am Ende der Sitzung des Benutzers. In keinem Fall werden diese Cookies selbst personenbezogene Daten bereitstellen und sie werden nicht zur Sammlung solcher Daten verwendet.<\/p><p>Durch die Verwendung von Cookies ist es auch m\u00f6glich, dass der Server, auf dem die Webseite liegt, den vom Benutzer verwendeten Browser erkennt, um die Navigation einfacher zu machen und beispielsweise den Zugang von Benutzern zu erm\u00f6glichen, die sich zuvor registriert haben, zu den Bereichen, Dienstleistungen, Werbeaktionen oder Wettbewerben, die ihnen ausschlie\u00dflich vorbehalten sind, ohne sich bei jedem Besuch registrieren zu m\u00fcssen.<\/p><p>Sie k\u00f6nnen auch verwendet werden, um die Zielgruppe zu messen, Verkehrsparameter zu \u00fcberwachen, den Fortschritt und die Anzahl der Eintr\u00e4ge zu kontrollieren usw., in diesen F\u00e4llen sind Cookies technisch entbehrlich, aber vorteilhaft f\u00fcr den Benutzer. Diese Webseite wird keine entbehrlichen Cookies ohne vorherige Zustimmung des Benutzers installieren.<\/p><p>Der Benutzer hat die M\u00f6glichkeit, seinen Browser so zu konfigurieren, dass er \u00fcber den Empfang von Cookies informiert wird und deren Installation auf seinem Computer verhindern kann. Bitte konsultieren Sie die Anweisungen Ihres Browsers, um weitere Informationen zu erhalten.<\/p><p>Link-Politik<\/p><p>Von der Webseite k\u00f6nnen Sie zu Inhalten von Websites Dritter weitergeleitet werden. Da der VERANTWORTLICHE nicht immer die von Dritten auf ihren jeweiligen Websites eingef\u00fchrten Inhalte kontrollieren kann, \u00fcbernimmt er keine Haftung f\u00fcr diese Inhalte. In jedem Fall wird er die sofortige Entfernung aller Inhalte vornehmen, die gegen nationales oder internationales Recht, die Moral oder die \u00f6ffentliche Ordnung versto\u00dfen k\u00f6nnten, die sofortige Entfernung der Weiterleitung zu dieser Webseite vornehmen und die zust\u00e4ndigen Beh\u00f6rden \u00fcber den betreffenden Inhalt informieren.<\/p><p>Der VERANTWORTLICHE haftet nicht f\u00fcr die Informationen und Inhalte, die gespeichert sind, einschlie\u00dflich, aber nicht beschr\u00e4nkt auf Foren, Chats, Blog-Generatoren, Kommentare, soziale Netzwerke oder andere Mittel, die es Dritten erm\u00f6glichen, Inhalte unabh\u00e4ngig auf der Webseite des VERANTWORTLICHEN zu ver\u00f6ffentlichen. Dennoch und in \u00dcbereinstimmung mit den Bestimmungen der Artikel 11 und 16 des LSSICE, stellt er sich allen Benutzern, Beh\u00f6rden und Sicherheitskr\u00e4ften zur Verf\u00fcgung und arbeitet aktiv an der Entfernung oder, falls notwendig, der Blockierung aller Inhalte, die die nationale oder internationale Gesetzgebung, die Rechte Dritter oder die Moral und \u00f6ffentliche Ordnung beeintr\u00e4chtigen oder verletzen k\u00f6nnten. Falls der Benutzer der Meinung ist, dass auf der Webseite Inhalte vorhanden sind, die dieser Klassifizierung unterliegen k\u00f6nnten, wird er gebeten, den Administrator der Webseite sofort zu benachrichtigen.<\/p><p>Diese Webseite wurde \u00fcberpr\u00fcft und getestet, um sicherzustellen, dass sie korrekt funktioniert. Im Prinzip kann der korrekte Betrieb 365 Tage im Jahr, 24 Stunden am Tag, gew\u00e4hrleistet werden. Der VERANTWORTLICHE schlie\u00dft jedoch nicht die M\u00f6glichkeit aus, dass bestimmte Programmierfehler bestehen oder dass aufgrund von h\u00f6herer Gewalt, Naturkatastrophen, Streiks oder \u00e4hnlichen Umst\u00e4nden der Zugang zur Webseite unm\u00f6glich ist.<\/p><p>IP-Adressen<\/p><p>Die Webserver k\u00f6nnen automatisch die IP-Adresse und den Domain-Namen des Benutzers erkennen. Eine IP-Adresse ist eine Nummer, die automatisch einem Computer zugewiesen wird, wenn er sich mit dem Internet verbindet. All diese Informationen werden in einer serverseitigen Aktivit\u00e4tsdatei registriert, die die sp\u00e4tere Verarbeitung der Daten erm\u00f6glicht, um nur statistische Messungen zu erhalten, die es uns erm\u00f6glichen, die Anzahl der Seitenaufrufe, die Anzahl der Besuche auf den Webservern, die Reihenfolge der Besuche, den Zugangspunkt usw. zu kennen.<\/p><p><strong>ANWENDBARES RECHT UND GERICHTSBARKEIT<\/strong><\/p><p>F\u00fcr die L\u00f6sung aller Kontroversen oder Fragen im Zusammenhang mit dieser Webseite oder den auf ihr durchgef\u00fchrten Aktivit\u00e4ten gilt das spanische Recht, dem sich die Parteien ausdr\u00fccklich unterwerfen, wobei die Gerichte und Tribunale, die dem Wohnsitz von Colonia de Sant Jordi am n\u00e4chsten liegen, f\u00fcr die L\u00f6sung aller Konflikte zust\u00e4ndig sind, die sich aus ihrer Nutzung ergeben.<\/p><h2 class=\"wp-block-heading\">Datenschutzrichtlinie<\/h2><p><strong>1. INFORMATION F\u00dcR DEN BENUTZER<\/strong><\/p><p>Wer ist der Verantwortliche f\u00fcr die Verarbeitung Ihrer pers\u00f6nlichen Daten?<\/p><p>AUTO BOAT ROCA SL ist VERANTWORTLICHER f\u00fcr die Verarbeitung der pers\u00f6nlichen Daten des BENUTZERS und informiert ihn, dass diese Daten gem\u00e4\u00df den Bestimmungen der Verordnung (EU) 2016\/679 vom 27. April (GDPR) und des Organischen Gesetzes 3\/2018 vom 5. Dezember (LOPDGDD) verarbeitet werden.<\/p><p>Wozu verarbeiten wir Ihre pers\u00f6nlichen Daten?<\/p><p>Um eine kommerzielle Beziehung zum Benutzer zu pflegen. Die geplanten Operationen zur Datenverarbeitung sind:<\/p><ul class=\"wp-block-list\"><li>\u00dcbermittlung von Werbemitteilungen per E-Mail, Fax, SMS, MMS, sozialen Netzwerken oder anderen elektronischen oder physischen Mitteln, die in der Zukunft Kommunikationen erm\u00f6glichen. Diese Mitteilungen werden vom VERANTWORTLICHEN durchgef\u00fchrt und stehen im Zusammenhang mit seinen Produkten und Dienstleistungen, oder denen seiner Partner oder Lieferanten, mit denen er eine Werbevereinbarung getroffen hat. In diesem Fall haben Dritte niemals Zugang zu den pers\u00f6nlichen Daten.<\/li>\n\n<li>Durchf\u00fchrung von Marktforschungsstudien und statistischen Analysen.<\/li>\n\n<li>Bearbeitung von Bestellungen, Anfragen, Beantwortung von Fragen oder jede Art von Anfrage, die vom BENUTZER \u00fcber eines der zur Verf\u00fcgung stehenden Kontaktformulare auf der Webseite des VERANTWORTLICHEN gestellt wird.<\/li>\n\n<li>Versand des Online-Newsletters \u00fcber Neuigkeiten, Angebote und Werbeaktionen in unserer T\u00e4tigkeit.<\/li><\/ul><p>Aus welchem Grund d\u00fcrfen wir Ihre pers\u00f6nlichen Daten verarbeiten?<\/p><p>Weil die Verarbeitung durch Artikel 6 des GDPR legitimiert ist, wie folgt:<\/p><ul class=\"wp-block-list\"><li>Mit der Zustimmung des BENUTZERS: Sendung von Werbekommunikation und Newsletter.<\/li>\n\n<li>Durch das berechtigte Interesse des VERANTWORTLICHEN: Durchf\u00fchrung von Marktforschungsstudien, statistischen Analysen, etc. und Bearbeitung von Bestellungen, Anfragen usw. auf Anfrage des BENUTZERS.<\/li><\/ul><p>Wie lange werden wir Ihre pers\u00f6nlichen Daten aufbewahren?<\/p><p>Sie werden so lange aufbewahrt, wie es f\u00fcr die Erf\u00fcllung des Zwecks, f\u00fcr den sie erhoben wurden, notwendig ist, oder es gesetzliche Vorschriften gibt, die ihre Aufbewahrung vorschreiben und wenn es nicht mehr notwendig ist, werden sie mit angemessenen Sicherheitsma\u00dfnahmen gel\u00f6scht, um die Daten zu anonymisieren oder vollst\u00e4ndig zu zerst\u00f6ren.<\/p><p>An wen geben wir Ihre pers\u00f6nlichen Daten weiter?<\/p><p>Es ist nicht geplant, pers\u00f6nliche Daten an Dritte weiterzugeben, es sei denn, es ist f\u00fcr die Entwicklung und Ausf\u00fchrung der Zwecke der Verarbeitung notwendig, an unsere Dienstleister in Bezug auf Kommunikation, mit denen der VERANTWORTLICHE die Vertraulichkeitsvertr\u00e4ge und den Datenverarbeitervertrag unterzeichnet hat, die von der aktuellen Datenschutzverordnung gefordert werden.<\/p><p>Welche Rechte haben Sie?<\/p><p>Die Rechte, die dem BENUTZER zustehen, sind:<\/p><ul class=\"wp-block-list\"><li>Das Recht, die Zustimmung jederzeit zu widerrufen.<\/li>\n\n<li>Das Recht auf Zugang, Berichtigung, \u00dcbertragbarkeit und L\u00f6schung der Daten und auf Einschr\u00e4nkung oder Widerspruch gegen deren Verarbeitung.<\/li>\n\n<li>Das Recht, eine Beschwerde bei der Aufsichtsbeh\u00f6rde (www.aepd.es) einzureichen, wenn er der Ansicht ist, dass die Verarbeitung nicht den geltenden Vorschriften entspricht.<\/li><\/ul><p>Kontaktdaten zur Aus\u00fcbung Ihrer Rechte:<\/p><p>AUTO BOAT ROCA SL. Explanada del Puerto, s\/n &#8211; 07638 Colonia de Sant Jordi (Illes Balears). Email: rgpd@nauticacolonia.com<\/p><p><strong>2. VERBINDLICHER ODER FAKULTATIVER CHARAKTER DER VOM BENUTZER BEREITGESTELLTEN INFORMATION<\/strong><\/p><p>Die BENUTZER, indem sie die entsprechenden K\u00e4stchen markieren und Daten in die Felder eingeben, die mit einem Sternchen (*) im Kontaktformular oder in den Download-Formularen gekennzeichnet sind, akzeptieren ausdr\u00fccklich und frei und unmissverst\u00e4ndlich, dass ihre Daten notwendig sind, um ihrer Anfrage nachzukommen, durch den Anbieter, wobei die Eingabe von Daten in die \u00fcbrigen Felder freiwillig ist. Der BENUTZER garantiert, dass die dem VERANTWORTLICHEN zur Verf\u00fcgung gestellten pers\u00f6nlichen Daten korrekt sind und ist verantwortlich f\u00fcr die Mitteilung jeglicher \u00c4nderungen derselben.<\/p><p>Der VERANTWORTLICHE informiert, dass alle Daten, die \u00fcber die Webseite angefordert werden, obligatorisch sind, da sie f\u00fcr die optimale Bereitstellung eines Dienstes an den BENUTZER notwendig sind. Falls nicht alle Daten bereitgestellt werden, kann nicht garantiert werden, dass die bereitgestellten Informationen und Dienste vollst\u00e4ndig auf Ihre Bed\u00fcrfnisse abgestimmt sind.<\/p><p><strong>3. SICHERHEITSMASSNAHMEN<\/strong><\/p><p>Dass gem\u00e4\u00df den Bestimmungen der aktuellen Vorschriften zum Schutz personenbezogener Daten der VERANTWORTLICHE alle Bestimmungen der GDPR- und LOPDGDD-Vorschriften f\u00fcr die Verarbeitung personenbezogener Daten, f\u00fcr die er verantwortlich ist, einh\u00e4lt, und offensichtlich mit den in Artikel 5 der GDPR beschriebenen Prinzipien, nach denen sie auf rechtm\u00e4\u00dfige, loyale und transparente Weise in Bezug auf die betroffene Person verarbeitet werden und angemessen, relevant und auf das f\u00fcr die Zwecke, f\u00fcr die sie verarbeitet werden, notwendige Ma\u00df beschr\u00e4nkt sind.<\/p><p>Der VERANTWORTLICHE garantiert, dass er geeignete technische und organisatorische Politiken implementiert hat, um die in der GDPR und der LOPDGDD festgelegten Sicherheitsma\u00dfnahmen anzuwenden, um die Rechte und Freiheiten der BENUTZER zu sch\u00fctzen und ihnen die entsprechenden Informationen mitzuteilen, damit sie diese aus\u00fcben k\u00f6nnen.<\/p><p>F\u00fcr weitere Informationen zu den Datenschutzgarantien k\u00f6nnen Sie sich an den VERANTWORTLICHEN wenden durch AUTO BOAT ROCA SL. Explanada del Puerto, s\/n &#8211; 07638 Colonia de Sant Jordi (Illes Balears). Email: rgpd@nauticacolonia.com<\/p>","protected":false},"excerpt":{"rendered":"<p>RECHTLICHER HINWEIS. GESETZ \u00dcBER DIENSTE DER INFORMATIONS-GESELLSCHAFT (LSSI) AUTO BOAT ROCA SL, verantwortlich f\u00fcr die Webseite, im Folgenden VERANTWORTLICHER genannt, stellt den Benutzern dieses Dokument zur Verf\u00fcgung, mit dem er die Verpflichtungen aus dem Gesetz 34\/2002 vom 11. Juli \u00fcber Dienste der Informationsgesellschaft und elektronischen Handel (LSSICE), BOE Nr. 166, erf\u00fcllen und alle Benutzer der &#8230;<\/p>\n","protected":false},"author":1,"featured_media":0,"parent":0,"menu_order":0,"comment_status":"closed","ping_status":"closed","template":"","meta":{"inline_featured_image":false,"footnotes":""},"class_list":["post-10172","page","type-page","status-publish","hentry"],"yoast_head":"<!-- This site is optimized with the Yoast SEO plugin v24.7 - https:\/\/yoast.com\/wordpress\/plugins\/seo\/ -->\n<title>Rechtlicher Hinweis und Datenschutzrichtlinie - N\u00e1utica Colonia<\/title>\n<meta name=\"robots\" content=\"index, follow, max-snippet:-1, max-image-preview:large, max-video-preview:-1\" \/>\n<link rel=\"canonical\" href=\"https:\/\/nauticacolonia.com\/de\/rechtlicher-hinweis-und-datenschutzrichtlinie\/\" \/>\n<meta property=\"og:locale\" content=\"de_DE\" \/>\n<meta property=\"og:type\" content=\"article\" \/>\n<meta property=\"og:title\" content=\"Rechtlicher Hinweis und Datenschutzrichtlinie - N\u00e1utica Colonia\" \/>\n<meta property=\"og:description\" content=\"RECHTLICHER HINWEIS. GESETZ \u00dcBER DIENSTE DER INFORMATIONS-GESELLSCHAFT (LSSI) AUTO BOAT ROCA SL, verantwortlich f\u00fcr die Webseite, im Folgenden VERANTWORTLICHER genannt, stellt den Benutzern dieses Dokument zur Verf\u00fcgung, mit dem er die Verpflichtungen aus dem Gesetz 34\/2002 vom 11. Juli \u00fcber Dienste der Informationsgesellschaft und elektronischen Handel (LSSICE), BOE Nr. 166, erf\u00fcllen und alle Benutzer der ...\" \/>\n<meta property=\"og:url\" content=\"https:\/\/nauticacolonia.com\/de\/rechtlicher-hinweis-und-datenschutzrichtlinie\/\" \/>\n<meta property=\"og:site_name\" content=\"N\u00e1utica Colonia\" \/>\n<meta property=\"article:modified_time\" content=\"2024-03-18T13:11:29+00:00\" \/>\n<meta name=\"twitter:card\" content=\"summary_large_image\" \/>\n<meta name=\"twitter:label1\" content=\"Gesch\u00e4tzte Lesezeit\" \/>\n\t<meta name=\"twitter:data1\" content=\"10\u00a0Minuten\" \/>\n<script type=\"application\/ld+json\" class=\"yoast-schema-graph\">{\"@context\":\"https:\/\/schema.org\",\"@graph\":[{\"@type\":\"WebPage\",\"@id\":\"https:\/\/nauticacolonia.com\/de\/rechtlicher-hinweis-und-datenschutzrichtlinie\/\",\"url\":\"https:\/\/nauticacolonia.com\/de\/rechtlicher-hinweis-und-datenschutzrichtlinie\/\",\"name\":\"Rechtlicher Hinweis und Datenschutzrichtlinie - N\u00e1utica Colonia\",\"isPartOf\":{\"@id\":\"https:\/\/nauticacolonia.com\/de\/#website\"},\"datePublished\":\"2024-02-29T12:50:05+00:00\",\"dateModified\":\"2024-03-18T13:11:29+00:00\",\"breadcrumb\":{\"@id\":\"https:\/\/nauticacolonia.com\/de\/rechtlicher-hinweis-und-datenschutzrichtlinie\/#breadcrumb\"},\"inLanguage\":\"de\",\"potentialAction\":[{\"@type\":\"ReadAction\",\"target\":[\"https:\/\/nauticacolonia.com\/de\/rechtlicher-hinweis-und-datenschutzrichtlinie\/\"]}]},{\"@type\":\"BreadcrumbList\",\"@id\":\"https:\/\/nauticacolonia.com\/de\/rechtlicher-hinweis-und-datenschutzrichtlinie\/#breadcrumb\",\"itemListElement\":[{\"@type\":\"ListItem\",\"position\":1,\"name\":\"Portada\",\"item\":\"https:\/\/nauticacolonia.com\/de\/\"},{\"@type\":\"ListItem\",\"position\":2,\"name\":\"Rechtlicher Hinweis und Datenschutzrichtlinie\"}]},{\"@type\":\"WebSite\",\"@id\":\"https:\/\/nauticacolonia.com\/de\/#website\",\"url\":\"https:\/\/nauticacolonia.com\/de\/\",\"name\":\"N\u00e1utica Colonia\",\"description\":\"\",\"potentialAction\":[{\"@type\":\"SearchAction\",\"target\":{\"@type\":\"EntryPoint\",\"urlTemplate\":\"https:\/\/nauticacolonia.com\/de\/?s={search_term_string}\"},\"query-input\":{\"@type\":\"PropertyValueSpecification\",\"valueRequired\":true,\"valueName\":\"search_term_string\"}}],\"inLanguage\":\"de\"}]}<\/script>\n<!-- \/ Yoast SEO plugin. -->","yoast_head_json":{"title":"Rechtlicher Hinweis und Datenschutzrichtlinie - N\u00e1utica Colonia","robots":{"index":"index","follow":"follow","max-snippet":"max-snippet:-1","max-image-preview":"max-image-preview:large","max-video-preview":"max-video-preview:-1"},"canonical":"https:\/\/nauticacolonia.com\/de\/rechtlicher-hinweis-und-datenschutzrichtlinie\/","og_locale":"de_DE","og_type":"article","og_title":"Rechtlicher Hinweis und Datenschutzrichtlinie - N\u00e1utica Colonia","og_description":"RECHTLICHER HINWEIS. GESETZ \u00dcBER DIENSTE DER INFORMATIONS-GESELLSCHAFT (LSSI) AUTO BOAT ROCA SL, verantwortlich f\u00fcr die Webseite, im Folgenden VERANTWORTLICHER genannt, stellt den Benutzern dieses Dokument zur Verf\u00fcgung, mit dem er die Verpflichtungen aus dem Gesetz 34\/2002 vom 11. Juli \u00fcber Dienste der Informationsgesellschaft und elektronischen Handel (LSSICE), BOE Nr. 166, erf\u00fcllen und alle Benutzer der ...","og_url":"https:\/\/nauticacolonia.com\/de\/rechtlicher-hinweis-und-datenschutzrichtlinie\/","og_site_name":"N\u00e1utica Colonia","article_modified_time":"2024-03-18T13:11:29+00:00","twitter_card":"summary_large_image","twitter_misc":{"Gesch\u00e4tzte Lesezeit":"10\u00a0Minuten"},"schema":{"@context":"https:\/\/schema.org","@graph":[{"@type":"WebPage","@id":"https:\/\/nauticacolonia.com\/de\/rechtlicher-hinweis-und-datenschutzrichtlinie\/","url":"https:\/\/nauticacolonia.com\/de\/rechtlicher-hinweis-und-datenschutzrichtlinie\/","name":"Rechtlicher Hinweis und Datenschutzrichtlinie - N\u00e1utica Colonia","isPartOf":{"@id":"https:\/\/nauticacolonia.com\/de\/#website"},"datePublished":"2024-02-29T12:50:05+00:00","dateModified":"2024-03-18T13:11:29+00:00","breadcrumb":{"@id":"https:\/\/nauticacolonia.com\/de\/rechtlicher-hinweis-und-datenschutzrichtlinie\/#breadcrumb"},"inLanguage":"de","potentialAction":[{"@type":"ReadAction","target":["https:\/\/nauticacolonia.com\/de\/rechtlicher-hinweis-und-datenschutzrichtlinie\/"]}]},{"@type":"BreadcrumbList","@id":"https:\/\/nauticacolonia.com\/de\/rechtlicher-hinweis-und-datenschutzrichtlinie\/#breadcrumb","itemListElement":[{"@type":"ListItem","position":1,"name":"Portada","item":"https:\/\/nauticacolonia.com\/de\/"},{"@type":"ListItem","position":2,"name":"Rechtlicher Hinweis und Datenschutzrichtlinie"}]},{"@type":"WebSite","@id":"https:\/\/nauticacolonia.com\/de\/#website","url":"https:\/\/nauticacolonia.com\/de\/","name":"N\u00e1utica Colonia","description":"","potentialAction":[{"@type":"SearchAction","target":{"@type":"EntryPoint","urlTemplate":"https:\/\/nauticacolonia.com\/de\/?s={search_term_string}"},"query-input":{"@type":"PropertyValueSpecification","valueRequired":true,"valueName":"search_term_string"}}],"inLanguage":"de"}]}},"_links":{"self":[{"href":"https:\/\/nauticacolonia.com\/de\/wp-json\/wp\/v2\/pages\/10172","targetHints":{"allow":["GET"]}}],"collection":[{"href":"https:\/\/nauticacolonia.com\/de\/wp-json\/wp\/v2\/pages"}],"about":[{"href":"https:\/\/nauticacolonia.com\/de\/wp-json\/wp\/v2\/types\/page"}],"author":[{"embeddable":true,"href":"https:\/\/nauticacolonia.com\/de\/wp-json\/wp\/v2\/users\/1"}],"replies":[{"embeddable":true,"href":"https:\/\/nauticacolonia.com\/de\/wp-json\/wp\/v2\/comments?post=10172"}],"version-history":[{"count":1,"href":"https:\/\/nauticacolonia.com\/de\/wp-json\/wp\/v2\/pages\/10172\/revisions"}],"predecessor-version":[{"id":10173,"href":"https:\/\/nauticacolonia.com\/de\/wp-json\/wp\/v2\/pages\/10172\/revisions\/10173"}],"wp:attachment":[{"href":"https:\/\/nauticacolonia.com\/de\/wp-json\/wp\/v2\/media?parent=10172"}],"curies":[{"name":"wp","href":"https:\/\/api.w.org\/{rel}","templated":true}]}}