{"id":10174,"date":"2024-02-29T13:53:07","date_gmt":"2024-02-29T12:53:07","guid":{"rendered":"https:\/\/nauticacolonia2.aplicacionesinteligentes.es\/cookie-richtlinie\/"},"modified":"2024-02-29T13:53:07","modified_gmt":"2024-02-29T12:53:07","slug":"cookie-richtlinie","status":"publish","type":"page","link":"https:\/\/nauticacolonia.com\/de\/cookie-richtlinie\/","title":{"rendered":"Cookie-Richtlinie"},"content":{"rendered":"<div class=\"page-content-skeleton mobile-margin\">\n<section class=\"section-content margin-top-reduced\">\n<h2>COOKIE-RICHTLINIE<\/h2>\n<h2>Informationen \u00fcber Cookies<\/h2>\n<p>Aufgrund des Inkrafttretens der entsprechenden \u00c4nderung des &#8222;Gesetzes \u00fcber Dienste der Informationsgesellschaft&#8220; (LSSICE), festgelegt durch das K\u00f6nigliche Dekret 13\/2012, ist es verpflichtend, die ausdr\u00fcckliche Zustimmung des Benutzers von allen Webseiten, die nicht unbedingt notwendige Cookies verwenden, einzuholen, bevor dieser sie durchst\u00f6bert.<\/p>\n<\/section>\n<\/div>\n<div class=\"page-content-skeleton mobile-margin\">\n<section class=\"section-content margin-top-reduced\">\n<h3>Was sind Cookies?<\/h3>\n<p>Cookies und \u00e4hnliche Technologien wie Local Shared Objects, Flash-Cookies oder Pixel sind Werkzeuge, die von Webservern verwendet werden, um Informationen \u00fcber ihre Besucher zu speichern und abzurufen, sowie um eine korrekte Funktionsweise der Website zu gew\u00e4hrleisten.<\/p>\n<p>Durch den Einsatz dieser Ger\u00e4te kann der Webserver einige Daten bez\u00fcglich des Benutzers speichern, wie dessen Pr\u00e4ferenzen f\u00fcr die Anzeige der Seiten dieses Servers, Namen und Passwort, Produkte, die ihn am meisten interessieren, usw.<\/p>\n<\/section>\n<\/div>\n<div class=\"page-content-skeleton mobile-margin\">\n<section class=\"section-content margin-top-reduced\">\n<h3>Von der Vorschrift betroffene und ausgenommene Cookies<\/h3>\n<p>Gem\u00e4\u00df der EU-Richtlinie sind die Cookies, die eine informierte Zustimmung des Benutzers erfordern, Analyse-Cookies sowie Werbe- und Affiliate-Cookies, wobei technische Cookies und solche, die f\u00fcr den Betrieb der Website oder die Erbringung von vom Benutzer ausdr\u00fccklich angeforderten Dienstleistungen notwendig sind, ausgenommen sind.<\/p>\n<\/section>\n<\/div>\n<div class=\"page-content-skeleton mobile-margin\">\n<section class=\"section-content margin-top-reduced\">\n<h3>Arten von Cookies, die auf dieser Website verwendet werden<\/h3>\n<p>NACH ZWECK<\/p>\n<ul>\n<li>Technische und funktionale Cookies: sind jene, die dem Benutzer die Navigation durch eine Webseite, Plattform oder Anwendung und die Nutzung der verschiedenen Optionen oder Dienste erm\u00f6glichen, die dort existieren.<\/li>\n<li>Analyse-Cookies: sind jene, die es dem Verantwortlichen dieser Cookies erm\u00f6glichen, das Verhalten der Benutzer der mit ihnen verkn\u00fcpften Webseiten zu verfolgen und zu analysieren. Die durch diese Art von Cookies gesammelten Informationen werden bei der Messung der Aktivit\u00e4ten der Webseiten, Anwendungen oder Plattformen verwendet und zur Erstellung von Nutzernavigationsprofilen dieser Seiten, Anwendungen und Plattformen, mit dem Ziel, Verbesserungen auf Basis der Analyse der Nutzungsdaten der Dienstnutzer einzuf\u00fchren.<\/li>\n<li>Werbe-Cookies: sind jene, die eine m\u00f6glichst effiziente Verwaltung der Werbefl\u00e4chen erm\u00f6glichen, die der Herausgeber gegebenenfalls auf einer Webseite, Anwendung oder Plattform, von der aus der angeforderte Dienst erbracht wird, eingef\u00fcgt hat, basierend auf Kriterien wie dem bearbeiteten Inhalt oder der H\u00e4ufigkeit, mit der die Anzeigen angezeigt werden.<\/li>\n<li>Cookies f\u00fcr verhaltensbasierte Werbung: sammeln Informationen \u00fcber die Vorlieben und pers\u00f6nlichen Entscheidungen des Benutzers (Retargeting) um die Verwaltung der Werbefl\u00e4chen, die der Herausgeber gegebenenfalls auf einer Webseite, Anwendung oder Plattform eingef\u00fcgt hat, von der aus der angeforderte Dienst erbracht wird, so effizient wie m\u00f6glich zu erm\u00f6glichen.<\/li>\n<li>Soziale Cookies: werden von Social-Media-Plattformen in den Diensten eingestellt, um Ihnen das Teilen von Inhalten mit Ihren Freunden und Netzwerken zu erm\u00f6glichen. Social-Media-Plattformen haben die F\u00e4higkeit, Ihre Online-Aktivit\u00e4ten au\u00dferhalb der Dienste zu verfolgen. Dies kann sich auf den Inhalt und die Nachrichten auswirken, die Sie auf anderen besuchten Diensten sehen.<\/li>\n<li>Affiliate-Cookies: erm\u00f6glichen das Nachverfolgen von Besuchen von anderen Websites, mit denen die Website einen Affiliate-Vertrag hat (Affiliate-Unternehmen).<\/li>\n<li>Sicherheits-Cookies: speichern verschl\u00fcsselte Informationen, um zu verhindern, dass die in ihnen gespeicherten Daten anf\u00e4llig f\u00fcr b\u00f6swillige Angriffe von Dritten sind.<\/li>\n<\/ul>\n<p>NACH BESITZ<\/p>\n<ul>\n<li>Eigene Cookies: sind jene, die an das Endger\u00e4t des Benutzers von einem Ger\u00e4t oder Domain gesendet werden, die vom Herausgeber selbst verwaltet werden und von dem aus der vom Benutzer angeforderte Dienst erbracht wird.<\/li>\n<li>Cookies von Dritten: sind jene, die an das Endger\u00e4t des Benutzers von einem Ger\u00e4t oder Domain gesendet werden, die nicht vom Herausgeber verwaltet wird, sondern von einer anderen Entit\u00e4t, die die durch die Cookies erhaltenen Daten verarbeitet.<\/li>\n<\/ul>\n<p>NACH AUFBEWAHRUNGSDAUER<\/p>\n<ul>\n<li>Session-Cookies: sind eine Art von Cookies, die dazu bestimmt sind, Daten zu sammeln und zu speichern, w\u00e4hrend der Benutzer auf eine Webseite zugreift.<\/li>\n<li>Persistente Cookies: sind eine Art von Cookies, bei denen die Daten im Endger\u00e4t gespeichert bleiben und w\u00e4hrend eines vom Verantwortlichen der Cookie festgelegten Zeitraums, der von einigen Minuten bis zu mehreren Jahren reichen kann, zug\u00e4nglich und verarbeitet werden k\u00f6nnen.<\/li>\n<\/ul>\n<\/section>\n<\/div>\n<div class=\"page-content-skeleton mobile-margin\">\n<section class=\"section-content margin-top-reduced\">\n<h3>Verarbeitung personenbezogener Daten<\/h3>\n<p>AUTO BOAT ROCA SL ist verantwortlich f\u00fcr die Verarbeitung der pers\u00f6nlichen Daten des Interessenten und informiert Sie dar\u00fcber, dass diese Daten gem\u00e4\u00df den Bestimmungen der Verordnung (EU) 2016\/679 vom 27. April 2016 (GDPR) verarbeitet werden, weshalb Ihnen folgende Informationen zur Verarbeitung zur Verf\u00fcgung gestellt werden:<\/p>\n<p><b>Zwecke der Verarbeitung<\/b>: wie im Abschnitt \u00fcber die auf dieser Website verwendeten Cookies angegeben.<\/p>\n<p><b>Rechtsgrundlage der Verarbeitung:<\/b> durch Einwilligung des Betroffenen (Art. 6.1 GDPR).<\/p>\n<p><b>Kriterien f\u00fcr die Datenaufbewahrung<\/b>: wie im Abschnitt \u00fcber die auf der Webseite verwendeten Cookies angegeben.<\/p>\n<p><b>Daten\u00fcbermittlung:<\/b> Die Daten werden nicht an Dritte weitergegeben, es sei denn, dies ist gesetzlich vorgeschrieben oder im Falle von Cookies, die im Besitz Dritter sind.<\/p>\n<p><b>Rechte des Betroffenen:<\/b><\/p>\n<ul>\n<li>Recht, die Einwilligung jederzeit zu widerrufen.<\/li>\n<li>Recht auf Zugang, Berichtigung, \u00dcbertragbarkeit und L\u00f6schung Ihrer Daten und auf Einschr\u00e4nkung oder Widerspruch gegen deren Verarbeitung.<\/li>\n<li>Recht, eine Beschwerde bei der Kontrollbeh\u00f6rde (www.aepd.es) einzureichen, wenn Sie der Meinung sind, dass die Verarbeitung nicht den geltenden Vorschriften entspricht.<\/li>\n<\/ul>\n<p><b>Kontaktdaten, um Ihre Rechte auszu\u00fcben:<\/b><\/p>\n<p>AUTO BOAT ROCA SL. Explanada del Puerto, s\/n &#8211; 07638 Colonia de Sant Jordi (Illes Balears). Email: rgpd@nauticacolonia.com<\/p>\n<\/section>\n<\/div>\n<div class=\"page-content-skeleton mobile-margin\">\n<section class=\"section-content margin-top-reduced\">\n<h3>Vom Herausgeber kontrollierte Cookies<\/h3>\n<p>Technische und funktionale<\/p>\n<div class=\"cookie-description\">\n<p><b>Eigent\u00fcmer<\/b>: google.com<\/p>\n<p><b>Cookie:<\/b>CONSENT<\/p>\n<p><b>Zweck<\/b>: Google-Cookie-Einwilligungs-Tracker<\/p>\n<p><b>Dauer<\/b>: in 18 Jahren<\/p>\n<\/div>\n<div class=\"cookie-description\">\n<p><b>Eigent\u00fcmer: google.com<\/b><\/p>\n<p><b>Cookie:<\/b>SEARCH_SAMESITE<\/p>\n<p><b>Zweck:<\/b> SameSite verhindert, dass der Browser dieses Cookie zusammen mit standort\u00fcbergreifenden Anfragen sendet. Das Hauptziel ist es, das Risiko von Cross-Origin-Informationen-Leckage zu mindern. Es bietet auch einen gewissen Schutz gegen Angriffe von Cross-Site-Request-Forgery.<\/p>\n<p><b>Dauer<\/b>: in 4 Monaten<\/p>\n<\/div>\n<div class=\"cookie-description\">\n<p><b>Eigent\u00fcmer: google.com<\/b><\/p>\n<p><b>Cookie<\/b>: APISID<\/p>\n<p><b>Zweck<\/b>: Herunterladen bestimmter Google-Tools und Speichern bestimmter Einstellungen, zum Beispiel die Anzahl der Suchergebnisse pro Seite oder die Aktivierung des SafeSearch-Filters. Passt die Anzeigen an, die in der Google-Suche erscheinen.<\/p>\n<p><b>Dauer:<\/b> in 7 Monaten<\/p>\n<\/div>\n<div class=\"cookie-description\">\n<p><b>Eigent\u00fcmer: google.com<\/b><\/p>\n<p><b>Cookie:<\/b>HSID<\/p>\n<p><b>Zweck<\/b>: Herunterladen bestimmter Google-Tools und Speichern bestimmter Einstellungen, zum Beispiel die Anzahl der Suchergebnisse pro Seite oder die Aktivierung des SafeSearch-Filters. Passt die Anzeigen an, die in der Google-Suche erscheinen.<\/p>\n<p><b>Dauer:<\/b> in 7 Monaten<\/p>\n<\/div>\n<div class=\"cookie-description\">\n<p><b>Eigent\u00fcmer: google.com<\/b><\/p>\n<p><b>Cookie:<\/b>SID<\/p>\n<p><b>Zweck<\/b>: Herunterladen bestimmter Google-Tools und Speichern bestimmter Einstellungen, zum Beispiel die Anzahl der Suchergebnisse pro Seite oder die Aktivierung des SafeSearch-Filters. Passt die Anzeigen an, die in der Google-Suche erscheinen.<\/p>\n<p><b>Dauer:<\/b> in 2 Jahren<\/p>\n<\/div>\n<div class=\"cookie-description\">\n<p><b>Eigent\u00fcmer: google.com<\/b><\/p>\n<p><b>Cookie:<\/b>SIDCC<\/p>\n<p><b>Zweck<\/b>: Herunterladen bestimmter Google-Tools und Speichern bestimmter Einstellungen, zum Beispiel die Anzahl der Suchergebnisse pro Seite oder die Aktivierung des SafeSearch-Filters. Passt die Anzeigen an, die in der Google-Suche erscheinen.<\/p>\n<p><b>Dauer:<\/b> in 1 Jahr<\/p>\n<\/div>\n<\/section>\n<\/div>\n<div class=\"page-content-skeleton mobile-margin\">\n<section class=\"section-content margin-top-reduced\">\n<h3>Vom Herausgeber nicht kontrollierte Cookies von Dritten<\/h3>\n<p>Die Dienste von Drittanbietern liegen au\u00dferhalb der Kontrolle des Herausgebers. Die Anbieter k\u00f6nnen jederzeit ihre Dienstleistungsbedingungen, den Zweck und die Nutzung der Cookies usw. \u00e4ndern.<\/p>\n<p>Externe Anbieter dieser Webseite:<\/p>\n<div class=\"cookie-description\">\n<p><b>Herausgeber:<\/b> Google<\/p>\n<p><b>Datenschutzrichtlinie:<\/b> https:\/\/privacy.google.com\/take-control.html<\/p>\n<\/div>\n<\/section>\n<\/div>\n<div class=\"page-content-skeleton mobile-margin\">\n<section class=\"section-content margin-top-reduced\">\n<h3>Wie man Cookies \u00fcber den Browser verwaltet<\/h3>\n<p><b>Cookies vom Ger\u00e4t l\u00f6schen<\/b><\/p>\n<p>Cookies, die bereits auf einem Ger\u00e4t sind, k\u00f6nnen gel\u00f6scht werden, indem der Browserverlauf gel\u00f6scht wird, wodurch die Cookies von allen besuchten Websites entfernt werden. Dadurch kann jedoch auch ein Teil der gespeicherten Informationen verloren gehen (zum Beispiel Anmeldedaten oder Website-Einstellungen).<\/p>\n<p><b>Verwalten spezifischer Site-Cookies<\/b><\/p>\n<p>F\u00fcr eine pr\u00e4zisere Kontrolle \u00fcber die spezifischen Cookies jeder Site k\u00f6nnen Benutzer ihre Datenschutz- und Cookie-Einstellungen im Browser anpassen.<\/p>\n<p><b>Cookies blockieren<\/b><\/p>\n<p>Obwohl die meisten modernen Browser so konfiguriert werden k\u00f6nnen, dass keine Cookies auf den Ger\u00e4ten installiert werden, kann dies dazu f\u00fchren, dass bestimmte Einstellungen jedes Mal manuell angepasst werden m\u00fcssen, wenn eine Site oder Seite besucht wird. Dar\u00fcber hinaus funktionieren m\u00f6glicherweise einige Dienste und Funktionen nicht ordnungsgem\u00e4\u00df (zum Beispiel Profil-Logins).<\/p>\n<p><b>WIE MAN COOKIES IN DEN H\u00c4UFIGSTEN BROWSERN L\u00d6SCHT<\/b><\/p>\n<p><b>Chrome<\/b><\/p>\n<p>http:\/\/support.google.com\/chrome\/answer\/95647?hl=es<\/p>\n<p><b>Internet Explorer. Versi\u00f3n 11<\/b><\/p>\n<p>https:\/\/support.microsoft.com\/es-es\/help\/278835\/how-to-delete-cookie-files-in-internet-explorer<\/p>\n<p><b>Firefox. Versi\u00f3n 65.0.1<\/b><\/p>\n<p>https:\/\/www.mozilla.org\/es-ES\/privacy\/websites\/#cookies<\/p>\n<p><b>Safari Versi\u00f3n 5.1<\/b><\/p>\n<p>https:\/\/support.apple.com\/es-es\/guide\/safari\/sfri11471\/mac<\/p>\n<p><b>Opera<\/b><\/p>\n<p>https:\/\/help.opera.com\/en\/latest\/security-and-privacy\/#clearBrowsingData<\/p>\n<\/section>\n<\/div>\n","protected":false},"excerpt":{"rendered":"<p>COOKIE-RICHTLINIE Informationen \u00fcber Cookies Aufgrund des Inkrafttretens der entsprechenden \u00c4nderung des &#8222;Gesetzes \u00fcber Dienste der Informationsgesellschaft&#8220; (LSSICE), festgelegt durch das K\u00f6nigliche Dekret 13\/2012, ist es verpflichtend, die ausdr\u00fcckliche Zustimmung des Benutzers von allen Webseiten, die nicht unbedingt notwendige Cookies verwenden, einzuholen, bevor dieser sie durchst\u00f6bert. Was sind Cookies? Cookies und \u00e4hnliche Technologien wie Local Shared &#8230;<\/p>\n","protected":false},"author":1,"featured_media":0,"parent":0,"menu_order":0,"comment_status":"closed","ping_status":"closed","template":"","meta":{"inline_featured_image":false,"footnotes":""},"class_list":["post-10174","page","type-page","status-publish","hentry"],"yoast_head":"<!-- This site is optimized with the Yoast SEO plugin v24.7 - https:\/\/yoast.com\/wordpress\/plugins\/seo\/ -->\n<title>Cookie-Richtlinie - N\u00e1utica Colonia<\/title>\n<meta name=\"robots\" content=\"index, follow, max-snippet:-1, max-image-preview:large, max-video-preview:-1\" \/>\n<link rel=\"canonical\" href=\"https:\/\/nauticacolonia.com\/de\/cookie-richtlinie\/\" \/>\n<meta property=\"og:locale\" content=\"de_DE\" \/>\n<meta property=\"og:type\" content=\"article\" \/>\n<meta property=\"og:title\" content=\"Cookie-Richtlinie - N\u00e1utica Colonia\" \/>\n<meta property=\"og:description\" content=\"COOKIE-RICHTLINIE Informationen \u00fcber Cookies Aufgrund des Inkrafttretens der entsprechenden \u00c4nderung des &#8222;Gesetzes \u00fcber Dienste der Informationsgesellschaft&#8220; (LSSICE), festgelegt durch das K\u00f6nigliche Dekret 13\/2012, ist es verpflichtend, die ausdr\u00fcckliche Zustimmung des Benutzers von allen Webseiten, die nicht unbedingt notwendige Cookies verwenden, einzuholen, bevor dieser sie durchst\u00f6bert. Was sind Cookies? Cookies und \u00e4hnliche Technologien wie Local Shared ...\" \/>\n<meta property=\"og:url\" content=\"https:\/\/nauticacolonia.com\/de\/cookie-richtlinie\/\" \/>\n<meta property=\"og:site_name\" content=\"N\u00e1utica Colonia\" \/>\n<meta name=\"twitter:card\" content=\"summary_large_image\" \/>\n<meta name=\"twitter:label1\" content=\"Gesch\u00e4tzte Lesezeit\" \/>\n\t<meta name=\"twitter:data1\" content=\"6\u00a0Minuten\" \/>\n<script type=\"application\/ld+json\" class=\"yoast-schema-graph\">{\"@context\":\"https:\/\/schema.org\",\"@graph\":[{\"@type\":\"WebPage\",\"@id\":\"https:\/\/nauticacolonia.com\/de\/cookie-richtlinie\/\",\"url\":\"https:\/\/nauticacolonia.com\/de\/cookie-richtlinie\/\",\"name\":\"Cookie-Richtlinie - N\u00e1utica Colonia\",\"isPartOf\":{\"@id\":\"https:\/\/nauticacolonia.com\/de\/#website\"},\"datePublished\":\"2024-02-29T12:53:07+00:00\",\"breadcrumb\":{\"@id\":\"https:\/\/nauticacolonia.com\/de\/cookie-richtlinie\/#breadcrumb\"},\"inLanguage\":\"de\",\"potentialAction\":[{\"@type\":\"ReadAction\",\"target\":[\"https:\/\/nauticacolonia.com\/de\/cookie-richtlinie\/\"]}]},{\"@type\":\"BreadcrumbList\",\"@id\":\"https:\/\/nauticacolonia.com\/de\/cookie-richtlinie\/#breadcrumb\",\"itemListElement\":[{\"@type\":\"ListItem\",\"position\":1,\"name\":\"Portada\",\"item\":\"https:\/\/nauticacolonia.com\/de\/\"},{\"@type\":\"ListItem\",\"position\":2,\"name\":\"Cookie-Richtlinie\"}]},{\"@type\":\"WebSite\",\"@id\":\"https:\/\/nauticacolonia.com\/de\/#website\",\"url\":\"https:\/\/nauticacolonia.com\/de\/\",\"name\":\"N\u00e1utica Colonia\",\"description\":\"\",\"potentialAction\":[{\"@type\":\"SearchAction\",\"target\":{\"@type\":\"EntryPoint\",\"urlTemplate\":\"https:\/\/nauticacolonia.com\/de\/?s={search_term_string}\"},\"query-input\":{\"@type\":\"PropertyValueSpecification\",\"valueRequired\":true,\"valueName\":\"search_term_string\"}}],\"inLanguage\":\"de\"}]}<\/script>\n<!-- \/ Yoast SEO plugin. -->","yoast_head_json":{"title":"Cookie-Richtlinie - N\u00e1utica Colonia","robots":{"index":"index","follow":"follow","max-snippet":"max-snippet:-1","max-image-preview":"max-image-preview:large","max-video-preview":"max-video-preview:-1"},"canonical":"https:\/\/nauticacolonia.com\/de\/cookie-richtlinie\/","og_locale":"de_DE","og_type":"article","og_title":"Cookie-Richtlinie - N\u00e1utica Colonia","og_description":"COOKIE-RICHTLINIE Informationen \u00fcber Cookies Aufgrund des Inkrafttretens der entsprechenden \u00c4nderung des &#8222;Gesetzes \u00fcber Dienste der Informationsgesellschaft&#8220; (LSSICE), festgelegt durch das K\u00f6nigliche Dekret 13\/2012, ist es verpflichtend, die ausdr\u00fcckliche Zustimmung des Benutzers von allen Webseiten, die nicht unbedingt notwendige Cookies verwenden, einzuholen, bevor dieser sie durchst\u00f6bert. Was sind Cookies? Cookies und \u00e4hnliche Technologien wie Local Shared ...","og_url":"https:\/\/nauticacolonia.com\/de\/cookie-richtlinie\/","og_site_name":"N\u00e1utica Colonia","twitter_card":"summary_large_image","twitter_misc":{"Gesch\u00e4tzte Lesezeit":"6\u00a0Minuten"},"schema":{"@context":"https:\/\/schema.org","@graph":[{"@type":"WebPage","@id":"https:\/\/nauticacolonia.com\/de\/cookie-richtlinie\/","url":"https:\/\/nauticacolonia.com\/de\/cookie-richtlinie\/","name":"Cookie-Richtlinie - N\u00e1utica Colonia","isPartOf":{"@id":"https:\/\/nauticacolonia.com\/de\/#website"},"datePublished":"2024-02-29T12:53:07+00:00","breadcrumb":{"@id":"https:\/\/nauticacolonia.com\/de\/cookie-richtlinie\/#breadcrumb"},"inLanguage":"de","potentialAction":[{"@type":"ReadAction","target":["https:\/\/nauticacolonia.com\/de\/cookie-richtlinie\/"]}]},{"@type":"BreadcrumbList","@id":"https:\/\/nauticacolonia.com\/de\/cookie-richtlinie\/#breadcrumb","itemListElement":[{"@type":"ListItem","position":1,"name":"Portada","item":"https:\/\/nauticacolonia.com\/de\/"},{"@type":"ListItem","position":2,"name":"Cookie-Richtlinie"}]},{"@type":"WebSite","@id":"https:\/\/nauticacolonia.com\/de\/#website","url":"https:\/\/nauticacolonia.com\/de\/","name":"N\u00e1utica Colonia","description":"","potentialAction":[{"@type":"SearchAction","target":{"@type":"EntryPoint","urlTemplate":"https:\/\/nauticacolonia.com\/de\/?s={search_term_string}"},"query-input":{"@type":"PropertyValueSpecification","valueRequired":true,"valueName":"search_term_string"}}],"inLanguage":"de"}]}},"_links":{"self":[{"href":"https:\/\/nauticacolonia.com\/de\/wp-json\/wp\/v2\/pages\/10174","targetHints":{"allow":["GET"]}}],"collection":[{"href":"https:\/\/nauticacolonia.com\/de\/wp-json\/wp\/v2\/pages"}],"about":[{"href":"https:\/\/nauticacolonia.com\/de\/wp-json\/wp\/v2\/types\/page"}],"author":[{"embeddable":true,"href":"https:\/\/nauticacolonia.com\/de\/wp-json\/wp\/v2\/users\/1"}],"replies":[{"embeddable":true,"href":"https:\/\/nauticacolonia.com\/de\/wp-json\/wp\/v2\/comments?post=10174"}],"version-history":[{"count":0,"href":"https:\/\/nauticacolonia.com\/de\/wp-json\/wp\/v2\/pages\/10174\/revisions"}],"wp:attachment":[{"href":"https:\/\/nauticacolonia.com\/de\/wp-json\/wp\/v2\/media?parent=10174"}],"curies":[{"name":"wp","href":"https:\/\/api.w.org\/{rel}","templated":true}]}}