{"id":10641,"date":"2024-03-04T11:46:48","date_gmt":"2024-03-04T10:46:48","guid":{"rendered":"https:\/\/nauticacolonia2.aplicacionesinteligentes.es\/hivernage\/"},"modified":"2024-03-20T08:46:22","modified_gmt":"2024-03-20T07:46:22","slug":"hivernage","status":"publish","type":"page","link":"https:\/\/nauticacolonia.com\/fr\/hivernage\/","title":{"rendered":"Hivernage"},"content":{"rendered":"\t\t<div data-elementor-type=\"wp-page\" data-elementor-id=\"10641\" class=\"elementor elementor-10641 elementor-4320\" data-elementor-post-type=\"page\">\n\t\t\t\t<div class=\"elementor-element elementor-element-6d0746c e-flex e-con-boxed e-con e-parent\" data-id=\"6d0746c\" data-element_type=\"container\">\n\t\t\t\t\t<div class=\"e-con-inner\">\n\t\t\t\t<div class=\"elementor-element elementor-element-d8bad41 elementor-widget elementor-widget-heading\" data-id=\"d8bad41\" data-element_type=\"widget\" data-widget_type=\"heading.default\">\n\t\t\t\t<div class=\"elementor-widget-container\">\n\t\t\t<h2 class=\"elementor-heading-title elementor-size-default\">Quand la saison de navigation se termine... nous prenons en charge votre bateau !<\/h2>\t\t<\/div>\n\t\t\t\t<\/div>\n\t\t\t\t<div class=\"elementor-element elementor-element-f8c77de elementor-widget elementor-widget-text-editor\" data-id=\"f8c77de\" data-element_type=\"widget\" data-widget_type=\"text-editor.default\">\n\t\t\t\t<div class=\"elementor-widget-container\">\n\t\t\t\t\t\t\t<p>Si vous cherchez un espace pour l&rsquo;hivernage de votre bateau, chez Nautique Colonia, nous mettons \u00e0 votre disposition notre service de garde et d&rsquo;hivernage de bateaux. Nous disposons d&rsquo;installations tr\u00e8s proches de la Colonia de Sant Jordi pour mettre votre bateau \u00e0 l&rsquo;abri des temp\u00eates et de la d\u00e9t\u00e9rioration hivernale.<\/p>\n<p>Vous d\u00e9cidez quand commence et se termine votre saison de navigation, nous nous adaptons \u00e0 vos besoins et nous nous chargeons du transport jusqu&rsquo;\u00e0 la zone d&rsquo;hivernage.<\/p>\n<p>De plus, vous pouvez profiter de votre s\u00e9jour dans nos installations pour que notre \u00e9quipe effectue les travaux de maintenance ou les r\u00e9parations n\u00e9cessaires afin que votre bateau soit pr\u00eat pour la prochaine saison.<\/p>\n\t\t\t\t\t\t<\/div>\n\t\t\t\t<\/div>\n\t\t\t\t<div class=\"elementor-element elementor-element-d592781 elementor-widget elementor-widget-wpforms\" data-id=\"d592781\" data-element_type=\"widget\" data-widget_type=\"wpforms.default\">\n\t\t\t\t<div class=\"elementor-widget-container\">\n\t\t\t<style id=\"wpforms-css-vars-elementor-widget-d592781\">\n\t\t\t\t.elementor-widget-wpforms.elementor-element-d592781 {\n\t\t\t\t--wpforms-button-background-color: #203378;\n--wpforms-field-size-input-height: 43px;\n--wpforms-field-size-input-spacing: 15px;\n--wpforms-field-size-font-size: 16px;\n--wpforms-field-size-line-height: 19px;\n--wpforms-field-size-padding-h: 14px;\n--wpforms-field-size-checkbox-size: 16px;\n--wpforms-field-size-sublabel-spacing: 5px;\n--wpforms-field-size-icon-size: 1;\n--wpforms-label-size-font-size: 16px;\n--wpforms-label-size-line-height: 19px;\n--wpforms-label-size-sublabel-font-size: 14px;\n--wpforms-label-size-sublabel-line-height: 17px;\n--wpforms-button-size-font-size: 17px;\n--wpforms-button-size-height: 41px;\n--wpforms-button-size-padding-h: 15px;\n--wpforms-button-size-margin-top: 10px;\n\n\t\t\t}\n\t\t\t<\/style><div class=\"wpforms-container wpforms-container-full wpforms-render-modern\" id=\"wpforms-3433\"><form id=\"wpforms-form-3433\" class=\"wpforms-validate wpforms-form wpforms-ajax-form\" data-formid=\"3433\" method=\"post\" enctype=\"multipart\/form-data\" action=\"\/fr\/wp-json\/wp\/v2\/pages\/10641\" data-token=\"1858e794f109ca4aa8d600fe592b629a\" data-token-time=\"1775298763\"><div class=\"wpforms-head-container\"><div class=\"wpforms-title\">Demandez des informations sans engagement<\/div><\/div><noscript class=\"wpforms-error-noscript\">Veuillez activer JavaScript dans votre navigateur pour remplir ce formulaire.<\/noscript><div class=\"wpforms-hidden\" id=\"wpforms-error-noscript\">Veuillez activer JavaScript dans votre navigateur pour remplir ce formulaire.<\/div><div class=\"wpforms-field-container\"><div id=\"wpforms-3433-field_0-container\" class=\"wpforms-field wpforms-field-name wpforms-one-half wpforms-first\" data-field-id=\"0\"><label class=\"wpforms-field-label\" for=\"wpforms-3433-field_0\">Pr\u00e9nom <span class=\"wpforms-required-label\" aria-hidden=\"true\">*<\/span><\/label><input type=\"text\" id=\"wpforms-3433-field_0\" class=\"wpforms-field-large wpforms-field-required\" name=\"wpforms[fields][0]\" aria-errormessage=\"wpforms-3433-field_0-error\" required><\/div><div id=\"wpforms-3433-field_6-container\" class=\"wpforms-field wpforms-field-text wpforms-one-half\" data-field-id=\"6\"><label class=\"wpforms-field-label\" for=\"wpforms-3433-field_6\">Nom de familie <span class=\"wpforms-required-label\" aria-hidden=\"true\">*<\/span><\/label><input type=\"text\" id=\"wpforms-3433-field_6\" class=\"wpforms-field-large wpforms-field-required\" name=\"wpforms[fields][6]\" aria-errormessage=\"wpforms-3433-field_6-error\" required><\/div><div id=\"wpforms-3433-field_4-container\" class=\"wpforms-field wpforms-field-text wpforms-one-half wpforms-first\" data-field-id=\"4\"><label class=\"wpforms-field-label\" for=\"wpforms-3433-field_4\">T\u00e9l\u00e9phone <span class=\"wpforms-required-label\" aria-hidden=\"true\">*<\/span><\/label><input type=\"text\" id=\"wpforms-3433-field_4\" class=\"wpforms-field-large wpforms-field-required wpforms-masked-input\" data-rule-inputmask-incomplete=\"1\" data-inputmask-mask=\"[+99 ]999999999\" name=\"wpforms[fields][4]\" aria-errormessage=\"wpforms-3433-field_4-error\" required><\/div><div id=\"wpforms-3433-field_1-container\" class=\"wpforms-field wpforms-field-email wpforms-one-half\" data-field-id=\"1\"><label class=\"wpforms-field-label\" for=\"wpforms-3433-field_1\">Courriel <span class=\"wpforms-required-label\" aria-hidden=\"true\">*<\/span><\/label><input type=\"email\" id=\"wpforms-3433-field_1\" class=\"wpforms-field-large wpforms-field-required\" name=\"wpforms[fields][1]\" spellcheck=\"false\" aria-errormessage=\"wpforms-3433-field_1-error\" required><\/div><div id=\"wpforms-3433-field_2-container\" class=\"wpforms-field wpforms-field-textarea syr-contactform__comment\" data-field-id=\"2\"><label class=\"wpforms-field-label\" for=\"wpforms-3433-field_2\">Message <span class=\"wpforms-required-label\" aria-hidden=\"true\">*<\/span><\/label><textarea id=\"wpforms-3433-field_2\" class=\"wpforms-field-medium wpforms-field-required\" name=\"wpforms[fields][2]\" aria-errormessage=\"wpforms-3433-field_2-error\" required><\/textarea><\/div><div id=\"wpforms-3433-field_5-container\" class=\"wpforms-field wpforms-field-checkbox\" data-field-id=\"5\"><fieldset><legend class=\"wpforms-field-label\">  <span class=\"wpforms-required-label\" aria-hidden=\"true\">*<\/span><\/legend><ul id=\"wpforms-3433-field_5\" class=\"wpforms-field-required\" data-choice-limit=\"1\"><li class=\"choice-1 depth-1\"><input type=\"checkbox\" id=\"wpforms-3433-field_5_1\" data-rule-check-limit=\"true\" name=\"wpforms[fields][5][]\" value=\"J&#039;ai lu et j&#039;accepte le &lt;a href=&quot;\/&quot;&gt;Mentions L\u00e9gales et la Politique de Confidentialit\u00e9&lt;\/a&gt;\n\n\" aria-errormessage=\"wpforms-3433-field_5_1-error\" required ><label class=\"wpforms-field-label-inline\" for=\"wpforms-3433-field_5_1\">J'ai lu et j'accepte le <a href=\"\/\">Mentions L\u00e9gales et la Politique de Confidentialit\u00e9<\/a><\/label><\/li><\/ul><\/fieldset><\/div><\/div><!-- .wpforms-field-container --><div class=\"wpforms-recaptcha-container wpforms-is-recaptcha wpforms-is-recaptcha-type-v3\" ><input type=\"hidden\" name=\"wpforms[recaptcha]\" value=\"\"><\/div><div class=\"wpforms-submit-container\" ><input type=\"hidden\" name=\"wpforms[id]\" value=\"3433\"><input type=\"hidden\" name=\"page_title\" value=\"\"><input type=\"hidden\" name=\"page_url\" value=\"https:\/\/nauticacolonia.com\/fr\/wp-json\/wp\/v2\/pages\/10641\"><input type=\"hidden\" name=\"url_referer\" value=\"\"><button type=\"submit\" name=\"wpforms[submit]\" id=\"wpforms-submit-3433\" class=\"wpforms-submit\" data-alt-text=\"Enviando...\" data-submit-text=\"Envoyer\" aria-live=\"assertive\" value=\"wpforms-submit\">Envoyer<\/button><img decoding=\"async\" src=\"https:\/\/nauticacolonia.com\/wp-content\/plugins\/wpforms-lite\/assets\/images\/submit-spin.svg\" class=\"wpforms-submit-spinner\" style=\"display: none;\" width=\"26\" height=\"26\" alt=\"Chargement en cours\"><\/div><\/form><\/div>  <!-- .wpforms-container -->\t\t<\/div>\n\t\t\t\t<\/div>\n\t\t\t\t\t<\/div>\n\t\t\t\t<\/div>\n\t\t\t\t<\/div>\n\t\t","protected":false},"excerpt":{"rendered":"<p>Quand la saison de navigation se termine&#8230; nous prenons en charge votre bateau ! Si vous cherchez un espace pour l&rsquo;hivernage de votre bateau, chez Nautique Colonia, nous mettons \u00e0 votre disposition notre service de garde et d&rsquo;hivernage de bateaux. Nous disposons d&rsquo;installations tr\u00e8s proches de la Colonia de Sant Jordi pour mettre votre bateau &#8230;<\/p>\n","protected":false},"author":1,"featured_media":0,"parent":0,"menu_order":0,"comment_status":"closed","ping_status":"closed","template":"","meta":{"inline_featured_image":false,"footnotes":""},"class_list":["post-10641","page","type-page","status-publish","hentry"],"yoast_head":"<!-- This site is optimized with the Yoast SEO plugin v24.7 - https:\/\/yoast.com\/wordpress\/plugins\/seo\/ -->\n<title>Hivernage - N\u00e1utica Colonia<\/title>\n<meta name=\"robots\" content=\"index, follow, max-snippet:-1, max-image-preview:large, max-video-preview:-1\" \/>\n<link rel=\"canonical\" href=\"https:\/\/nauticacolonia.com\/fr\/hivernage\/\" \/>\n<meta property=\"og:locale\" content=\"fr_FR\" \/>\n<meta property=\"og:type\" content=\"article\" \/>\n<meta property=\"og:title\" content=\"Hivernage - N\u00e1utica Colonia\" \/>\n<meta property=\"og:description\" content=\"Quand la saison de navigation se termine&#8230; nous prenons en charge votre bateau ! Si vous cherchez un espace pour l&rsquo;hivernage de votre bateau, chez Nautique Colonia, nous mettons \u00e0 votre disposition notre service de garde et d&rsquo;hivernage de bateaux. Nous disposons d&rsquo;installations tr\u00e8s proches de la Colonia de Sant Jordi pour mettre votre bateau ...\" \/>\n<meta property=\"og:url\" content=\"https:\/\/nauticacolonia.com\/fr\/hivernage\/\" \/>\n<meta property=\"og:site_name\" content=\"N\u00e1utica Colonia\" \/>\n<meta property=\"article:modified_time\" content=\"2024-03-20T07:46:22+00:00\" \/>\n<meta property=\"og:image\" content=\"https:\/\/nauticacolonia2.aplicacionesinteligentes.es\/wp-content\/plugins\/wpforms-lite\/assets\/images\/submit-spin.svg\" \/>\n<meta name=\"twitter:card\" content=\"summary_large_image\" \/>\n<meta name=\"twitter:label1\" content=\"Dur\u00e9e de lecture estim\u00e9e\" \/>\n\t<meta name=\"twitter:data1\" content=\"1 minute\" \/>\n<script type=\"application\/ld+json\" class=\"yoast-schema-graph\">{\"@context\":\"https:\/\/schema.org\",\"@graph\":[{\"@type\":\"WebPage\",\"@id\":\"https:\/\/nauticacolonia.com\/fr\/hivernage\/\",\"url\":\"https:\/\/nauticacolonia.com\/fr\/hivernage\/\",\"name\":\"Hivernage - N\u00e1utica Colonia\",\"isPartOf\":{\"@id\":\"https:\/\/nauticacolonia.com\/fr\/#website\"},\"primaryImageOfPage\":{\"@id\":\"https:\/\/nauticacolonia.com\/fr\/hivernage\/#primaryimage\"},\"image\":{\"@id\":\"https:\/\/nauticacolonia.com\/fr\/hivernage\/#primaryimage\"},\"thumbnailUrl\":\"https:\/\/nauticacolonia2.aplicacionesinteligentes.es\/wp-content\/plugins\/wpforms-lite\/assets\/images\/submit-spin.svg\",\"datePublished\":\"2024-03-04T10:46:48+00:00\",\"dateModified\":\"2024-03-20T07:46:22+00:00\",\"breadcrumb\":{\"@id\":\"https:\/\/nauticacolonia.com\/fr\/hivernage\/#breadcrumb\"},\"inLanguage\":\"fr-FR\",\"potentialAction\":[{\"@type\":\"ReadAction\",\"target\":[\"https:\/\/nauticacolonia.com\/fr\/hivernage\/\"]}]},{\"@type\":\"ImageObject\",\"inLanguage\":\"fr-FR\",\"@id\":\"https:\/\/nauticacolonia.com\/fr\/hivernage\/#primaryimage\",\"url\":\"https:\/\/nauticacolonia2.aplicacionesinteligentes.es\/wp-content\/plugins\/wpforms-lite\/assets\/images\/submit-spin.svg\",\"contentUrl\":\"https:\/\/nauticacolonia2.aplicacionesinteligentes.es\/wp-content\/plugins\/wpforms-lite\/assets\/images\/submit-spin.svg\"},{\"@type\":\"BreadcrumbList\",\"@id\":\"https:\/\/nauticacolonia.com\/fr\/hivernage\/#breadcrumb\",\"itemListElement\":[{\"@type\":\"ListItem\",\"position\":1,\"name\":\"Portada\",\"item\":\"https:\/\/nauticacolonia.com\/fr\/\"},{\"@type\":\"ListItem\",\"position\":2,\"name\":\"Hivernage\"}]},{\"@type\":\"WebSite\",\"@id\":\"https:\/\/nauticacolonia.com\/fr\/#website\",\"url\":\"https:\/\/nauticacolonia.com\/fr\/\",\"name\":\"N\u00e1utica Colonia\",\"description\":\"\",\"potentialAction\":[{\"@type\":\"SearchAction\",\"target\":{\"@type\":\"EntryPoint\",\"urlTemplate\":\"https:\/\/nauticacolonia.com\/fr\/?s={search_term_string}\"},\"query-input\":{\"@type\":\"PropertyValueSpecification\",\"valueRequired\":true,\"valueName\":\"search_term_string\"}}],\"inLanguage\":\"fr-FR\"}]}<\/script>\n<!-- \/ Yoast SEO plugin. -->","yoast_head_json":{"title":"Hivernage - N\u00e1utica Colonia","robots":{"index":"index","follow":"follow","max-snippet":"max-snippet:-1","max-image-preview":"max-image-preview:large","max-video-preview":"max-video-preview:-1"},"canonical":"https:\/\/nauticacolonia.com\/fr\/hivernage\/","og_locale":"fr_FR","og_type":"article","og_title":"Hivernage - N\u00e1utica Colonia","og_description":"Quand la saison de navigation se termine&#8230; nous prenons en charge votre bateau ! Si vous cherchez un espace pour l&rsquo;hivernage de votre bateau, chez Nautique Colonia, nous mettons \u00e0 votre disposition notre service de garde et d&rsquo;hivernage de bateaux. Nous disposons d&rsquo;installations tr\u00e8s proches de la Colonia de Sant Jordi pour mettre votre bateau ...","og_url":"https:\/\/nauticacolonia.com\/fr\/hivernage\/","og_site_name":"N\u00e1utica Colonia","article_modified_time":"2024-03-20T07:46:22+00:00","og_image":[{"url":"https:\/\/nauticacolonia2.aplicacionesinteligentes.es\/wp-content\/plugins\/wpforms-lite\/assets\/images\/submit-spin.svg","type":"","width":"","height":""}],"twitter_card":"summary_large_image","twitter_misc":{"Dur\u00e9e de lecture estim\u00e9e":"1 minute"},"schema":{"@context":"https:\/\/schema.org","@graph":[{"@type":"WebPage","@id":"https:\/\/nauticacolonia.com\/fr\/hivernage\/","url":"https:\/\/nauticacolonia.com\/fr\/hivernage\/","name":"Hivernage - N\u00e1utica Colonia","isPartOf":{"@id":"https:\/\/nauticacolonia.com\/fr\/#website"},"primaryImageOfPage":{"@id":"https:\/\/nauticacolonia.com\/fr\/hivernage\/#primaryimage"},"image":{"@id":"https:\/\/nauticacolonia.com\/fr\/hivernage\/#primaryimage"},"thumbnailUrl":"https:\/\/nauticacolonia2.aplicacionesinteligentes.es\/wp-content\/plugins\/wpforms-lite\/assets\/images\/submit-spin.svg","datePublished":"2024-03-04T10:46:48+00:00","dateModified":"2024-03-20T07:46:22+00:00","breadcrumb":{"@id":"https:\/\/nauticacolonia.com\/fr\/hivernage\/#breadcrumb"},"inLanguage":"fr-FR","potentialAction":[{"@type":"ReadAction","target":["https:\/\/nauticacolonia.com\/fr\/hivernage\/"]}]},{"@type":"ImageObject","inLanguage":"fr-FR","@id":"https:\/\/nauticacolonia.com\/fr\/hivernage\/#primaryimage","url":"https:\/\/nauticacolonia2.aplicacionesinteligentes.es\/wp-content\/plugins\/wpforms-lite\/assets\/images\/submit-spin.svg","contentUrl":"https:\/\/nauticacolonia2.aplicacionesinteligentes.es\/wp-content\/plugins\/wpforms-lite\/assets\/images\/submit-spin.svg"},{"@type":"BreadcrumbList","@id":"https:\/\/nauticacolonia.com\/fr\/hivernage\/#breadcrumb","itemListElement":[{"@type":"ListItem","position":1,"name":"Portada","item":"https:\/\/nauticacolonia.com\/fr\/"},{"@type":"ListItem","position":2,"name":"Hivernage"}]},{"@type":"WebSite","@id":"https:\/\/nauticacolonia.com\/fr\/#website","url":"https:\/\/nauticacolonia.com\/fr\/","name":"N\u00e1utica Colonia","description":"","potentialAction":[{"@type":"SearchAction","target":{"@type":"EntryPoint","urlTemplate":"https:\/\/nauticacolonia.com\/fr\/?s={search_term_string}"},"query-input":{"@type":"PropertyValueSpecification","valueRequired":true,"valueName":"search_term_string"}}],"inLanguage":"fr-FR"}]}},"_links":{"self":[{"href":"https:\/\/nauticacolonia.com\/fr\/wp-json\/wp\/v2\/pages\/10641","targetHints":{"allow":["GET"]}}],"collection":[{"href":"https:\/\/nauticacolonia.com\/fr\/wp-json\/wp\/v2\/pages"}],"about":[{"href":"https:\/\/nauticacolonia.com\/fr\/wp-json\/wp\/v2\/types\/page"}],"author":[{"embeddable":true,"href":"https:\/\/nauticacolonia.com\/fr\/wp-json\/wp\/v2\/users\/1"}],"replies":[{"embeddable":true,"href":"https:\/\/nauticacolonia.com\/fr\/wp-json\/wp\/v2\/comments?post=10641"}],"version-history":[{"count":2,"href":"https:\/\/nauticacolonia.com\/fr\/wp-json\/wp\/v2\/pages\/10641\/revisions"}],"predecessor-version":[{"id":10846,"href":"https:\/\/nauticacolonia.com\/fr\/wp-json\/wp\/v2\/pages\/10641\/revisions\/10846"}],"wp:attachment":[{"href":"https:\/\/nauticacolonia.com\/fr\/wp-json\/wp\/v2\/media?parent=10641"}],"curies":[{"name":"wp","href":"https:\/\/api.w.org\/{rel}","templated":true}]}}