{"id":10680,"date":"2024-02-29T13:48:45","date_gmt":"2024-02-29T12:48:45","guid":{"rendered":"https:\/\/nauticacolonia2.aplicacionesinteligentes.es\/termes-et-conditions\/"},"modified":"2024-02-29T13:48:45","modified_gmt":"2024-02-29T12:48:45","slug":"termes-et-conditions","status":"publish","type":"page","link":"https:\/\/nauticacolonia.com\/fr\/termes-et-conditions\/","title":{"rendered":"TERMES ET CONDITIONS"},"content":{"rendered":"<div class=\"page-content-skeleton mobile-margin\">\n<section>\n<div class=\"page-content-skeleton top-content padding-top-nav margin-bottom-reduced\">\n<h1 class=\"pages-title\">CONDITIONS G\u00c9N\u00c9RALES DE CONTRATATION<\/h1>\n<\/div>\n<div class=\"page-content-skeleton mobile-margin\"><\/div>\n<\/section>\n<section><\/section>\n<section class=\"section-content margin-top-reduced\">Ce document contractuel r\u00e9gira la location de services via le site web nauticacolonia.com, propri\u00e9t\u00e9 de AUTO BOAT ROCA SL, ci-apr\u00e8s le FOURNISSEUR. L&rsquo;acceptation de ce document implique que l&rsquo;UTILISATEUR :<\/p>\n<ul>\n<li>A lu, compris et compris ce qui est expos\u00e9 ici.<\/li>\n<li>Est une personne ayant la capacit\u00e9 suffisante pour contracter.<\/li>\n<li>Assume toutes les obligations ici \u00e9nonc\u00e9es.<\/li>\n<\/ul>\n<p>Ces conditions auront une p\u00e9riode de validit\u00e9 ind\u00e9finie et seront applicables \u00e0 toutes les locations r\u00e9alis\u00e9es via le site web du FOURNISSEUR.<\/p>\n<p>Le FOURNISSEUR informe que le commerce est responsable et conna\u00eet la l\u00e9gislation en vigueur des pays o\u00f9 il offre les services, et se r\u00e9serve le droit de modifier unilat\u00e9ralement les conditions, sans que cela puisse affecter les biens ou promotions qui ont \u00e9t\u00e9 acquis avant la modification.<\/p>\n<\/section>\n<\/div>\n<div class=\"page-content-skeleton mobile-margin\">\n<section class=\"section-content margin-top-reduced\">\n<h2>Identit\u00e9 des parties contractantes<\/h2>\n<p>D&rsquo;une part, le fournisseur des biens ou services contract\u00e9s par l&rsquo;UTILISATEUR est AUTO BOAT ROCA SL, avec domicile social Explanada del Puerto, s\/n &#8211; 07638 Colonia de Sant Jordi (Illes Balears), NIF B07631948 et avec t\u00e9l\u00e9phone service client \/ UTILISATEUR 971655222.<\/p>\n<p>Et d&rsquo;autre part, l&rsquo;UTILISATEUR, enregistr\u00e9 sur le site web, responsable de la v\u00e9racit\u00e9 des donn\u00e9es personnelles fournies au FOURNISSEUR.<\/p>\n<\/section>\n<\/div>\n<div class=\"page-content-skeleton mobile-margin\">\n<section class=\"section-content margin-top-reduced\">\n<h2>Objet du contrat<\/h2>\n<p>Le pr\u00e9sent contrat a pour objet de r\u00e9glementer la relation contractuelle de location d&#8217;embarcations entre le FOURNISSEUR et l&rsquo;UTILISATEUR au moment o\u00f9 celui-ci accepte la case correspondante lors du processus de location en ligne.<\/p>\n<p>La relation contractuelle de location implique la livraison, en \u00e9change d&rsquo;un prix d\u00e9termin\u00e9 et publiquement expos\u00e9 \u00e0 travers le site web, d&rsquo;un service sp\u00e9cifique.<\/p>\n<\/section>\n<\/div>\n<div class=\"page-content-skeleton mobile-margin\">\n<section class=\"section-content margin-top-reduced\">\n<h2>Proc\u00e9dure de location<\/h2>\n<p>L&rsquo;UTILISATEUR, pour acc\u00e9der aux services propos\u00e9s par le FOURNISSEUR, devra fournir de mani\u00e8re libre et volontaire les donn\u00e9es personnelles qui lui seront demand\u00e9es, qui seront trait\u00e9es conform\u00e9ment aux dispositions du R\u00e8glement (UE) 2016\/679, du 27 avril (RGPD), et de la Loi Organique 3\/2018, du 5 d\u00e9cembre (LOPDGDD), d\u00e9taill\u00e9es dans l&rsquo;Avis l\u00e9gal et la Politique de confidentialit\u00e9 de ce site web.<\/p>\n<p>Une fois les donn\u00e9es personnelles de l&rsquo;UTILISATEUR introduites, il est inform\u00e9 que, conform\u00e9ment \u00e0 ce que exige l&rsquo;article 27 de la Loi 34\/2002, des Services de la Soci\u00e9t\u00e9 de l&rsquo;Information et du Commerce \u00c9lectronique (LSSICE), le processus de location suivra les \u00e9tapes suivantes :<\/p>\n<ol>\n<li>Clauses g\u00e9n\u00e9rales de contratation.<\/li>\n<li>R\u00e9clamations.<\/li>\n<li>Force majeure.<\/li>\n<li>Comp\u00e9tence.<\/li>\n<li>G\u00e9n\u00e9ralit\u00e9s de l&rsquo;offre.<\/li>\n<li>Prix et dur\u00e9e de validit\u00e9 de l&rsquo;offre.<\/li>\n<li>Mode de paiement, frais et r\u00e9ductions.<\/li>\n<li>Annulations et retours.<\/li>\n<li>Loi applicable et juridiction.<\/li>\n<\/ol>\n<\/section>\n<\/div>\n<div class=\"page-content-skeleton mobile-margin\">\n<section class=\"section-content margin-top-reduced\">\n<h2>1. CLAUSES G\u00c9N\u00c9RALES DE CONTRATATION<\/h2>\n<p>Sauf stipulation particuli\u00e8re par \u00e9crit, effectuer une r\u00e9servation aupr\u00e8s du FOURNISSEUR impliquera l&rsquo;acceptation par l&rsquo;UTILISATEUR de ces conditions l\u00e9gales. Aucune stipulation faite par l&rsquo;UTILISATEUR ne pourra diff\u00e9rer de celles du FOURNISSEUR si elle n&rsquo;a pas \u00e9t\u00e9 express\u00e9ment accept\u00e9e \u00e0 l&rsquo;avance et par \u00e9crit par le FOURNISSEUR.<\/p>\n<\/section>\n<\/div>\n<div class=\"page-content-skeleton mobile-margin\">\n<section class=\"section-content margin-top-reduced\">\n<h2>2. R\u00c9CLAMATIONS<\/h2>\n<p>Toute r\u00e9clamation que l&rsquo;UTILISATEUR jugera opportune sera trait\u00e9e dans les plus brefs d\u00e9lais, pouvant \u00eatre effectu\u00e9e aux adresses de contact suivantes :<\/p>\n<p>Postale : AUTO BOAT ROCA SL, Explanada del Puerto, s\/n &#8211; 07638 Colonia de Sant Jordi (Illes Balears)<\/p>\n<p>T\u00e9l\u00e9phone : 971655222<\/p>\n<p>Mail : oficina@nauticacolonia.com<\/p>\n<\/section>\n<section class=\"section-content margin-top-reduced\">\n<h2>R\u00e9solution de litiges en ligne (Online Dispute Resolution)<\/h2>\n<p>Conform\u00e9ment \u00e0 l&rsquo;Art. 14.1 du R\u00e8glement (UE) 524\/2013, la Commission Europ\u00e9enne fournit une plateforme gratuite d&rsquo;acc\u00e8s \u00e0 la r\u00e9solution en ligne des conflits entre l&rsquo;UTILISATEUR et le FOURNISSEUR, sans avoir \u00e0 recourir aux tribunaux, par l&rsquo;intervention d&rsquo;un tiers appel\u00e9 Organisme de r\u00e9solution des litiges, qui agit comme m\u00e9diateur entre les deux. Cet organisme est neutre et dialoguera avec les deux parties pour parvenir \u00e0 un accord, pouvant finalement sugg\u00e9rer et\/ou imposer une solution au conflit.<\/p>\n<p>Lien vers la plateforme ODR : http:\/\/ec.europa.eu\/consumers\/odr\/<\/p>\n<\/section>\n<\/div>\n<div class=\"page-content-skeleton mobile-margin\">\n<section class=\"section-content margin-top-reduced\">\n<h2>3. FORCE MAJEURE<\/h2>\n<p>Les parties ne seront pas tenues responsables pour tout manquement d\u00fb \u00e0 une force majeure. L&rsquo;ex\u00e9cution de l&rsquo;obligation sera retard\u00e9e jusqu&rsquo;\u00e0 la cessation du cas de force majeure.<\/p>\n<\/section>\n<\/div>\n<div class=\"page-content-skeleton mobile-margin\">\n<section class=\"section-content margin-top-reduced\">\n<h2>4. COMP\u00c9TENCE<\/h2>\n<p>L&rsquo;UTILISATEUR ne pourra c\u00e9der, transf\u00e9rer ou transmettre les droits, responsabilit\u00e9s et obligations contract\u00e9s dans la location.<\/p>\n<p>Si une stipulation de ces conditions est consid\u00e9r\u00e9e comme nulle ou inapplicable, la validit\u00e9, la l\u00e9galit\u00e9 et le respect du reste ne seront en aucun cas affect\u00e9s ou modifi\u00e9s.<\/p>\n<p>L&rsquo;UTILISATEUR d\u00e9clare avoir lu, conna\u00eetre et accepter ces Conditions G\u00e9n\u00e9rales dans leur int\u00e9gralit\u00e9.<\/p>\n<\/section>\n<\/div>\n<div class=\"page-content-skeleton mobile-margin\">\n<section class=\"section-content margin-top-reduced\">\n<h2>5. G\u00c9N\u00c9RALIT\u00c9S DE L&rsquo;OFFRE<\/h2>\n<p>La location d&#8217;embarcations r\u00e9alis\u00e9e par le FOURNISSEUR sera soumise \u00e0 ces Conditions G\u00e9n\u00e9rales.<\/p>\n<p>Aucune modification, alt\u00e9ration ou accord contraire \u00e0 la Proposition Commerciale de AUTO BOAT ROCA SL ou \u00e0 ce qui est stipul\u00e9 ici, n&rsquo;aura d&rsquo;effet, sauf accord expr\u00e8s par \u00e9crit sign\u00e9 par le FOURNISSEUR, auquel cas, ces accords particuliers pr\u00e9vaudront.<\/p>\n<p>Compte tenu des avanc\u00e9es techniques continues et des am\u00e9liorations des services, le FOURNISSEUR se r\u00e9serve le droit de modifier ses sp\u00e9cifications par rapport aux informations fournies dans sa publicit\u00e9, tant que cela n&rsquo;affecte pas la valeur des services offerts. Ces modifications seront \u00e9galement valides dans le cas o\u00f9, pour une raison quelconque, la possibilit\u00e9 de fourniture des services offerts serait affect\u00e9e.<\/p>\n<\/section>\n<\/div>\n<div class=\"page-content-skeleton mobile-margin\">\n<section class=\"section-content margin-top-reduced\">\n<h2>6. PRIX ET DUR\u00c9E DE VALIDIT\u00c9 DE L&rsquo;OFFRE<\/h2>\n<p>Les prix indiqu\u00e9s pour chaque location incluent la Taxe sur la Valeur Ajout\u00e9e (TVA) ou d&rsquo;autres taxes qui pourraient \u00eatre applicables. Ces prix, sauf indication contraire expresse, n&rsquo;incluent pas les frais d&rsquo;exp\u00e9dition, de manutention, d&#8217;emballage, d&rsquo;assurance d&rsquo;envois ou tout autre service suppl\u00e9mentaire et annex\u00e9 au service acquis.<\/p>\n<p>Les prix applicables \u00e0 chaque location sont ceux publi\u00e9s sur le site web et seront exprim\u00e9s en monnaie EURO. L&rsquo;UTILISATEUR assume que l&rsquo;\u00e9valuation \u00e9conomique de certains services peut varier en temps r\u00e9el.<\/p>\n<p>Une fois la r\u00e9servation effectu\u00e9e, les prix seront maintenus qu&rsquo;il y ait disponibilit\u00e9 des services ou non.<\/p>\n<p>Tout paiement effectu\u00e9 au FOURNISSEUR entra\u00eenera l&rsquo;\u00e9mission d&rsquo;une facture au nom de l&rsquo;UTILISATEUR ou de la raison sociale qu&rsquo;il aura indiqu\u00e9e au moment de faire la r\u00e9servation. Cette facture sera envoy\u00e9e avec le service acquis \u00e0 l&rsquo;adresse \u00e9lectronique fournie par l&rsquo;UTILISATEUR.<\/p>\n<p>Pour toute information sur la r\u00e9servation, l&rsquo;UTILISATEUR peut contacter le service client du FOURNISSEUR au 971655222 ou par courrier \u00e9lectronique \u00e0 l&rsquo;adresse rgpd@nauticacolonia.com.<\/p>\n<\/section>\n<\/div>\n<div class=\"page-content-skeleton mobile-margin\">\n<section class=\"section-content margin-top-reduced\">\n<h2>7. MOYENS DE PAIEMENT, FRAIS ET R\u00c9DUCTIONS<\/h2>\n<p>Le FOURNISSEUR offre les moyens suivants pour effectuer le paiement d&rsquo;une commande :<\/p>\n<ul>\n<li>VISA, MASTERCARD, PAYPAL<\/li>\n<\/ul>\n<p>Paiement de 50% du bateau en tant que r\u00e9servation. Le reste en personne (bureau) lors de la prise en charge du bateau.<\/p>\n<p>Les extras seront pay\u00e9s int\u00e9gralement (100% du montant) au moment de la r\u00e9servation, en m\u00eame temps que 50% du bateau.<\/p>\n<p>CAUTION :<\/p>\n<ul>\n<li>Elle sera d\u00e9pos\u00e9e en personne par carte VISA OU MASTERCARD.\n<ul>\n<li>Bateaux avec certification : 1000\u20ac<\/li>\n<li>Bateaux sans certification : 500\u20ac<\/li>\n<\/ul>\n<\/li>\n<\/ul>\n<\/section>\n<\/div>\n<div class=\"page-content-skeleton mobile-margin\">\n<section class=\"section-content margin-top-reduced\">\n<h2>8. ANNULATIONS ET REMBOURSEMENTS<\/h2>\n<ul>\n<li>Avant un mois : Remboursement de 100% de la r\u00e9servation<\/li>\n<li>Avant 15 jours : Remboursement de 50% de la r\u00e9servation<\/li>\n<li>Moins de 15 jours : Aucun remboursement<\/li>\n<li>Annulation pour mauvaise m\u00e9t\u00e9o : Recherche d&rsquo;une autre date alternative ou remboursement de 100% de la r\u00e9servation.<\/li>\n<li>Annulation pour panne du bateau : Recherche d&rsquo;une autre date alternative, bateau alternatif pour le m\u00eame horaire ou remboursement de 100% de la r\u00e9servation<\/li>\n<\/ul>\n<\/section>\n<\/div>\n<div class=\"page-content-skeleton mobile-margin\">\n<section class=\"section-content margin-top-reduced\">\n<h2>4. LOI APPLICABLE ET JURIDICTION<\/h2>\n<p>Ces conditions seront r\u00e9gies ou interpr\u00e9t\u00e9es conform\u00e9ment \u00e0 la l\u00e9gislation espagnole dans ce qui n&rsquo;est pas express\u00e9ment \u00e9tabli. Le FOURNISSEUR et l&rsquo;UTILISATEUR conviennent de soumettre toute controverse pouvant d\u00e9couler de la prestation des services objets de ces Conditions aux tribunaux et cours du domicile de l&rsquo;UTILISATEUR.<\/p>\n<p>Dans le cas o\u00f9 l&rsquo;UTILISATEUR aurait son domicile hors d&rsquo;Espagne, le FOURNISSEUR et l&rsquo;UTILISATEUR renoncent express\u00e9ment \u00e0 tout autre forum, se soumettant aux Tribunaux les plus proches de la population de Colonia de Sant Jordi (Espagne).<\/p>\n<\/section>\n<\/div>\n","protected":false},"excerpt":{"rendered":"<p>CONDITIONS G\u00c9N\u00c9RALES DE CONTRATATION Ce document contractuel r\u00e9gira la location de services via le site web nauticacolonia.com, propri\u00e9t\u00e9 de AUTO BOAT ROCA SL, ci-apr\u00e8s le FOURNISSEUR. L&rsquo;acceptation de ce document implique que l&rsquo;UTILISATEUR : A lu, compris et compris ce qui est expos\u00e9 ici. Est une personne ayant la capacit\u00e9 suffisante pour contracter. Assume toutes &#8230;<\/p>\n","protected":false},"author":1,"featured_media":0,"parent":0,"menu_order":0,"comment_status":"closed","ping_status":"closed","template":"terms_conditions.php","meta":{"inline_featured_image":false,"footnotes":""},"class_list":["post-10680","page","type-page","status-publish","hentry"],"yoast_head":"<!-- This site is optimized with the Yoast SEO plugin v24.7 - https:\/\/yoast.com\/wordpress\/plugins\/seo\/ -->\n<title>TERMES ET CONDITIONS - N\u00e1utica Colonia<\/title>\n<meta name=\"robots\" content=\"index, follow, max-snippet:-1, max-image-preview:large, max-video-preview:-1\" \/>\n<link rel=\"canonical\" href=\"https:\/\/nauticacolonia.com\/fr\/termes-et-conditions\/\" \/>\n<meta property=\"og:locale\" content=\"fr_FR\" \/>\n<meta property=\"og:type\" content=\"article\" \/>\n<meta property=\"og:title\" content=\"TERMES ET CONDITIONS - N\u00e1utica Colonia\" \/>\n<meta property=\"og:description\" content=\"CONDITIONS G\u00c9N\u00c9RALES DE CONTRATATION Ce document contractuel r\u00e9gira la location de services via le site web nauticacolonia.com, propri\u00e9t\u00e9 de AUTO BOAT ROCA SL, ci-apr\u00e8s le FOURNISSEUR. L&rsquo;acceptation de ce document implique que l&rsquo;UTILISATEUR : A lu, compris et compris ce qui est expos\u00e9 ici. Est une personne ayant la capacit\u00e9 suffisante pour contracter. Assume toutes ...\" \/>\n<meta property=\"og:url\" content=\"https:\/\/nauticacolonia.com\/fr\/termes-et-conditions\/\" \/>\n<meta property=\"og:site_name\" content=\"N\u00e1utica Colonia\" \/>\n<meta name=\"twitter:card\" content=\"summary_large_image\" \/>\n<meta name=\"twitter:label1\" content=\"Dur\u00e9e de lecture estim\u00e9e\" \/>\n\t<meta name=\"twitter:data1\" content=\"6 minutes\" \/>\n<script type=\"application\/ld+json\" class=\"yoast-schema-graph\">{\"@context\":\"https:\/\/schema.org\",\"@graph\":[{\"@type\":\"WebPage\",\"@id\":\"https:\/\/nauticacolonia.com\/fr\/termes-et-conditions\/\",\"url\":\"https:\/\/nauticacolonia.com\/fr\/termes-et-conditions\/\",\"name\":\"TERMES ET CONDITIONS - N\u00e1utica Colonia\",\"isPartOf\":{\"@id\":\"https:\/\/nauticacolonia.com\/fr\/#website\"},\"datePublished\":\"2024-02-29T12:48:45+00:00\",\"breadcrumb\":{\"@id\":\"https:\/\/nauticacolonia.com\/fr\/termes-et-conditions\/#breadcrumb\"},\"inLanguage\":\"fr-FR\",\"potentialAction\":[{\"@type\":\"ReadAction\",\"target\":[\"https:\/\/nauticacolonia.com\/fr\/termes-et-conditions\/\"]}]},{\"@type\":\"BreadcrumbList\",\"@id\":\"https:\/\/nauticacolonia.com\/fr\/termes-et-conditions\/#breadcrumb\",\"itemListElement\":[{\"@type\":\"ListItem\",\"position\":1,\"name\":\"Portada\",\"item\":\"https:\/\/nauticacolonia.com\/fr\/\"},{\"@type\":\"ListItem\",\"position\":2,\"name\":\"TERMES ET CONDITIONS\"}]},{\"@type\":\"WebSite\",\"@id\":\"https:\/\/nauticacolonia.com\/fr\/#website\",\"url\":\"https:\/\/nauticacolonia.com\/fr\/\",\"name\":\"N\u00e1utica Colonia\",\"description\":\"\",\"potentialAction\":[{\"@type\":\"SearchAction\",\"target\":{\"@type\":\"EntryPoint\",\"urlTemplate\":\"https:\/\/nauticacolonia.com\/fr\/?s={search_term_string}\"},\"query-input\":{\"@type\":\"PropertyValueSpecification\",\"valueRequired\":true,\"valueName\":\"search_term_string\"}}],\"inLanguage\":\"fr-FR\"}]}<\/script>\n<!-- \/ Yoast SEO plugin. -->","yoast_head_json":{"title":"TERMES ET CONDITIONS - N\u00e1utica Colonia","robots":{"index":"index","follow":"follow","max-snippet":"max-snippet:-1","max-image-preview":"max-image-preview:large","max-video-preview":"max-video-preview:-1"},"canonical":"https:\/\/nauticacolonia.com\/fr\/termes-et-conditions\/","og_locale":"fr_FR","og_type":"article","og_title":"TERMES ET CONDITIONS - N\u00e1utica Colonia","og_description":"CONDITIONS G\u00c9N\u00c9RALES DE CONTRATATION Ce document contractuel r\u00e9gira la location de services via le site web nauticacolonia.com, propri\u00e9t\u00e9 de AUTO BOAT ROCA SL, ci-apr\u00e8s le FOURNISSEUR. L&rsquo;acceptation de ce document implique que l&rsquo;UTILISATEUR : A lu, compris et compris ce qui est expos\u00e9 ici. Est une personne ayant la capacit\u00e9 suffisante pour contracter. Assume toutes ...","og_url":"https:\/\/nauticacolonia.com\/fr\/termes-et-conditions\/","og_site_name":"N\u00e1utica Colonia","twitter_card":"summary_large_image","twitter_misc":{"Dur\u00e9e de lecture estim\u00e9e":"6 minutes"},"schema":{"@context":"https:\/\/schema.org","@graph":[{"@type":"WebPage","@id":"https:\/\/nauticacolonia.com\/fr\/termes-et-conditions\/","url":"https:\/\/nauticacolonia.com\/fr\/termes-et-conditions\/","name":"TERMES ET CONDITIONS - N\u00e1utica Colonia","isPartOf":{"@id":"https:\/\/nauticacolonia.com\/fr\/#website"},"datePublished":"2024-02-29T12:48:45+00:00","breadcrumb":{"@id":"https:\/\/nauticacolonia.com\/fr\/termes-et-conditions\/#breadcrumb"},"inLanguage":"fr-FR","potentialAction":[{"@type":"ReadAction","target":["https:\/\/nauticacolonia.com\/fr\/termes-et-conditions\/"]}]},{"@type":"BreadcrumbList","@id":"https:\/\/nauticacolonia.com\/fr\/termes-et-conditions\/#breadcrumb","itemListElement":[{"@type":"ListItem","position":1,"name":"Portada","item":"https:\/\/nauticacolonia.com\/fr\/"},{"@type":"ListItem","position":2,"name":"TERMES ET CONDITIONS"}]},{"@type":"WebSite","@id":"https:\/\/nauticacolonia.com\/fr\/#website","url":"https:\/\/nauticacolonia.com\/fr\/","name":"N\u00e1utica Colonia","description":"","potentialAction":[{"@type":"SearchAction","target":{"@type":"EntryPoint","urlTemplate":"https:\/\/nauticacolonia.com\/fr\/?s={search_term_string}"},"query-input":{"@type":"PropertyValueSpecification","valueRequired":true,"valueName":"search_term_string"}}],"inLanguage":"fr-FR"}]}},"_links":{"self":[{"href":"https:\/\/nauticacolonia.com\/fr\/wp-json\/wp\/v2\/pages\/10680","targetHints":{"allow":["GET"]}}],"collection":[{"href":"https:\/\/nauticacolonia.com\/fr\/wp-json\/wp\/v2\/pages"}],"about":[{"href":"https:\/\/nauticacolonia.com\/fr\/wp-json\/wp\/v2\/types\/page"}],"author":[{"embeddable":true,"href":"https:\/\/nauticacolonia.com\/fr\/wp-json\/wp\/v2\/users\/1"}],"replies":[{"embeddable":true,"href":"https:\/\/nauticacolonia.com\/fr\/wp-json\/wp\/v2\/comments?post=10680"}],"version-history":[{"count":0,"href":"https:\/\/nauticacolonia.com\/fr\/wp-json\/wp\/v2\/pages\/10680\/revisions"}],"wp:attachment":[{"href":"https:\/\/nauticacolonia.com\/fr\/wp-json\/wp\/v2\/media?parent=10680"}],"curies":[{"name":"wp","href":"https:\/\/api.w.org\/{rel}","templated":true}]}}