{"id":10685,"date":"2024-02-29T13:50:05","date_gmt":"2024-02-29T12:50:05","guid":{"rendered":"https:\/\/nauticacolonia2.aplicacionesinteligentes.es\/mentions-legales-et-politique-de-confidentialite\/"},"modified":"2024-03-19T09:09:04","modified_gmt":"2024-03-19T08:09:04","slug":"mentions-legales-et-politique-de-confidentialite","status":"publish","type":"page","link":"https:\/\/nauticacolonia.com\/fr\/mentions-legales-et-politique-de-confidentialite\/","title":{"rendered":"Mentions L\u00e9gales et Politique de Confidentialit\u00e9"},"content":{"rendered":"<h2 class=\"wp-block-heading\">MENTIONS L\u00c9GALES. LOI SUR LES SERVICES DE LA SOCI\u00c9T\u00c9 DE L&rsquo;INFORMATION (LSSI)<\/h2><p><\/p><p>AUTO BOAT ROCA SL, responsable du site web, ci-apr\u00e8s LE RESPONSABLE, met \u00e0 disposition des utilisateurs le pr\u00e9sent document, qui vise \u00e0 se conformer aux obligations \u00e9tablies dans la Loi 34\/2002, du 11 juillet, sur les Services de la Soci\u00e9t\u00e9 de l&rsquo;Information et du Commerce \u00c9lectronique (LSSICE), BOE N\u00b0 166, ainsi qu&rsquo;\u00e0 informer tous les utilisateurs du site web des conditions d&rsquo;utilisation.<\/p><p>Toute personne acc\u00e9dant \u00e0 ce site web assume le r\u00f4le d&rsquo;utilisateur, s&rsquo;engageant \u00e0 observer et \u00e0 respecter rigoureusement les dispositions ici \u00e9tablies, ainsi que toute autre disposition l\u00e9gale applicable.<\/p><p>AUTO BOAT ROCA SL se r\u00e9serve le droit de modifier tout type d&rsquo;information qui pourrait appara\u00eetre sur le site web, sans qu&rsquo;il y ait obligation de pr\u00e9venir ou d&rsquo;informer les utilisateurs de ces obligations, la publication sur le site web de AUTO BOAT ROCA SL \u00e9tant consid\u00e9r\u00e9e comme suffisante.<\/p><p><strong>1. DONN\u00c9ES D&rsquo;IDENTIFICATION<\/strong><\/p><p>Nom de domaine : nauticacolonia.com<\/p><p>Nom commercial : NAUTICA COLONIA<\/p><p>D\u00e9nomination sociale : AUTO BOAT ROCA SL<\/p><p>NIF: B07631948<\/p><p>Si\u00e8ge social : Explanada del Puerto s\/n, 07638 Colonia de Sant Jordi (ILES BAL\u00c9ARES)<\/p><p>T\u00e9l\u00e9phone : 971655222<\/p><p>e-mail: oficina@nauticacolonia.com<\/p><p>Inscrit au Registre du Commerce des \u00celes Bal\u00e9ares T 1846, F 100, H PM 15618<\/p><p><strong>2. DROITS DE PROPRI\u00c9T\u00c9 INTELLECTUELLE ET INDUSTRIELLE<\/strong><\/p><p>Le site web, incluant \u00e0 titre indicatif mais non limitatif sa programmation, son \u00e9dition, sa compilation et d&rsquo;autres \u00e9l\u00e9ments n\u00e9cessaires \u00e0 son fonctionnement, les designs, logos, texte et\/ou graphiques, sont la propri\u00e9t\u00e9 du RESPONSABLE ou, le cas \u00e9ch\u00e9ant, il dispose d&rsquo;une licence ou d&rsquo;une autorisation expresse de la part des auteurs. Tous les contenus du site web sont d\u00fbment prot\u00e9g\u00e9s par la r\u00e9glementation de la propri\u00e9t\u00e9 intellectuelle et industrielle, ainsi que inscrits dans les registres publics correspondants.<\/p><p>Ind\u00e9pendamment de la finalit\u00e9 pour laquelle ils \u00e9taient destin\u00e9s, la reproduction totale ou partielle, l&rsquo;utilisation, l&rsquo;exploitation, la distribution et la commercialisation n\u00e9cessitent dans tous les cas l&rsquo;autorisation \u00e9crite pr\u00e9alable du RESPONSABLE. Tout usage non autoris\u00e9 au pr\u00e9alable est consid\u00e9r\u00e9 comme une violation grave des droits de propri\u00e9t\u00e9 intellectuelle ou industrielle de l&rsquo;auteur.<\/p><p>Les designs, logos, texte et\/ou graphiques ext\u00e9rieurs au RESPONSABLE et qui pourraient appara\u00eetre sur le site web appartiennent \u00e0 leurs propri\u00e9taires respectifs, \u00e9tant eux-m\u00eames responsables de toute controverse \u00e9ventuelle \u00e0 leur \u00e9gard. Le RESPONSABLE autorise express\u00e9ment des tiers \u00e0 rediriger directement vers les contenus sp\u00e9cifiques du site web, et dans tous les cas \u00e0 rediriger vers le site web principal de nauticacolonia.com.<\/p><p>Le RESPONSABLE reconna\u00eet en faveur de leurs titulaires les droits de propri\u00e9t\u00e9 intellectuelle et industrielle correspondants, leur mention ou apparition sur le site web n&rsquo;impliquant pas l&rsquo;existence de droits ou de responsabilit\u00e9 du RESPONSABLE sur ceux-ci, ni aucun soutien, parrainage ou recommandation de sa part.<\/p><p>Pour faire toute observation concernant d&rsquo;\u00e9ventuelles violations des droits de propri\u00e9t\u00e9 intellectuelle ou industrielle, ainsi que sur tout contenu du site web, vous pouvez le faire via l&#8217;email rgpd@nauticacolonia.com.<\/p><p><strong>3. EXON\u00c9RATION DE RESPONSABILIT\u00c9<\/strong><\/p><p>Le RESPONSABLE d\u00e9cline toute responsabilit\u00e9 d\u00e9coulant des informations publi\u00e9es sur son site web \u00e0 condition que ces informations aient \u00e9t\u00e9 manipul\u00e9es ou introduites par un tiers externe.<\/p><p>Utilisation des Cookies<\/p><p>Ce site web peut utiliser des cookies techniques (petits fichiers d&rsquo;information que le serveur envoie \u00e0 l&rsquo;ordinateur de celui qui acc\u00e8de \u00e0 la page) pour effectuer certaines fonctions consid\u00e9r\u00e9es essentielles pour le bon fonctionnement et l&rsquo;affichage du site. Les cookies utilis\u00e9s sont, dans tous les cas, de nature temporaire, avec pour seul but de rendre la navigation plus efficace, et disparaissent \u00e0 la fin de la session de l&rsquo;utilisateur. En aucun cas, ces cookies ne fournissent par eux-m\u00eames des donn\u00e9es personnelles et ne seront pas utilis\u00e9s pour la collecte de celles-ci.<\/p><p>L&rsquo;utilisation de cookies permet \u00e9galement au serveur sur lequel se trouve le site web de reconna\u00eetre le navigateur utilis\u00e9 par l&rsquo;utilisateur afin de rendre la navigation plus simple, permettant, par exemple, aux utilisateurs qui se sont pr\u00e9alablement enregistr\u00e9s d&rsquo;acc\u00e9der aux zones, services, promotions ou concours qui leur sont exclusivement r\u00e9serv\u00e9s sans avoir \u00e0 s&rsquo;enregistrer \u00e0 chaque visite.<\/p><p>Ils peuvent \u00e9galement \u00eatre utilis\u00e9s pour mesurer l&rsquo;audience, les param\u00e8tres de trafic, contr\u00f4ler la progression et le nombre d&rsquo;entr\u00e9es, etc., \u00e9tant dans ce cas des cookies techniquement optionnels mais b\u00e9n\u00e9fiques pour l&rsquo;utilisateur. Ce site web n&rsquo;installera pas de cookies optionnels sans le consentement pr\u00e9alable de l&rsquo;utilisateur.<\/p><p>L&rsquo;utilisateur a la possibilit\u00e9 de configurer son navigateur pour \u00eatre averti de la r\u00e9ception de cookies et pour emp\u00eacher leur installation sur son \u00e9quipement. Veuillez consulter les instructions de votre navigateur pour \u00e9tendre ces informations.<\/p><p>Politique de liens<\/p><p>Depuis le site web, il est possible que vous soyez redirig\u00e9 vers du contenu de sites web tiers. \u00c9tant donn\u00e9 que le RESPONSABLE ne peut pas toujours contr\u00f4ler le contenu introduit par des tiers sur leurs sites web respectifs, il n&rsquo;assume aucun type de responsabilit\u00e9 \u00e0 l&rsquo;\u00e9gard de ces contenus. Dans tous les cas, il proc\u00e9dera au retrait imm\u00e9diat de tout contenu qui pourrait contrevenir \u00e0 la l\u00e9gislation nationale ou internationale, \u00e0 la morale ou \u00e0 l&rsquo;ordre public, proc\u00e9dant au retrait imm\u00e9diat de la redirection vers ce site web, en informant les autorit\u00e9s comp\u00e9tentes du contenu en question.<\/p><p>Le RESPONSABLE n&rsquo;est pas responsable des informations et contenus stock\u00e9s, \u00e0 titre indicatif mais non limitatif, dans les forums, chats, g\u00e9n\u00e9rateurs de blogs, commentaires, r\u00e9seaux sociaux ou tout autre moyen permettant \u00e0 des tiers de publier du contenu de mani\u00e8re ind\u00e9pendante sur la page web du RESPONSABLE. Cependant, et conform\u00e9ment aux dispositions des articles 11 et 16 de la LSSICE, il se met \u00e0 la disposition de tous les utilisateurs, autorit\u00e9s et forces de s\u00e9curit\u00e9, et collabore activement au retrait ou, le cas \u00e9ch\u00e9ant, au blocage de tous les contenus qui pourraient affecter ou enfreindre la l\u00e9gislation nationale ou internationale, les droits de tiers ou la morale et l&rsquo;ordre public. Si l&rsquo;utilisateur estime qu&rsquo;il existe sur le site web un contenu susceptible d&rsquo;\u00eatre class\u00e9 ainsi, veuillez le notifier imm\u00e9diatement \u00e0 l&rsquo;administrateur du site web.<\/p><p>Ce site web a \u00e9t\u00e9 v\u00e9rifi\u00e9 et test\u00e9 pour fonctionner correctement. En principe, un fonctionnement correct peut \u00eatre garanti 365 jours par an, 24 heures sur 24. Cependant, le RESPONSABLE n&rsquo;exclut pas la possibilit\u00e9 qu&rsquo;il existe certaines erreurs de programmation, ou que des \u00e9v\u00e9nements de force majeure, des catastrophes naturelles, des gr\u00e8ves ou des circonstances similaires puissent rendre l&rsquo;acc\u00e8s au site web impossible.<\/p><p>Adresses IP<\/p><p>Les serveurs du site web peuvent d\u00e9tecter automatiquement l&rsquo;adresse IP et le nom de domaine utilis\u00e9s par l&rsquo;utilisateur. Une adresse IP est un num\u00e9ro attribu\u00e9 automatiquement \u00e0 un ordinateur lorsqu&rsquo;il se connecte \u00e0 Internet. Toutes ces informations sont enregistr\u00e9es dans un fichier d&rsquo;activit\u00e9 du serveur d\u00fbment enregistr\u00e9 qui permet le traitement ult\u00e9rieur des donn\u00e9es afin d&rsquo;obtenir uniquement des mesures statistiques qui permettent de conna\u00eetre le nombre d&rsquo;impressions de pages, le nombre de visites effectu\u00e9es sur les serveurs web, l&rsquo;ordre des visites, le point d&rsquo;acc\u00e8s, etc.<\/p><p><strong>LOI APPLICABLE ET JURIDICTION<\/strong><\/p><p>Pour r\u00e9soudre tous les litiges ou questions li\u00e9es \u00e0 ce site web ou aux activit\u00e9s qui y sont d\u00e9velopp\u00e9es, le droit espagnol sera appliqu\u00e9, auquel les parties se soumettent express\u00e9ment. Les tribunaux les plus proches de Colonia de Sant Jordi seront comp\u00e9tents pour r\u00e9soudre tous les conflits d\u00e9coulant ou li\u00e9s \u00e0 son utilisation.<\/p><h2 class=\"wp-block-heading\">Politique de Confidentialit\u00e9<\/h2><p><strong>INFORMATION \u00c0 L&rsquo;UTILISATEUR<\/strong><\/p><p>Qui est responsable du traitement de vos donn\u00e9es personnelles ?<\/p><p>AUTO BOAT ROCA SL est le RESPONSABLE du traitement des donn\u00e9es personnelles de l&rsquo;UTILISATEUR et vous informe que ces donn\u00e9es seront trait\u00e9es conform\u00e9ment aux dispositions du R\u00e8glement (UE) 2016\/679, du 27 avril (RGPD), et de la Loi Organique 3\/2018, du 5 d\u00e9cembre (LOPDGDD).<\/p><p>Dans quel but traitons-nous vos donn\u00e9es personnelles ?<\/p><p>Pour maintenir une relation commerciale avec l&rsquo;utilisateur. Les op\u00e9rations pr\u00e9vues pour effectuer le traitement sont :<\/p><ul class=\"wp-block-list\"><li>Envoi de communications commerciales publicitaires par e-mail, fax, SMS, MMS, r\u00e9seaux sociaux ou tout autre moyen \u00e9lectronique ou physique, pr\u00e9sent ou futur, qui permet de r\u00e9aliser des communications commerciales. Ces communications seront effectu\u00e9es par le RESPONSABLE et seront li\u00e9es \u00e0 ses produits et services, ou \u00e0 ceux de ses partenaires ou fournisseurs avec lesquels il a conclu un accord de promotion. Dans ce cas, les tiers n&rsquo;auront jamais acc\u00e8s aux donn\u00e9es personnelles.<\/li>\n\n<li>R\u00e9aliser des \u00e9tudes de march\u00e9 et des analyses statistiques.<\/li>\n\n<li>Traiter les commandes, demandes ou tout type de requ\u00eate faite par l&rsquo;UTILISATEUR via les diff\u00e9rentes formes de contact mises \u00e0 disposition sur le site web du RESPONSABLE.<\/li>\n\n<li>Envoyer la newsletter en ligne, concernant les nouveaut\u00e9s, offres et promotions de notre activit\u00e9.<\/li><\/ul><p>Pour quelle raison pouvons-nous traiter vos donn\u00e9es personnelles ?<\/p><p>Parce que le traitement est l\u00e9gitim\u00e9 par l&rsquo;article 6 du RGPD de la mani\u00e8re suivante :<\/p><ul class=\"wp-block-list\"><li>Avec le consentement de l&rsquo;UTILISATEUR : envoi de communications commerciales et de la newsletter.<\/li>\n\n<li>Pour l&rsquo;int\u00e9r\u00eat l\u00e9gitime du RESPONSABLE : r\u00e9aliser des \u00e9tudes de march\u00e9, des analyses statistiques, etc. et traiter les commandes, les demandes, etc. \u00e0 la demande de l&rsquo;UTILISATEUR.<\/li><\/ul><p>Combien de temps conservons-nous vos donn\u00e9es personnelles ?<\/p><p>Elles seront conserv\u00e9es pendant la dur\u00e9e n\u00e9cessaire \u00e0 la r\u00e9alisation de l&rsquo;objectif pour lequel elles sont trait\u00e9es ou il existe des prescriptions l\u00e9gales dictant leur garde et, lorsque ce n&rsquo;est plus n\u00e9cessaire \u00e0 cette fin, elles seront supprim\u00e9es avec des mesures de s\u00e9curit\u00e9 ad\u00e9quates pour garantir l&rsquo;anonymisation des donn\u00e9es ou leur destruction totale.<\/p><p>\u00c0 qui vos donn\u00e9es sont-elles communiqu\u00e9es ?<\/p><p>Aucune communication de donn\u00e9es personnelles \u00e0 des tiers n&rsquo;est pr\u00e9vue, sauf si cela est n\u00e9cessaire pour le d\u00e9veloppement et l&rsquo;ex\u00e9cution des finalit\u00e9s du traitement, \u00e0 nos prestataires de services li\u00e9s aux communications, avec lesquels le RESPONSABLE a sign\u00e9 les contrats de confidentialit\u00e9 et de traitement des donn\u00e9es requis par la r\u00e9glementation actuelle en mati\u00e8re de confidentialit\u00e9.<\/p><p>Quels sont vos droits ?<\/p><p>Les droits de l&rsquo;UTILISATEUR sont :<\/p><ul class=\"wp-block-list\"><li>Le droit de retirer son consentement \u00e0 tout moment.<\/li>\n\n<li>Le droit d&rsquo;acc\u00e8s, de rectification, de portabilit\u00e9 et de suppression de ses donn\u00e9es, et de limitation ou d&rsquo;opposition \u00e0 leur traitement.<\/li>\n\n<li>Le droit de d\u00e9poser une plainte aupr\u00e8s de l&rsquo;autorit\u00e9 de contr\u00f4le (www.aepd.es) si vous estimez que le traitement ne respecte pas la r\u00e9glementation en vigueur.<\/li><\/ul><p>Coordonn\u00e9es pour exercer vos droits :<\/p><p>AUTO BOAT ROCA SL. Explanada del Puerto, s\/n &#8211; 07638 Colonia de Sant Jordi (Illes Balears). Email: rgpd@nauticacolonia.com<\/p><p><strong>CARACT\u00c8RE OBLIGATOIRE OU FACULTATIF DE L&rsquo;INFORMATION FOURNIE PAR L&rsquo;UTILISATEUR<\/strong><\/p><p>Les UTILISATEURS, en cochant les cases correspondantes et en saisissant des donn\u00e9es dans les champs marqu\u00e9s d&rsquo;un ast\u00e9risque (*) sur le formulaire de contact ou pr\u00e9sent\u00e9s dans des formulaires de t\u00e9l\u00e9chargement, acceptent express\u00e9ment, librement et sans \u00e9quivoque que leurs donn\u00e9es sont n\u00e9cessaires pour r\u00e9pondre \u00e0 leur demande par le fournisseur, la saisie de donn\u00e9es dans les autres champs \u00e9tant volontaire. L&rsquo;UTILISATEUR garantit que les donn\u00e9es personnelles fournies au RESPONSABLE sont v\u00e9ridiques et s&rsquo;engage \u00e0 communiquer toute modification de celles-ci.<\/p><p>Le RESPONSABLE informe que toutes les donn\u00e9es demand\u00e9es via le site web sont obligatoires, car elles sont n\u00e9cessaires pour offrir un service optimal \u00e0 l&rsquo;UTILISATEUR. Si toutes les donn\u00e9es ne sont pas fournies, il n&rsquo;est pas garanti que les informations et services fournis r\u00e9pondent compl\u00e8tement \u00e0 vos besoins.<\/p><p><strong>3. MESURES DE S\u00c9CURIT\u00c9<\/strong><\/p><p>Conform\u00e9ment aux r\u00e9glementations en vigueur sur la protection des donn\u00e9es personnelles, le RESPONSABLE respecte toutes les dispositions des r\u00e9glementations GDPR et LOPDGDD pour le traitement des donn\u00e9es personnelles sous sa responsabilit\u00e9, et manifestement avec les principes d\u00e9crits dans l&rsquo;article 5 du GDPR, par lesquels elles sont trait\u00e9es de mani\u00e8re l\u00e9gale, loyale et transparente vis-\u00e0-vis de l&rsquo;int\u00e9ress\u00e9 et ad\u00e9quates, pertinentes et limit\u00e9es \u00e0 ce qui est n\u00e9cessaire par rapport aux finalit\u00e9s pour lesquelles elles sont trait\u00e9es.<\/p><p>Le RESPONSABLE garantit qu&rsquo;il a mis en \u0153uvre des politiques techniques et organisationnelles appropri\u00e9es pour appliquer les mesures de s\u00e9curit\u00e9 \u00e9tablies par le GDPR et le LOPDGDD afin de prot\u00e9ger les droits et libert\u00e9s des UTILISATEURS et leur a communiqu\u00e9 les informations ad\u00e9quates afin qu&rsquo;ils puissent les exercer.<\/p><p>Pour plus d&rsquo;informations sur les garanties de confidentialit\u00e9, vous pouvez contacter le RESPONSABLE via AUTO BOAT ROCA SL. Explanada del Puerto, s\/n &#8211; 07638 Colonia de Sant Jordi (Illes Balears). Email: rgpd@nauticacolonia.com<\/p>","protected":false},"excerpt":{"rendered":"<p>MENTIONS L\u00c9GALES. LOI SUR LES SERVICES DE LA SOCI\u00c9T\u00c9 DE L&rsquo;INFORMATION (LSSI) AUTO BOAT ROCA SL, responsable du site web, ci-apr\u00e8s LE RESPONSABLE, met \u00e0 disposition des utilisateurs le pr\u00e9sent document, qui vise \u00e0 se conformer aux obligations \u00e9tablies dans la Loi 34\/2002, du 11 juillet, sur les Services de la Soci\u00e9t\u00e9 de l&rsquo;Information et &#8230;<\/p>\n","protected":false},"author":1,"featured_media":0,"parent":0,"menu_order":0,"comment_status":"closed","ping_status":"closed","template":"","meta":{"inline_featured_image":false,"footnotes":""},"class_list":["post-10685","page","type-page","status-publish","hentry"],"yoast_head":"<!-- This site is optimized with the Yoast SEO plugin v24.7 - https:\/\/yoast.com\/wordpress\/plugins\/seo\/ -->\n<title>Mentions L\u00e9gales et Politique de Confidentialit\u00e9 - N\u00e1utica Colonia<\/title>\n<meta name=\"robots\" content=\"index, follow, max-snippet:-1, max-image-preview:large, max-video-preview:-1\" \/>\n<link rel=\"canonical\" href=\"https:\/\/nauticacolonia.com\/fr\/mentions-legales-et-politique-de-confidentialite\/\" \/>\n<meta property=\"og:locale\" content=\"fr_FR\" \/>\n<meta property=\"og:type\" content=\"article\" \/>\n<meta property=\"og:title\" content=\"Mentions L\u00e9gales et Politique de Confidentialit\u00e9 - N\u00e1utica Colonia\" \/>\n<meta property=\"og:description\" content=\"MENTIONS L\u00c9GALES. LOI SUR LES SERVICES DE LA SOCI\u00c9T\u00c9 DE L&rsquo;INFORMATION (LSSI) AUTO BOAT ROCA SL, responsable du site web, ci-apr\u00e8s LE RESPONSABLE, met \u00e0 disposition des utilisateurs le pr\u00e9sent document, qui vise \u00e0 se conformer aux obligations \u00e9tablies dans la Loi 34\/2002, du 11 juillet, sur les Services de la Soci\u00e9t\u00e9 de l&rsquo;Information et ...\" \/>\n<meta property=\"og:url\" content=\"https:\/\/nauticacolonia.com\/fr\/mentions-legales-et-politique-de-confidentialite\/\" \/>\n<meta property=\"og:site_name\" content=\"N\u00e1utica Colonia\" \/>\n<meta property=\"article:modified_time\" content=\"2024-03-19T08:09:04+00:00\" \/>\n<meta name=\"twitter:card\" content=\"summary_large_image\" \/>\n<meta name=\"twitter:label1\" content=\"Dur\u00e9e de lecture estim\u00e9e\" \/>\n\t<meta name=\"twitter:data1\" content=\"11 minutes\" \/>\n<script type=\"application\/ld+json\" class=\"yoast-schema-graph\">{\"@context\":\"https:\/\/schema.org\",\"@graph\":[{\"@type\":\"WebPage\",\"@id\":\"https:\/\/nauticacolonia.com\/fr\/mentions-legales-et-politique-de-confidentialite\/\",\"url\":\"https:\/\/nauticacolonia.com\/fr\/mentions-legales-et-politique-de-confidentialite\/\",\"name\":\"Mentions L\u00e9gales et Politique de Confidentialit\u00e9 - N\u00e1utica Colonia\",\"isPartOf\":{\"@id\":\"https:\/\/nauticacolonia.com\/fr\/#website\"},\"datePublished\":\"2024-02-29T12:50:05+00:00\",\"dateModified\":\"2024-03-19T08:09:04+00:00\",\"breadcrumb\":{\"@id\":\"https:\/\/nauticacolonia.com\/fr\/mentions-legales-et-politique-de-confidentialite\/#breadcrumb\"},\"inLanguage\":\"fr-FR\",\"potentialAction\":[{\"@type\":\"ReadAction\",\"target\":[\"https:\/\/nauticacolonia.com\/fr\/mentions-legales-et-politique-de-confidentialite\/\"]}]},{\"@type\":\"BreadcrumbList\",\"@id\":\"https:\/\/nauticacolonia.com\/fr\/mentions-legales-et-politique-de-confidentialite\/#breadcrumb\",\"itemListElement\":[{\"@type\":\"ListItem\",\"position\":1,\"name\":\"Portada\",\"item\":\"https:\/\/nauticacolonia.com\/fr\/\"},{\"@type\":\"ListItem\",\"position\":2,\"name\":\"Mentions L\u00e9gales et Politique de Confidentialit\u00e9\"}]},{\"@type\":\"WebSite\",\"@id\":\"https:\/\/nauticacolonia.com\/fr\/#website\",\"url\":\"https:\/\/nauticacolonia.com\/fr\/\",\"name\":\"N\u00e1utica Colonia\",\"description\":\"\",\"potentialAction\":[{\"@type\":\"SearchAction\",\"target\":{\"@type\":\"EntryPoint\",\"urlTemplate\":\"https:\/\/nauticacolonia.com\/fr\/?s={search_term_string}\"},\"query-input\":{\"@type\":\"PropertyValueSpecification\",\"valueRequired\":true,\"valueName\":\"search_term_string\"}}],\"inLanguage\":\"fr-FR\"}]}<\/script>\n<!-- \/ Yoast SEO plugin. -->","yoast_head_json":{"title":"Mentions L\u00e9gales et Politique de Confidentialit\u00e9 - N\u00e1utica Colonia","robots":{"index":"index","follow":"follow","max-snippet":"max-snippet:-1","max-image-preview":"max-image-preview:large","max-video-preview":"max-video-preview:-1"},"canonical":"https:\/\/nauticacolonia.com\/fr\/mentions-legales-et-politique-de-confidentialite\/","og_locale":"fr_FR","og_type":"article","og_title":"Mentions L\u00e9gales et Politique de Confidentialit\u00e9 - N\u00e1utica Colonia","og_description":"MENTIONS L\u00c9GALES. LOI SUR LES SERVICES DE LA SOCI\u00c9T\u00c9 DE L&rsquo;INFORMATION (LSSI) AUTO BOAT ROCA SL, responsable du site web, ci-apr\u00e8s LE RESPONSABLE, met \u00e0 disposition des utilisateurs le pr\u00e9sent document, qui vise \u00e0 se conformer aux obligations \u00e9tablies dans la Loi 34\/2002, du 11 juillet, sur les Services de la Soci\u00e9t\u00e9 de l&rsquo;Information et ...","og_url":"https:\/\/nauticacolonia.com\/fr\/mentions-legales-et-politique-de-confidentialite\/","og_site_name":"N\u00e1utica Colonia","article_modified_time":"2024-03-19T08:09:04+00:00","twitter_card":"summary_large_image","twitter_misc":{"Dur\u00e9e de lecture estim\u00e9e":"11 minutes"},"schema":{"@context":"https:\/\/schema.org","@graph":[{"@type":"WebPage","@id":"https:\/\/nauticacolonia.com\/fr\/mentions-legales-et-politique-de-confidentialite\/","url":"https:\/\/nauticacolonia.com\/fr\/mentions-legales-et-politique-de-confidentialite\/","name":"Mentions L\u00e9gales et Politique de Confidentialit\u00e9 - N\u00e1utica Colonia","isPartOf":{"@id":"https:\/\/nauticacolonia.com\/fr\/#website"},"datePublished":"2024-02-29T12:50:05+00:00","dateModified":"2024-03-19T08:09:04+00:00","breadcrumb":{"@id":"https:\/\/nauticacolonia.com\/fr\/mentions-legales-et-politique-de-confidentialite\/#breadcrumb"},"inLanguage":"fr-FR","potentialAction":[{"@type":"ReadAction","target":["https:\/\/nauticacolonia.com\/fr\/mentions-legales-et-politique-de-confidentialite\/"]}]},{"@type":"BreadcrumbList","@id":"https:\/\/nauticacolonia.com\/fr\/mentions-legales-et-politique-de-confidentialite\/#breadcrumb","itemListElement":[{"@type":"ListItem","position":1,"name":"Portada","item":"https:\/\/nauticacolonia.com\/fr\/"},{"@type":"ListItem","position":2,"name":"Mentions L\u00e9gales et Politique de Confidentialit\u00e9"}]},{"@type":"WebSite","@id":"https:\/\/nauticacolonia.com\/fr\/#website","url":"https:\/\/nauticacolonia.com\/fr\/","name":"N\u00e1utica Colonia","description":"","potentialAction":[{"@type":"SearchAction","target":{"@type":"EntryPoint","urlTemplate":"https:\/\/nauticacolonia.com\/fr\/?s={search_term_string}"},"query-input":{"@type":"PropertyValueSpecification","valueRequired":true,"valueName":"search_term_string"}}],"inLanguage":"fr-FR"}]}},"_links":{"self":[{"href":"https:\/\/nauticacolonia.com\/fr\/wp-json\/wp\/v2\/pages\/10685","targetHints":{"allow":["GET"]}}],"collection":[{"href":"https:\/\/nauticacolonia.com\/fr\/wp-json\/wp\/v2\/pages"}],"about":[{"href":"https:\/\/nauticacolonia.com\/fr\/wp-json\/wp\/v2\/types\/page"}],"author":[{"embeddable":true,"href":"https:\/\/nauticacolonia.com\/fr\/wp-json\/wp\/v2\/users\/1"}],"replies":[{"embeddable":true,"href":"https:\/\/nauticacolonia.com\/fr\/wp-json\/wp\/v2\/comments?post=10685"}],"version-history":[{"count":1,"href":"https:\/\/nauticacolonia.com\/fr\/wp-json\/wp\/v2\/pages\/10685\/revisions"}],"predecessor-version":[{"id":10686,"href":"https:\/\/nauticacolonia.com\/fr\/wp-json\/wp\/v2\/pages\/10685\/revisions\/10686"}],"wp:attachment":[{"href":"https:\/\/nauticacolonia.com\/fr\/wp-json\/wp\/v2\/media?parent=10685"}],"curies":[{"name":"wp","href":"https:\/\/api.w.org\/{rel}","templated":true}]}}