{"id":10711,"date":"2024-02-29T13:53:07","date_gmt":"2024-02-29T12:53:07","guid":{"rendered":"https:\/\/nauticacolonia2.aplicacionesinteligentes.es\/politique-des-cookies\/"},"modified":"2024-02-29T13:53:07","modified_gmt":"2024-02-29T12:53:07","slug":"politique-des-cookies","status":"publish","type":"page","link":"https:\/\/nauticacolonia.com\/fr\/politique-des-cookies\/","title":{"rendered":"Politique des cookies"},"content":{"rendered":"<div class=\"page-content-skeleton mobile-margin\">\n<section class=\"section-content margin-top-reduced\">\n<h2>POLITIQUE DES COOKIES<\/h2>\n<h2>Information sur les cookies<\/h2>\n<p>En raison de l&rsquo;entr\u00e9e en vigueur de la modification de la \u00ab\u00a0Loi sur les services de la soci\u00e9t\u00e9 de l&rsquo;information\u00a0\u00bb (LSSICE) \u00e9tablie par le d\u00e9cret royal 13\/2012, il est obligatoire d&rsquo;obtenir le consentement explicite de l&rsquo;utilisateur de tous les sites Web qui utilisent des cookies non essentiels, avant qu&rsquo;il ne navigue sur eux.<\/p>\n<\/section>\n<\/div>\n<div class=\"page-content-skeleton mobile-margin\">\n<section class=\"section-content margin-top-reduced\">\n<h3>Qu&rsquo;est-ce que les cookies ?<\/h3>\n<p>Les cookies et autres technologies similaires telles que les objets partag\u00e9s locaux, les cookies flash ou les pixels, sont des outils utilis\u00e9s par les serveurs Web pour stocker et r\u00e9cup\u00e9rer des informations sur leurs visiteurs, ainsi que pour assurer le bon fonctionnement du site.<\/p>\n<p>En utilisant ces dispositifs, le serveur Web peut se souvenir de certaines donn\u00e9es concernant l&rsquo;utilisateur, telles que ses pr\u00e9f\u00e9rences pour la visualisation des pages de ce serveur, son nom et son mot de passe, les produits qui l&rsquo;int\u00e9ressent le plus, etc.<\/p>\n<\/section>\n<\/div>\n<div class=\"page-content-skeleton mobile-margin\">\n<section class=\"section-content margin-top-reduced\">\n<h3>Cookies concern\u00e9s par la r\u00e9glementation et cookies exempt\u00e9s<\/h3>\n<p>Selon la directive de l&rsquo;UE, les cookies n\u00e9cessitant le consentement \u00e9clair\u00e9 de l&rsquo;utilisateur sont les cookies analytiques et les cookies publicitaires et d&rsquo;affiliation, \u00e0 l&rsquo;exception des cookies techniques et des cookies n\u00e9cessaires au fonctionnement du site Web ou \u00e0 la fourniture de services express\u00e9ment demand\u00e9s par l&rsquo;utilisateur.<\/p>\n<\/section>\n<\/div>\n<div class=\"page-content-skeleton mobile-margin\">\n<section class=\"section-content margin-top-reduced\">\n<h3>Types de cookies utilis\u00e9s sur ce site Web<\/h3>\n<p>EN FONCTION DE LA FINALIT\u00c9<\/p>\n<ul>\n<li>Cookies techniques et fonctionnels : ce sont ceux qui permettent \u00e0 l&rsquo;utilisateur de naviguer sur un site Web, une plateforme ou une application et d&rsquo;utiliser les diff\u00e9rentes options ou services qui y sont propos\u00e9s.<\/li>\n<li>Cookies analytiques : ce sont ceux qui permettent au responsable de les suivre et d&rsquo;analyser le comportement des utilisateurs des sites Web auxquels ils sont li\u00e9s. Les informations collect\u00e9es par ce type de cookies sont utilis\u00e9es pour mesurer l&rsquo;activit\u00e9 des sites Web, des applications ou des plates-formes et pour \u00e9laborer des profils de navigation des utilisateurs de ces sites, applications et plates-formes, afin d&rsquo;introduire des am\u00e9liorations en fonction de l&rsquo;analyse des donn\u00e9es d&rsquo;utilisation par les utilisateurs du service.<\/li>\n<li>Cookies publicitaires : ce sont ceux qui permettent une gestion aussi efficace que possible des espaces publicitaires inclus, le cas \u00e9ch\u00e9ant, par l&rsquo;\u00e9diteur sur un site Web, une application ou une plateforme \u00e0 partir de laquelle le service demand\u00e9 est fourni, sur la base de crit\u00e8res tels que le contenu \u00e9dit\u00e9 ou la fr\u00e9quence \u00e0 laquelle les annonces sont affich\u00e9es.<\/li>\n<li>Cookies de publicit\u00e9 comportementale : ils recueillent des informations sur les pr\u00e9f\u00e9rences et les choix personnels de l&rsquo;utilisateur (remarketing) pour permettre une gestion aussi efficace que possible des espaces publicitaires inclus, le cas \u00e9ch\u00e9ant, par l&rsquo;\u00e9diteur sur un site Web, une application ou une plateforme \u00e0 partir de laquelle le service demand\u00e9 est fourni.<\/li>\n<li>Cookies sociaux : ils sont \u00e9tablis par les plateformes de m\u00e9dias sociaux sur les services pour permettre le partage de contenu avec ses amis et ses r\u00e9seaux. Les plateformes de m\u00e9dias sociaux ont la capacit\u00e9 de suivre votre activit\u00e9 en ligne en dehors des services. Cela peut affecter le contenu et les messages que vous voyez sur d&rsquo;autres services que vous visitez.<\/li>\n<li>Cookies d&rsquo;affiliation : ils permettent de suivre les visites en provenance d&rsquo;autres sites Web avec lesquels le site Web \u00e9tablit un contrat d&rsquo;affiliation (entreprises d&rsquo;affiliation).<\/li>\n<li>Cookies de s\u00e9curit\u00e9 : ils stockent des informations chiffr\u00e9es pour emp\u00eacher les donn\u00e9es stock\u00e9es en eux d&rsquo;\u00eatre vuln\u00e9rables \u00e0 des attaques malveillantes de tiers.<\/li>\n<\/ul>\n<p>EN FONCTION DE LA PROPRI\u00c9T\u00c9<\/p>\n<ul>\n<li>Cookies propres : ce sont ceux qui sont envoy\u00e9s \u00e0 l&rsquo;\u00e9quipement terminal de l&rsquo;utilisateur \u00e0 partir d&rsquo;un \u00e9quipement ou d&rsquo;un domaine g\u00e9r\u00e9 par l&rsquo;\u00e9diteur lui-m\u00eame et \u00e0 partir duquel le service demand\u00e9 par l&rsquo;utilisateur est fourni.<\/li>\n<li>Cookies tiers : ce sont ceux qui sont envoy\u00e9s \u00e0 l&rsquo;\u00e9quipement terminal de l&rsquo;utilisateur \u00e0 partir d&rsquo;un \u00e9quipement ou d&rsquo;un domaine qui n&rsquo;est pas g\u00e9r\u00e9 par l&rsquo;\u00e9diteur, mais par une autre entit\u00e9 qui traite les donn\u00e9es obtenues par le biais des cookies.<\/li>\n<\/ul>\n<p>SELON LA DUR\u00c9E DE CONSERVATION<\/p>\n<ul>\n<li>Cookies de sesi\u00f3n: sont un type de cookies con\u00e7ues pour recueillir et stocker des donn\u00e9es pendant que l&rsquo;utilisateur acc\u00e8de \u00e0 un site Web.<\/li>\n<li>Cookies persistantes: sont un type de cookies dans lesquels les donn\u00e9es restent stock\u00e9es sur le terminal et peuvent \u00eatre consult\u00e9es et trait\u00e9es pendant une p\u00e9riode d\u00e9finie par le responsable du cookie, pouvant aller de quelques minutes \u00e0 plusieurs ann\u00e9es.<\/li>\n<\/ul>\n<\/section>\n<\/div>\n<div class=\"page-content-skeleton mobile-margin\">\n<section class=\"section-content margin-top-reduced\">\n<h3>Traitement des donn\u00e9es personnelles<\/h3>\n<p>AUTO BOAT ROCA SL est le responsable du traitement des donn\u00e9es personnelles de l&rsquo;int\u00e9ress\u00e9 et l&rsquo;informe que ces donn\u00e9es seront trait\u00e9es conform\u00e9ment aux dispositions du R\u00e8glement (UE) 2016\/679 du 27 avril 2016 (GDPR), et donc les informations suivantes sur le traitement sont fournies:<\/p>\n<p><b>Fins du traitement<\/b>: comme sp\u00e9cifi\u00e9 dans la section sur les cookies utilis\u00e9s sur ce site Web.<\/p>\n<p><b>Base l\u00e9gale du traitement<\/b>: consentement de la personne concern\u00e9e (art. 6.1 GDPR)<\/p>\n<p><b>Crit\u00e8res de conservation des donn\u00e9es<\/b>: comme sp\u00e9cifi\u00e9 dans la section sur les cookies utilis\u00e9s sur le site Web.<\/p>\n<p><b>Communication des donn\u00e9es<\/b>: les donn\u00e9es ne seront pas communiqu\u00e9es \u00e0 des tiers, sauf pour les cookies tiers ou en cas d&rsquo;obligation l\u00e9gale.<\/p>\n<p><b>Droits de l&rsquo;int\u00e9ress\u00e9:<\/b><\/p>\n<ul>\n<li>Droit de retirer son consentement \u00e0 tout moment.<\/li>\n<li>Droit d&rsquo;acc\u00e8s, de rectification, de portabilit\u00e9 et de suppression de ses donn\u00e9es, ainsi que de limitation ou d&rsquo;opposition \u00e0 leur traitement.<\/li>\n<li>Droit de d\u00e9poser une plainte aupr\u00e8s de l&rsquo;Autorit\u00e9 de contr\u00f4le (www.aepd.es) si le traitement ne respecte pas la r\u00e9glementation en vigueur.<\/li>\n<\/ul>\n<p><b>Coordonn\u00e9es pour exercer ses droits:<\/b><\/p>\n<p>AUTO BOAT ROCA SL. Explanada del Puerto, s\/n &#8211; 07638 Colonia de Sant Jordi (Illes Balears). Email: rgpd@nauticacolonia.com<\/p>\n<\/section>\n<\/div>\n<div class=\"page-content-skeleton mobile-margin\">\n<section class=\"section-content margin-top-reduced\">\n<h3>Cookies contr\u00f4l\u00e9es par l&rsquo;\u00e9diteur<\/h3>\n<p>Techniques et fonctionnelles<\/p>\n<div class=\"cookie-description\">\n<p><b>Propri\u00e9t\u00e9<\/b> : google.com<\/p>\n<p><b>Cookie:<\/b>CONSENT<\/p>\n<p><b>Finalit\u00e9<\/b> : Suivi du consentement aux cookies de Google<\/p>\n<p><b>Dur\u00e9e : 18 ans<\/b><\/p>\n<\/div>\n<div class=\"cookie-description\">\n<p><b>Propri\u00e9t\u00e9<\/b> : google.com<\/p>\n<p><b>Cookie:<\/b>SEARCH_SAMESITE<\/p>\n<p><b>Finalit\u00e9<\/b> : SameSite emp\u00eache le navigateur d&rsquo;envoyer ce cookie avec les demandes entre sites. Son objectif principal est de r\u00e9duire les risques de fuite d&rsquo;informations en provenance de sites tiers. Il offre \u00e9galement une certaine protection contre les attaques de falsification de demandes entre sites.<\/p>\n<p><b>Dur\u00e9e<\/b> : 4 mois<\/p>\n<\/div>\n<div class=\"cookie-description\">\n<p><b>Propri\u00e9t\u00e9<\/b> : google.com<\/p>\n<p><b>Cookie:<\/b>APISID<\/p>\n<p><b>Finalit\u00e9<\/b> : T\u00e9l\u00e9charger certains outils de Google et stocker certaines pr\u00e9f\u00e9rences, telles que le nombre de r\u00e9sultats de recherche par page ou l&rsquo;activation du filtre SafeSearch. Ajuste les annonces qui apparaissent dans la recherche Google.<\/p>\n<p><b>Dur\u00e9e : 7 mois<\/b><\/p>\n<\/div>\n<div class=\"cookie-description\">\n<p><b>Propri\u00e9t\u00e9<\/b> : google.com<\/p>\n<p><b>Cookie:<\/b>HSID<\/p>\n<p><b>Finalit\u00e9<\/b> : T\u00e9l\u00e9charger certains outils de Google et stocker certaines pr\u00e9f\u00e9rences, telles que le nombre de r\u00e9sultats de recherche par page ou l&rsquo;activation du filtre SafeSearch. Ajuste les annonces qui apparaissent dans la recherche Google.<\/p>\n<p><b>Dur\u00e9e : 7 mois<\/b><\/p>\n<\/div>\n<div class=\"cookie-description\">\n<p><b>Propri\u00e9t\u00e9<\/b> : google.com<\/p>\n<p><b>Cookie:<\/b>SID<\/p>\n<p><b>Finalit\u00e9<\/b> : T\u00e9l\u00e9charger certains outils de Google et stocker certaines pr\u00e9f\u00e9rences, telles que le nombre de r\u00e9sultats de recherche par page ou l&rsquo;activation du filtre SafeSearch. Ajuste les annonces qui apparaissent dans la recherche Google.<\/p>\n<p><b>Dur\u00e9e<\/b> : 2 ans<\/p>\n<\/div>\n<div class=\"cookie-description\">\n<p><b>Propri\u00e9t\u00e9<\/b> : google.com<\/p>\n<p><b>Cookie:<\/b>SIDCC<\/p>\n<p><b>Finalit\u00e9<\/b> : T\u00e9l\u00e9charger certains outils de Google et stocker certaines pr\u00e9f\u00e9rences, telles que le nombre de r\u00e9sultats de recherche par page ou l&rsquo;activation du filtre SafeSearch. Ajuste les annonces qui apparaissent dans la recherche Google.<\/p>\n<p><b>Dur\u00e9e<\/b> : 1 an<\/p>\n<\/div>\n<\/section>\n<\/div>\n<div class=\"page-content-skeleton mobile-margin\">\n<section class=\"section-content margin-top-reduced\">\n<h3>Cookies tiers non contr\u00f4l\u00e9es par l&rsquo;\u00e9diteur<\/h3>\n<p>Les services tiers \u00e9chappent au contr\u00f4le de l&rsquo;\u00e9diteur. Les fournisseurs peuvent modifier \u00e0 tout moment leurs conditions de service, leur objectif et leur utilisation des cookies, etc.<\/p>\n<p>Fournisseurs externes de ce site web :<\/p>\n<div class=\"cookie-description\">\n<p><b>\u00c9diteur<\/b> : Google<\/p>\n<p><b>Politique de confidentialit\u00e9<\/b> : https:\/\/privacy.google.com\/take-control.html<\/p>\n<\/div>\n<\/section>\n<\/div>\n<div class=\"page-content-skeleton mobile-margin\">\n<section class=\"section-content margin-top-reduced\">\n<h3>Comment g\u00e9rer les cookies depuis le navigateur<\/h3>\n<p><b>Supprimer les cookies de l&rsquo;appareil<\/b><\/p>\n<p>Les cookies d\u00e9j\u00e0 pr\u00e9sents sur un appareil peuvent \u00eatre supprim\u00e9s en effa\u00e7ant l&rsquo;historique du navigateur, ce qui supprime les cookies de tous les sites web visit\u00e9s. Cependant, une partie des informations sauvegard\u00e9es peut \u00e9galement \u00eatre perdue (par exemple, les donn\u00e9es de connexion ou les pr\u00e9f\u00e9rences du site web).<\/p>\n<p><b>G\u00e9rer les cookies sp\u00e9cifiques au site<\/b><\/p>\n<p>Pour un contr\u00f4le plus pr\u00e9cis des cookies sp\u00e9cifiques \u00e0 chaque site, les utilisateurs peuvent ajuster leurs param\u00e8tres de confidentialit\u00e9 et de cookies dans le navigateur.<\/p>\n<p><b>Bloquer les cookies<\/b><\/p>\n<p>Bien que la plupart des navigateurs modernes puissent \u00eatre configur\u00e9s pour emp\u00eacher l&rsquo;installation de cookies sur les appareils, cela peut n\u00e9cessiter le r\u00e9glage manuel de certaines pr\u00e9f\u00e9rences \u00e0 chaque visite d&rsquo;un site ou d&rsquo;une page. De plus, certains services et fonctionnalit\u00e9s peuvent ne pas fonctionner correctement (par exemple, les connexions avec profil).<\/p>\n<p><b>COMMENT SUPPRIMER LES COOKIES DES NAVIGATEURS LES PLUS COURANTS<\/b><\/p>\n<p><b>Chrome<\/b><\/p>\n<p>http:\/\/support.google.com\/chrome\/answer\/95647?hl=es<\/p>\n<p><b>Internet Explorer. Version 11<\/b><\/p>\n<p>https:\/\/support.microsoft.com\/es-es\/help\/278835\/how-to-delete-cookie-files-in-internet-explorer<\/p>\n<p><b>Firefox. Version 65.0.1<\/b><\/p>\n<p>https:\/\/www.mozilla.org\/es-ES\/privacy\/websites\/#cookies<\/p>\n<p><b>Safari Version 5.1<\/b><\/p>\n<p>https:\/\/support.apple.com\/es-es\/guide\/safari\/sfri11471\/mac<\/p>\n<p><b>Opera<\/b><\/p>\n<p>https:\/\/help.opera.com\/en\/latest\/security-and-privacy\/#clearBrowsingData<\/p>\n<\/section>\n<\/div>\n","protected":false},"excerpt":{"rendered":"<p>POLITIQUE DES COOKIES Information sur les cookies En raison de l&rsquo;entr\u00e9e en vigueur de la modification de la \u00ab\u00a0Loi sur les services de la soci\u00e9t\u00e9 de l&rsquo;information\u00a0\u00bb (LSSICE) \u00e9tablie par le d\u00e9cret royal 13\/2012, il est obligatoire d&rsquo;obtenir le consentement explicite de l&rsquo;utilisateur de tous les sites Web qui utilisent des cookies non essentiels, avant &#8230;<\/p>\n","protected":false},"author":1,"featured_media":0,"parent":0,"menu_order":0,"comment_status":"closed","ping_status":"closed","template":"","meta":{"inline_featured_image":false,"footnotes":""},"class_list":["post-10711","page","type-page","status-publish","hentry"],"yoast_head":"<!-- This site is optimized with the Yoast SEO plugin v24.7 - https:\/\/yoast.com\/wordpress\/plugins\/seo\/ -->\n<title>Politique des cookies - N\u00e1utica Colonia<\/title>\n<meta name=\"robots\" content=\"index, follow, max-snippet:-1, max-image-preview:large, max-video-preview:-1\" \/>\n<link rel=\"canonical\" href=\"https:\/\/nauticacolonia.com\/fr\/politique-des-cookies\/\" \/>\n<meta property=\"og:locale\" content=\"fr_FR\" \/>\n<meta property=\"og:type\" content=\"article\" \/>\n<meta property=\"og:title\" content=\"Politique des cookies - N\u00e1utica Colonia\" \/>\n<meta property=\"og:description\" content=\"POLITIQUE DES COOKIES Information sur les cookies En raison de l&rsquo;entr\u00e9e en vigueur de la modification de la \u00ab\u00a0Loi sur les services de la soci\u00e9t\u00e9 de l&rsquo;information\u00a0\u00bb (LSSICE) \u00e9tablie par le d\u00e9cret royal 13\/2012, il est obligatoire d&rsquo;obtenir le consentement explicite de l&rsquo;utilisateur de tous les sites Web qui utilisent des cookies non essentiels, avant ...\" \/>\n<meta property=\"og:url\" content=\"https:\/\/nauticacolonia.com\/fr\/politique-des-cookies\/\" \/>\n<meta property=\"og:site_name\" content=\"N\u00e1utica Colonia\" \/>\n<meta name=\"twitter:card\" content=\"summary_large_image\" \/>\n<meta name=\"twitter:label1\" content=\"Dur\u00e9e de lecture estim\u00e9e\" \/>\n\t<meta name=\"twitter:data1\" content=\"8 minutes\" \/>\n<script type=\"application\/ld+json\" class=\"yoast-schema-graph\">{\"@context\":\"https:\/\/schema.org\",\"@graph\":[{\"@type\":\"WebPage\",\"@id\":\"https:\/\/nauticacolonia.com\/fr\/politique-des-cookies\/\",\"url\":\"https:\/\/nauticacolonia.com\/fr\/politique-des-cookies\/\",\"name\":\"Politique des cookies - N\u00e1utica Colonia\",\"isPartOf\":{\"@id\":\"https:\/\/nauticacolonia.com\/fr\/#website\"},\"datePublished\":\"2024-02-29T12:53:07+00:00\",\"breadcrumb\":{\"@id\":\"https:\/\/nauticacolonia.com\/fr\/politique-des-cookies\/#breadcrumb\"},\"inLanguage\":\"fr-FR\",\"potentialAction\":[{\"@type\":\"ReadAction\",\"target\":[\"https:\/\/nauticacolonia.com\/fr\/politique-des-cookies\/\"]}]},{\"@type\":\"BreadcrumbList\",\"@id\":\"https:\/\/nauticacolonia.com\/fr\/politique-des-cookies\/#breadcrumb\",\"itemListElement\":[{\"@type\":\"ListItem\",\"position\":1,\"name\":\"Portada\",\"item\":\"https:\/\/nauticacolonia.com\/fr\/\"},{\"@type\":\"ListItem\",\"position\":2,\"name\":\"Politique des cookies\"}]},{\"@type\":\"WebSite\",\"@id\":\"https:\/\/nauticacolonia.com\/fr\/#website\",\"url\":\"https:\/\/nauticacolonia.com\/fr\/\",\"name\":\"N\u00e1utica Colonia\",\"description\":\"\",\"potentialAction\":[{\"@type\":\"SearchAction\",\"target\":{\"@type\":\"EntryPoint\",\"urlTemplate\":\"https:\/\/nauticacolonia.com\/fr\/?s={search_term_string}\"},\"query-input\":{\"@type\":\"PropertyValueSpecification\",\"valueRequired\":true,\"valueName\":\"search_term_string\"}}],\"inLanguage\":\"fr-FR\"}]}<\/script>\n<!-- \/ Yoast SEO plugin. -->","yoast_head_json":{"title":"Politique des cookies - N\u00e1utica Colonia","robots":{"index":"index","follow":"follow","max-snippet":"max-snippet:-1","max-image-preview":"max-image-preview:large","max-video-preview":"max-video-preview:-1"},"canonical":"https:\/\/nauticacolonia.com\/fr\/politique-des-cookies\/","og_locale":"fr_FR","og_type":"article","og_title":"Politique des cookies - N\u00e1utica Colonia","og_description":"POLITIQUE DES COOKIES Information sur les cookies En raison de l&rsquo;entr\u00e9e en vigueur de la modification de la \u00ab\u00a0Loi sur les services de la soci\u00e9t\u00e9 de l&rsquo;information\u00a0\u00bb (LSSICE) \u00e9tablie par le d\u00e9cret royal 13\/2012, il est obligatoire d&rsquo;obtenir le consentement explicite de l&rsquo;utilisateur de tous les sites Web qui utilisent des cookies non essentiels, avant ...","og_url":"https:\/\/nauticacolonia.com\/fr\/politique-des-cookies\/","og_site_name":"N\u00e1utica Colonia","twitter_card":"summary_large_image","twitter_misc":{"Dur\u00e9e de lecture estim\u00e9e":"8 minutes"},"schema":{"@context":"https:\/\/schema.org","@graph":[{"@type":"WebPage","@id":"https:\/\/nauticacolonia.com\/fr\/politique-des-cookies\/","url":"https:\/\/nauticacolonia.com\/fr\/politique-des-cookies\/","name":"Politique des cookies - N\u00e1utica Colonia","isPartOf":{"@id":"https:\/\/nauticacolonia.com\/fr\/#website"},"datePublished":"2024-02-29T12:53:07+00:00","breadcrumb":{"@id":"https:\/\/nauticacolonia.com\/fr\/politique-des-cookies\/#breadcrumb"},"inLanguage":"fr-FR","potentialAction":[{"@type":"ReadAction","target":["https:\/\/nauticacolonia.com\/fr\/politique-des-cookies\/"]}]},{"@type":"BreadcrumbList","@id":"https:\/\/nauticacolonia.com\/fr\/politique-des-cookies\/#breadcrumb","itemListElement":[{"@type":"ListItem","position":1,"name":"Portada","item":"https:\/\/nauticacolonia.com\/fr\/"},{"@type":"ListItem","position":2,"name":"Politique des cookies"}]},{"@type":"WebSite","@id":"https:\/\/nauticacolonia.com\/fr\/#website","url":"https:\/\/nauticacolonia.com\/fr\/","name":"N\u00e1utica Colonia","description":"","potentialAction":[{"@type":"SearchAction","target":{"@type":"EntryPoint","urlTemplate":"https:\/\/nauticacolonia.com\/fr\/?s={search_term_string}"},"query-input":{"@type":"PropertyValueSpecification","valueRequired":true,"valueName":"search_term_string"}}],"inLanguage":"fr-FR"}]}},"_links":{"self":[{"href":"https:\/\/nauticacolonia.com\/fr\/wp-json\/wp\/v2\/pages\/10711","targetHints":{"allow":["GET"]}}],"collection":[{"href":"https:\/\/nauticacolonia.com\/fr\/wp-json\/wp\/v2\/pages"}],"about":[{"href":"https:\/\/nauticacolonia.com\/fr\/wp-json\/wp\/v2\/types\/page"}],"author":[{"embeddable":true,"href":"https:\/\/nauticacolonia.com\/fr\/wp-json\/wp\/v2\/users\/1"}],"replies":[{"embeddable":true,"href":"https:\/\/nauticacolonia.com\/fr\/wp-json\/wp\/v2\/comments?post=10711"}],"version-history":[{"count":0,"href":"https:\/\/nauticacolonia.com\/fr\/wp-json\/wp\/v2\/pages\/10711\/revisions"}],"wp:attachment":[{"href":"https:\/\/nauticacolonia.com\/fr\/wp-json\/wp\/v2\/media?parent=10711"}],"curies":[{"name":"wp","href":"https:\/\/api.w.org\/{rel}","templated":true}]}}