{"id":11808,"date":"2024-03-25T11:22:31","date_gmt":"2024-03-25T10:22:31","guid":{"rendered":"https:\/\/nauticacolonia2.aplicacionesinteligentes.es\/producto\/masque-de-plongee-integral\/"},"modified":"2024-03-25T11:22:31","modified_gmt":"2024-03-25T10:22:31","slug":"masque-de-plongee-integral","status":"publish","type":"product","link":"https:\/\/nauticacolonia.com\/fr\/producto\/masque-de-plongee-integral\/","title":{"rendered":"Masque de plong\u00e9e int\u00e9gral"},"content":{"rendered":"","protected":false},"excerpt":{"rendered":"","protected":false},"featured_media":5062,"comment_status":"open","ping_status":"closed","template":"","meta":{"inline_featured_image":false},"product_brand":[],"product_cat":[189],"product_tag":[],"class_list":{"0":"post-11808","1":"product","2":"type-product","3":"status-publish","4":"has-post-thumbnail","6":"product_cat-extras-fr","8":"first","9":"instock","10":"virtual","11":"purchasable","12":"product-type-simple"},"yoast_head":"<!-- This site is optimized with the Yoast SEO plugin v24.7 - https:\/\/yoast.com\/wordpress\/plugins\/seo\/ -->\n<title>Masque de plong\u00e9e int\u00e9gral - N\u00e1utica Colonia<\/title>\n<meta name=\"robots\" content=\"index, follow, max-snippet:-1, max-image-preview:large, max-video-preview:-1\" \/>\n<link rel=\"canonical\" href=\"https:\/\/nauticacolonia.com\/fr\/producto\/masque-de-plongee-integral\/\" \/>\n<meta property=\"og:locale\" content=\"fr_FR\" \/>\n<meta property=\"og:type\" content=\"article\" \/>\n<meta property=\"og:title\" content=\"Masque de plong\u00e9e int\u00e9gral - N\u00e1utica Colonia\" \/>\n<meta property=\"og:url\" content=\"https:\/\/nauticacolonia.com\/fr\/producto\/masque-de-plongee-integral\/\" \/>\n<meta property=\"og:site_name\" content=\"N\u00e1utica Colonia\" \/>\n<meta property=\"og:image\" content=\"https:\/\/nauticacolonia.com\/wp-content\/uploads\/2024\/03\/fullmask.webp\" \/>\n\t<meta property=\"og:image:width\" content=\"800\" \/>\n\t<meta property=\"og:image:height\" content=\"800\" \/>\n\t<meta property=\"og:image:type\" content=\"image\/webp\" \/>\n<meta name=\"twitter:card\" content=\"summary_large_image\" \/>\n<script type=\"application\/ld+json\" class=\"yoast-schema-graph\">{\"@context\":\"https:\/\/schema.org\",\"@graph\":[{\"@type\":\"WebPage\",\"@id\":\"https:\/\/nauticacolonia.com\/fr\/producto\/masque-de-plongee-integral\/\",\"url\":\"https:\/\/nauticacolonia.com\/fr\/producto\/masque-de-plongee-integral\/\",\"name\":\"Masque de plong\u00e9e int\u00e9gral - N\u00e1utica Colonia\",\"isPartOf\":{\"@id\":\"https:\/\/nauticacolonia.com\/fr\/#website\"},\"primaryImageOfPage\":{\"@id\":\"https:\/\/nauticacolonia.com\/fr\/producto\/masque-de-plongee-integral\/#primaryimage\"},\"image\":{\"@id\":\"https:\/\/nauticacolonia.com\/fr\/producto\/masque-de-plongee-integral\/#primaryimage\"},\"thumbnailUrl\":\"https:\/\/nauticacolonia.com\/wp-content\/uploads\/2024\/03\/fullmask.webp\",\"datePublished\":\"2024-03-25T10:22:31+00:00\",\"breadcrumb\":{\"@id\":\"https:\/\/nauticacolonia.com\/fr\/producto\/masque-de-plongee-integral\/#breadcrumb\"},\"inLanguage\":\"fr-FR\",\"potentialAction\":[{\"@type\":\"ReadAction\",\"target\":[\"https:\/\/nauticacolonia.com\/fr\/producto\/masque-de-plongee-integral\/\"]}]},{\"@type\":\"ImageObject\",\"inLanguage\":\"fr-FR\",\"@id\":\"https:\/\/nauticacolonia.com\/fr\/producto\/masque-de-plongee-integral\/#primaryimage\",\"url\":\"https:\/\/nauticacolonia.com\/wp-content\/uploads\/2024\/03\/fullmask.webp\",\"contentUrl\":\"https:\/\/nauticacolonia.com\/wp-content\/uploads\/2024\/03\/fullmask.webp\",\"width\":800,\"height\":800},{\"@type\":\"BreadcrumbList\",\"@id\":\"https:\/\/nauticacolonia.com\/fr\/producto\/masque-de-plongee-integral\/#breadcrumb\",\"itemListElement\":[{\"@type\":\"ListItem\",\"position\":1,\"name\":\"Portada\",\"item\":\"https:\/\/nauticacolonia.com\/fr\/\"},{\"@type\":\"ListItem\",\"position\":2,\"name\":\"Masque de plong\u00e9e int\u00e9gral\"}]},{\"@type\":\"WebSite\",\"@id\":\"https:\/\/nauticacolonia.com\/fr\/#website\",\"url\":\"https:\/\/nauticacolonia.com\/fr\/\",\"name\":\"N\u00e1utica Colonia\",\"description\":\"\",\"potentialAction\":[{\"@type\":\"SearchAction\",\"target\":{\"@type\":\"EntryPoint\",\"urlTemplate\":\"https:\/\/nauticacolonia.com\/fr\/?s={search_term_string}\"},\"query-input\":{\"@type\":\"PropertyValueSpecification\",\"valueRequired\":true,\"valueName\":\"search_term_string\"}}],\"inLanguage\":\"fr-FR\"}]}<\/script>\n<!-- \/ Yoast SEO plugin. -->","yoast_head_json":{"title":"Masque de plong\u00e9e int\u00e9gral - N\u00e1utica Colonia","robots":{"index":"index","follow":"follow","max-snippet":"max-snippet:-1","max-image-preview":"max-image-preview:large","max-video-preview":"max-video-preview:-1"},"canonical":"https:\/\/nauticacolonia.com\/fr\/producto\/masque-de-plongee-integral\/","og_locale":"fr_FR","og_type":"article","og_title":"Masque de plong\u00e9e int\u00e9gral - N\u00e1utica Colonia","og_url":"https:\/\/nauticacolonia.com\/fr\/producto\/masque-de-plongee-integral\/","og_site_name":"N\u00e1utica Colonia","og_image":[{"width":800,"height":800,"url":"https:\/\/nauticacolonia.com\/wp-content\/uploads\/2024\/03\/fullmask.webp","type":"image\/webp"}],"twitter_card":"summary_large_image","schema":{"@context":"https:\/\/schema.org","@graph":[{"@type":"WebPage","@id":"https:\/\/nauticacolonia.com\/fr\/producto\/masque-de-plongee-integral\/","url":"https:\/\/nauticacolonia.com\/fr\/producto\/masque-de-plongee-integral\/","name":"Masque de plong\u00e9e int\u00e9gral - N\u00e1utica Colonia","isPartOf":{"@id":"https:\/\/nauticacolonia.com\/fr\/#website"},"primaryImageOfPage":{"@id":"https:\/\/nauticacolonia.com\/fr\/producto\/masque-de-plongee-integral\/#primaryimage"},"image":{"@id":"https:\/\/nauticacolonia.com\/fr\/producto\/masque-de-plongee-integral\/#primaryimage"},"thumbnailUrl":"https:\/\/nauticacolonia.com\/wp-content\/uploads\/2024\/03\/fullmask.webp","datePublished":"2024-03-25T10:22:31+00:00","breadcrumb":{"@id":"https:\/\/nauticacolonia.com\/fr\/producto\/masque-de-plongee-integral\/#breadcrumb"},"inLanguage":"fr-FR","potentialAction":[{"@type":"ReadAction","target":["https:\/\/nauticacolonia.com\/fr\/producto\/masque-de-plongee-integral\/"]}]},{"@type":"ImageObject","inLanguage":"fr-FR","@id":"https:\/\/nauticacolonia.com\/fr\/producto\/masque-de-plongee-integral\/#primaryimage","url":"https:\/\/nauticacolonia.com\/wp-content\/uploads\/2024\/03\/fullmask.webp","contentUrl":"https:\/\/nauticacolonia.com\/wp-content\/uploads\/2024\/03\/fullmask.webp","width":800,"height":800},{"@type":"BreadcrumbList","@id":"https:\/\/nauticacolonia.com\/fr\/producto\/masque-de-plongee-integral\/#breadcrumb","itemListElement":[{"@type":"ListItem","position":1,"name":"Portada","item":"https:\/\/nauticacolonia.com\/fr\/"},{"@type":"ListItem","position":2,"name":"Masque de plong\u00e9e int\u00e9gral"}]},{"@type":"WebSite","@id":"https:\/\/nauticacolonia.com\/fr\/#website","url":"https:\/\/nauticacolonia.com\/fr\/","name":"N\u00e1utica Colonia","description":"","potentialAction":[{"@type":"SearchAction","target":{"@type":"EntryPoint","urlTemplate":"https:\/\/nauticacolonia.com\/fr\/?s={search_term_string}"},"query-input":{"@type":"PropertyValueSpecification","valueRequired":true,"valueName":"search_term_string"}}],"inLanguage":"fr-FR"}]}},"_links":{"self":[{"href":"https:\/\/nauticacolonia.com\/fr\/wp-json\/wp\/v2\/product\/11808","targetHints":{"allow":["GET"]}}],"collection":[{"href":"https:\/\/nauticacolonia.com\/fr\/wp-json\/wp\/v2\/product"}],"about":[{"href":"https:\/\/nauticacolonia.com\/fr\/wp-json\/wp\/v2\/types\/product"}],"replies":[{"embeddable":true,"href":"https:\/\/nauticacolonia.com\/fr\/wp-json\/wp\/v2\/comments?post=11808"}],"wp:featuredmedia":[{"embeddable":true,"href":"https:\/\/nauticacolonia.com\/fr\/wp-json\/wp\/v2\/media\/5062"}],"wp:attachment":[{"href":"https:\/\/nauticacolonia.com\/fr\/wp-json\/wp\/v2\/media?parent=11808"}],"wp:term":[{"taxonomy":"product_brand","embeddable":true,"href":"https:\/\/nauticacolonia.com\/fr\/wp-json\/wp\/v2\/product_brand?post=11808"},{"taxonomy":"product_cat","embeddable":true,"href":"https:\/\/nauticacolonia.com\/fr\/wp-json\/wp\/v2\/product_cat?post=11808"},{"taxonomy":"product_tag","embeddable":true,"href":"https:\/\/nauticacolonia.com\/fr\/wp-json\/wp\/v2\/product_tag?post=11808"}],"curies":[{"name":"wp","href":"https:\/\/api.w.org\/{rel}","templated":true}]}}